{"id":97,"date":"2016-08-18T17:33:50","date_gmt":"2016-08-18T17:33:50","guid":{"rendered":"http:\/\/s137740124.online.de\/?page_id=97"},"modified":"2020-02-13T08:56:47","modified_gmt":"2020-02-13T08:56:47","slug":"neuzeit","status":"publish","type":"page","link":"https:\/\/www.3p-event.de\/?page_id=97","title":{"rendered":"Neuzeit"},"content":{"rendered":"<p>Die Neuzeit bietet vielf\u00e4ltige M\u00f6glichkeiten f\u00fcr Living History im Museum.<\/p>\n<h6>Revolutionen: Industrialisierung, Vorm\u00e4rz und die Frage nach Einheit und Freiheit<\/h6>\n<figure id=\"attachment_155\" aria-describedby=\"caption-attachment-155\" style=\"width: 200px\" class=\"wp-caption alignleft\"><img loading=\"lazy\" decoding=\"async\" class=\"wp-image-155 size-full\" src=\"https:\/\/www.3p-event.de\/wp-content\/uploads\/2016\/08\/Melanie_Oliver.jpg\" alt=\"Als das Rheinland franz\u00f6sisch war: ein B\u00fcrgerpaar in der Sommerfrische\" width=\"200\" height=\"300\" \/><figcaption id=\"caption-attachment-155\" class=\"wp-caption-text\">Als das Rheinland franz\u00f6sisch war: ein B\u00fcrgerpaar in der Sommerfrische<\/figcaption><\/figure>\n<p>Mit uns entf\u00fchren B\u00fcrger, Bauern und Soldaten &#8211; und nat\u00fcrlich auch der alte und der neue Adel &#8211; Ihre Besucher in die Wirren der franz\u00f6sischen Revolution und der Revolutionskriege. Sie laden Ihr Publikum ein in die Debattierstuben der b\u00fcrgerlichen Gesellschaft in Restauration und Vorm\u00e4rz. Die Arbeitsbedingungen in der Fr\u00fchindustrialisierung k\u00f6nnen bei dieser Veranstaltung ebenso eine Rolle spielen wie die Fragen nach Einheit und Freiheit des deutschen Volkes.<\/p>\n<h6>Der Gro\u00dfe Krieg und die Roaring Twenties<\/h6>\n<figure id=\"attachment_98\" aria-describedby=\"caption-attachment-98\" style=\"width: 71px\" class=\"wp-caption alignright\"><img loading=\"lazy\" decoding=\"async\" class=\"wp-image-98 size-full\" src=\"https:\/\/www.3p-event.de\/wp-content\/uploads\/2016\/08\/bini_1914_freigestellt.png\" alt=\"Der Chic der fr\u00fchen 20er Jahre\" width=\"71\" height=\"224\" \/><figcaption id=\"caption-attachment-98\" class=\"wp-caption-text\">Der Chic der fr\u00fchen 20er Jahre<\/figcaption><\/figure>\n<p>Oder wie w\u00e4re es mit einem Event zu den Geburtswehen der ersten deutschen Republik? Die Schrecken des \u00fcberstandenen Krieges, Revanchismus, R\u00e4te oder Parlament, das Frauenwahlrecht und die Last des Versailler Vertrages k\u00f6nnten dabei unsere Themen in Ihrem Museum sein. Oder wie w\u00e4re es mit Dada und dem Surrealismus?<\/p>\n<p>Einzeln oder in einer kleinen Gruppe vermitteln wir das Lebensgef\u00fchl der Menschen im &#8222;langen 19.&#8220; und im fr\u00fchen 20. Jahrhundert.<\/p>\n","protected":false},"excerpt":{"rendered":"<p>Die Neuzeit bietet vielf\u00e4ltige M\u00f6glichkeiten f\u00fcr Living History im Museum. Revolutionen: Industrialisierung, Vorm\u00e4rz und die Frage nach Einheit und Freiheit Mit uns entf\u00fchren B\u00fcrger, Bauern und Soldaten &#8211; und nat\u00fcrlich auch der alte und der neue Adel &#8211; Ihre Besucher in die Wirren der franz\u00f6sischen Revolution und der Revolutionskriege. Sie laden Ihr Publikum ein in &hellip; <a href=\"https:\/\/www.3p-event.de\/?page_id=97\" class=\"more-link\"><span class=\"screen-reader-text\">Neuzeit<\/span> weiterlesen <span class=\"meta-nav\">&rarr;<\/span><\/a><\/p>\n","protected":false},"author":1,"featured_media":0,"parent":55,"menu_order":3,"comment_status":"closed","ping_status":"closed","template":"","meta":{"footnotes":""},"class_list":["post-97","page","type-page","status-publish","hentry"],"yoast_head":"<!-- This site is optimized with the Yoast SEO plugin v27.5 - https:\/\/yoast.com\/product\/yoast-seo-wordpress\/ -->\n<title>Neuzeit - Past Present Promotions<\/title>\n<meta name=\"robots\" content=\"index, follow, max-snippet:-1, max-image-preview:large, max-video-preview:-1\" \/>\n<link rel=\"canonical\" href=\"https:\/\/www.3p-event.de\/?page_id=97\" \/>\n<meta property=\"og:locale\" content=\"de_DE\" \/>\n<meta property=\"og:type\" content=\"article\" \/>\n<meta property=\"og:title\" content=\"Neuzeit - Past Present Promotions\" \/>\n<meta property=\"og:description\" content=\"Die Neuzeit bietet vielf\u00e4ltige M\u00f6glichkeiten f\u00fcr Living History im Museum. Revolutionen: Industrialisierung, Vorm\u00e4rz und die Frage nach Einheit und Freiheit Mit uns entf\u00fchren B\u00fcrger, Bauern und Soldaten &#8211; und nat\u00fcrlich auch der alte und der neue Adel &#8211; Ihre Besucher in die Wirren der franz\u00f6sischen Revolution und der Revolutionskriege. Sie laden Ihr Publikum ein in &hellip; Neuzeit weiterlesen &rarr;\" \/>\n<meta property=\"og:url\" content=\"https:\/\/www.3p-event.de\/?page_id=97\" \/>\n<meta property=\"og:site_name\" content=\"Past Present Promotions\" \/>\n<meta property=\"article:publisher\" content=\"https:\/\/www.facebook.com\/PastPresentPromotions\" \/>\n<meta property=\"article:modified_time\" content=\"2020-02-13T08:56:47+00:00\" \/>\n<meta property=\"og:image\" content=\"https:\/\/www.3p-event.de\/wp-content\/uploads\/2016\/08\/Melanie_Oliver.jpg\" \/>\n<meta name=\"twitter:card\" content=\"summary_large_image\" \/>\n<meta name=\"twitter:label1\" content=\"Gesch\u00e4tzte Lesezeit\" \/>\n\t<meta name=\"twitter:data1\" content=\"1\u00a0Minute\" \/>\n<script type=\"application\/ld+json\" class=\"yoast-schema-graph\">{\"@context\":\"https:\\\/\\\/schema.org\",\"@graph\":[{\"@type\":\"WebPage\",\"@id\":\"https:\\\/\\\/www.3p-event.de\\\/?page_id=97\",\"url\":\"https:\\\/\\\/www.3p-event.de\\\/?page_id=97\",\"name\":\"Neuzeit - Past Present Promotions\",\"isPartOf\":{\"@id\":\"https:\\\/\\\/www.3p-event.de\\\/#website\"},\"primaryImageOfPage\":{\"@id\":\"https:\\\/\\\/www.3p-event.de\\\/?page_id=97#primaryimage\"},\"image\":{\"@id\":\"https:\\\/\\\/www.3p-event.de\\\/?page_id=97#primaryimage\"},\"thumbnailUrl\":\"https:\\\/\\\/www.3p-event.de\\\/wp-content\\\/uploads\\\/2016\\\/08\\\/Melanie_Oliver.jpg\",\"datePublished\":\"2016-08-18T17:33:50+00:00\",\"dateModified\":\"2020-02-13T08:56:47+00:00\",\"breadcrumb\":{\"@id\":\"https:\\\/\\\/www.3p-event.de\\\/?page_id=97#breadcrumb\"},\"inLanguage\":\"de\",\"potentialAction\":[{\"@type\":\"ReadAction\",\"target\":[\"https:\\\/\\\/www.3p-event.de\\\/?page_id=97\"]}]},{\"@type\":\"ImageObject\",\"inLanguage\":\"de\",\"@id\":\"https:\\\/\\\/www.3p-event.de\\\/?page_id=97#primaryimage\",\"url\":\"https:\\\/\\\/www.3p-event.de\\\/wp-content\\\/uploads\\\/2016\\\/08\\\/Melanie_Oliver.jpg\",\"contentUrl\":\"https:\\\/\\\/www.3p-event.de\\\/wp-content\\\/uploads\\\/2016\\\/08\\\/Melanie_Oliver.jpg\",\"width\":200,\"height\":300,\"caption\":\"Als das Rheinland franz\u00f6sisch war: ein B\u00fcrgerpaar in der Sommerfrische\"},{\"@type\":\"BreadcrumbList\",\"@id\":\"https:\\\/\\\/www.3p-event.de\\\/?page_id=97#breadcrumb\",\"itemListElement\":[{\"@type\":\"ListItem\",\"position\":1,\"name\":\"Startseite\",\"item\":\"https:\\\/\\\/www.3p-event.de\\\/\"},{\"@type\":\"ListItem\",\"position\":2,\"name\":\"Im Museum\",\"item\":\"https:\\\/\\\/www.3p-event.de\\\/?page_id=51\"},{\"@type\":\"ListItem\",\"position\":3,\"name\":\"Museumsf\u00fchrungen als Erlebnis\",\"item\":\"https:\\\/\\\/www.3p-event.de\\\/?page_id=55\"},{\"@type\":\"ListItem\",\"position\":4,\"name\":\"Neuzeit\"}]},{\"@type\":\"WebSite\",\"@id\":\"https:\\\/\\\/www.3p-event.de\\\/#website\",\"url\":\"https:\\\/\\\/www.3p-event.de\\\/\",\"name\":\"Past Present Promotions\",\"description\":\"Historische Interpretationen\",\"publisher\":{\"@id\":\"https:\\\/\\\/www.3p-event.de\\\/#organization\"},\"potentialAction\":[{\"@type\":\"SearchAction\",\"target\":{\"@type\":\"EntryPoint\",\"urlTemplate\":\"https:\\\/\\\/www.3p-event.de\\\/?s={search_term_string}\"},\"query-input\":{\"@type\":\"PropertyValueSpecification\",\"valueRequired\":true,\"valueName\":\"search_term_string\"}}],\"inLanguage\":\"de\"},{\"@type\":\"Organization\",\"@id\":\"https:\\\/\\\/www.3p-event.de\\\/#organization\",\"name\":\"Past Present Promotions GbR\",\"url\":\"https:\\\/\\\/www.3p-event.de\\\/\",\"logo\":{\"@type\":\"ImageObject\",\"inLanguage\":\"de\",\"@id\":\"https:\\\/\\\/www.3p-event.de\\\/#\\\/schema\\\/logo\\\/image\\\/\",\"url\":\"https:\\\/\\\/www.3p-event.de\\\/wp-content\\\/uploads\\\/2016\\\/08\\\/logo_wp_blau_gross.gif\",\"contentUrl\":\"https:\\\/\\\/www.3p-event.de\\\/wp-content\\\/uploads\\\/2016\\\/08\\\/logo_wp_blau_gross.gif\",\"width\":512,\"height\":511,\"caption\":\"Past Present Promotions GbR\"},\"image\":{\"@id\":\"https:\\\/\\\/www.3p-event.de\\\/#\\\/schema\\\/logo\\\/image\\\/\"},\"sameAs\":[\"https:\\\/\\\/www.facebook.com\\\/PastPresentPromotions\"]}]}<\/script>\n<!-- \/ Yoast SEO plugin. -->","yoast_head_json":{"title":"Neuzeit - Past Present Promotions","robots":{"index":"index","follow":"follow","max-snippet":"max-snippet:-1","max-image-preview":"max-image-preview:large","max-video-preview":"max-video-preview:-1"},"canonical":"https:\/\/www.3p-event.de\/?page_id=97","og_locale":"de_DE","og_type":"article","og_title":"Neuzeit - Past Present Promotions","og_description":"Die Neuzeit bietet vielf\u00e4ltige M\u00f6glichkeiten f\u00fcr Living History im Museum. Revolutionen: Industrialisierung, Vorm\u00e4rz und die Frage nach Einheit und Freiheit Mit uns entf\u00fchren B\u00fcrger, Bauern und Soldaten &#8211; und nat\u00fcrlich auch der alte und der neue Adel &#8211; Ihre Besucher in die Wirren der franz\u00f6sischen Revolution und der Revolutionskriege. Sie laden Ihr Publikum ein in &hellip; Neuzeit weiterlesen &rarr;","og_url":"https:\/\/www.3p-event.de\/?page_id=97","og_site_name":"Past Present Promotions","article_publisher":"https:\/\/www.facebook.com\/PastPresentPromotions","article_modified_time":"2020-02-13T08:56:47+00:00","og_image":[{"url":"https:\/\/www.3p-event.de\/wp-content\/uploads\/2016\/08\/Melanie_Oliver.jpg","type":"","width":"","height":""}],"twitter_card":"summary_large_image","twitter_misc":{"Gesch\u00e4tzte Lesezeit":"1\u00a0Minute"},"schema":{"@context":"https:\/\/schema.org","@graph":[{"@type":"WebPage","@id":"https:\/\/www.3p-event.de\/?page_id=97","url":"https:\/\/www.3p-event.de\/?page_id=97","name":"Neuzeit - Past Present Promotions","isPartOf":{"@id":"https:\/\/www.3p-event.de\/#website"},"primaryImageOfPage":{"@id":"https:\/\/www.3p-event.de\/?page_id=97#primaryimage"},"image":{"@id":"https:\/\/www.3p-event.de\/?page_id=97#primaryimage"},"thumbnailUrl":"https:\/\/www.3p-event.de\/wp-content\/uploads\/2016\/08\/Melanie_Oliver.jpg","datePublished":"2016-08-18T17:33:50+00:00","dateModified":"2020-02-13T08:56:47+00:00","breadcrumb":{"@id":"https:\/\/www.3p-event.de\/?page_id=97#breadcrumb"},"inLanguage":"de","potentialAction":[{"@type":"ReadAction","target":["https:\/\/www.3p-event.de\/?page_id=97"]}]},{"@type":"ImageObject","inLanguage":"de","@id":"https:\/\/www.3p-event.de\/?page_id=97#primaryimage","url":"https:\/\/www.3p-event.de\/wp-content\/uploads\/2016\/08\/Melanie_Oliver.jpg","contentUrl":"https:\/\/www.3p-event.de\/wp-content\/uploads\/2016\/08\/Melanie_Oliver.jpg","width":200,"height":300,"caption":"Als das Rheinland franz\u00f6sisch war: ein B\u00fcrgerpaar in der Sommerfrische"},{"@type":"BreadcrumbList","@id":"https:\/\/www.3p-event.de\/?page_id=97#breadcrumb","itemListElement":[{"@type":"ListItem","position":1,"name":"Startseite","item":"https:\/\/www.3p-event.de\/"},{"@type":"ListItem","position":2,"name":"Im Museum","item":"https:\/\/www.3p-event.de\/?page_id=51"},{"@type":"ListItem","position":3,"name":"Museumsf\u00fchrungen als Erlebnis","item":"https:\/\/www.3p-event.de\/?page_id=55"},{"@type":"ListItem","position":4,"name":"Neuzeit"}]},{"@type":"WebSite","@id":"https:\/\/www.3p-event.de\/#website","url":"https:\/\/www.3p-event.de\/","name":"Past Present Promotions","description":"Historische Interpretationen","publisher":{"@id":"https:\/\/www.3p-event.de\/#organization"},"potentialAction":[{"@type":"SearchAction","target":{"@type":"EntryPoint","urlTemplate":"https:\/\/www.3p-event.de\/?s={search_term_string}"},"query-input":{"@type":"PropertyValueSpecification","valueRequired":true,"valueName":"search_term_string"}}],"inLanguage":"de"},{"@type":"Organization","@id":"https:\/\/www.3p-event.de\/#organization","name":"Past Present Promotions GbR","url":"https:\/\/www.3p-event.de\/","logo":{"@type":"ImageObject","inLanguage":"de","@id":"https:\/\/www.3p-event.de\/#\/schema\/logo\/image\/","url":"https:\/\/www.3p-event.de\/wp-content\/uploads\/2016\/08\/logo_wp_blau_gross.gif","contentUrl":"https:\/\/www.3p-event.de\/wp-content\/uploads\/2016\/08\/logo_wp_blau_gross.gif","width":512,"height":511,"caption":"Past Present Promotions GbR"},"image":{"@id":"https:\/\/www.3p-event.de\/#\/schema\/logo\/image\/"},"sameAs":["https:\/\/www.facebook.com\/PastPresentPromotions"]}]}},"_links":{"self":[{"href":"https:\/\/www.3p-event.de\/index.php?rest_route=\/wp\/v2\/pages\/97","targetHints":{"allow":["GET"]}}],"collection":[{"href":"https:\/\/www.3p-event.de\/index.php?rest_route=\/wp\/v2\/pages"}],"about":[{"href":"https:\/\/www.3p-event.de\/index.php?rest_route=\/wp\/v2\/types\/page"}],"author":[{"embeddable":true,"href":"https:\/\/www.3p-event.de\/index.php?rest_route=\/wp\/v2\/users\/1"}],"replies":[{"embeddable":true,"href":"https:\/\/www.3p-event.de\/index.php?rest_route=%2Fwp%2Fv2%2Fcomments&post=97"}],"version-history":[{"count":9,"href":"https:\/\/www.3p-event.de\/index.php?rest_route=\/wp\/v2\/pages\/97\/revisions"}],"predecessor-version":[{"id":431,"href":"https:\/\/www.3p-event.de\/index.php?rest_route=\/wp\/v2\/pages\/97\/revisions\/431"}],"up":[{"embeddable":true,"href":"https:\/\/www.3p-event.de\/index.php?rest_route=\/wp\/v2\/pages\/55"}],"wp:attachment":[{"href":"https:\/\/www.3p-event.de\/index.php?rest_route=%2Fwp%2Fv2%2Fmedia&parent=97"}],"curies":[{"name":"wp","href":"https:\/\/api.w.org\/{rel}","templated":true}]}}