{"id":92,"date":"2016-08-18T14:39:26","date_gmt":"2016-08-18T14:39:26","guid":{"rendered":"http:\/\/s137740124.online.de\/?page_id=92"},"modified":"2020-02-13T08:56:06","modified_gmt":"2020-02-13T08:56:06","slug":"mittelalter","status":"publish","type":"page","link":"https:\/\/www.3p-event.de\/?page_id=92","title":{"rendered":"Mittelalter"},"content":{"rendered":"<figure id=\"attachment_95\" aria-describedby=\"caption-attachment-95\" style=\"width: 99px\" class=\"wp-caption alignright\"><img loading=\"lazy\" decoding=\"async\" class=\"wp-image-95 size-full\" src=\"https:\/\/www.3p-event.de\/wp-content\/uploads\/2016\/08\/patrizier.jpg\" alt=\"Ein Herr des 13. Jahrhunderts\" width=\"99\" height=\"225\" \/><figcaption id=\"caption-attachment-95\" class=\"wp-caption-text\">Ein Herr des 13. Jahrhunderts<\/figcaption><\/figure>\n<p>In Museen mit Sammlungsbest\u00e4nden aus dem Mittelalter &#8211; egal ob sakrale Malerei und Skulptur oder Bodenfunde aus arch\u00e4ologischen Grabungen &#8211; lassen wir die Zeit der Ritter und Burgen, der aufstrebenden St\u00e4dte und Kaufleute und der in Grundherrschaft gebundenen Bauern mit unseren Veranstaltungen wieder lebendig werden. Dies tun wir in Form von Spielszenen, Erlebnisf\u00fchrungen durch die Ausstellung, mit Modenschauen und der Vorf\u00fchrung handwerklicher Produktionstechniken.<\/p>\n<h6>Wir holen Ihre Exponate &#8222;aus der Vitrine&#8220;<\/h6>\n<figure id=\"attachment_93\" aria-describedby=\"caption-attachment-93\" style=\"width: 97px\" class=\"wp-caption alignleft\"><img loading=\"lazy\" decoding=\"async\" class=\"wp-image-93 size-full\" src=\"https:\/\/www.3p-event.de\/wp-content\/uploads\/2016\/08\/bini_mittelalter_freigestellt.png\" alt=\"Eine Dame des sp\u00e4ten 13. Jahrhunderts\" width=\"97\" height=\"225\" \/><figcaption id=\"caption-attachment-93\" class=\"wp-caption-text\">Eine Dame des sp\u00e4ten 13. Jahrhunderts<\/figcaption><\/figure>\n<p>Neben der passenden Bekleidung verf\u00fcgen wir \u00fcber einen umfangreichen Fundus an Repliken mittelalterlicher Sachkultur. Dies reicht von Haushaltsger\u00e4t \u00fcber Toilettenartikel bis hin zum Handwerkzeug. Damit ist es uns m\u00f6glich, Museumsexponate gewisserma\u00dfen aus der Vitrine zu holen und diese den Besuchern nicht nur optisch, sondern auch haptisch zum Erlebnis zu<br \/>\nmachen.<\/p>\n<h6>M\u00e4rkte wirklich wie im Mittelalter<\/h6>\n<figure id=\"attachment_94\" aria-describedby=\"caption-attachment-94\" style=\"width: 106px\" class=\"wp-caption alignright\"><img loading=\"lazy\" decoding=\"async\" class=\"wp-image-94 size-full\" src=\"https:\/\/www.3p-event.de\/wp-content\/uploads\/2016\/08\/norman_ritter_freigestellt.jpg\" alt=\"Ein Ritter um 1300\" width=\"106\" height=\"264\" \/><figcaption id=\"caption-attachment-94\" class=\"wp-caption-text\">Ein Ritter um 1300<\/figcaption><\/figure>\n<p>Gerne planen wir f\u00fcr Sie auch einen <a href=\"http:\/\/www.3p-event.de\/mittelaltermaerkte-fuer-museen\">mittelalterlichen Markt<\/a>. Wir verf\u00fcgen \u00fcber ein Netzwerk aus Handwerkern, die alle in der Lage sind, nach alten Techniken vor Publikum zu produzieren. Dadurch k\u00f6nnen wir Veranstaltungen von echter Museumsqualit\u00e4t in Darstellung und Produktion sicher stellen.<\/p>\n<p>Der Schwerpunkt unserer Veranstaltungen liegt bei all dem auf der Fr\u00fchgotik, dem fr\u00fchen Sp\u00e4tmittelalter des sp\u00e4ten 13. und fr\u00fchen 14. Jahrhunderts. Doch auch die fr\u00fchmittelalterliche Zeit der Franken des 6. und 7. Jahrhunderts und das 15. Jahrhundert haben bei uns Platz.<\/p>\n","protected":false},"excerpt":{"rendered":"<p>In Museen mit Sammlungsbest\u00e4nden aus dem Mittelalter &#8211; egal ob sakrale Malerei und Skulptur oder Bodenfunde aus arch\u00e4ologischen Grabungen &#8211; lassen wir die Zeit der Ritter und Burgen, der aufstrebenden St\u00e4dte und Kaufleute und der in Grundherrschaft gebundenen Bauern mit unseren Veranstaltungen wieder lebendig werden. Dies tun wir in Form von Spielszenen, Erlebnisf\u00fchrungen durch die &hellip; <a href=\"https:\/\/www.3p-event.de\/?page_id=92\" class=\"more-link\"><span class=\"screen-reader-text\">Mittelalter<\/span> weiterlesen <span class=\"meta-nav\">&rarr;<\/span><\/a><\/p>\n","protected":false},"author":1,"featured_media":0,"parent":55,"menu_order":2,"comment_status":"closed","ping_status":"closed","template":"","meta":{"footnotes":""},"class_list":["post-92","page","type-page","status-publish","hentry"],"yoast_head":"<!-- This site is optimized with the Yoast SEO plugin v27.4 - https:\/\/yoast.com\/product\/yoast-seo-wordpress\/ -->\n<title>Mittelalter - Past Present Promotions<\/title>\n<meta name=\"robots\" content=\"index, follow, max-snippet:-1, max-image-preview:large, max-video-preview:-1\" \/>\n<link rel=\"canonical\" href=\"https:\/\/www.3p-event.de\/?page_id=92\" \/>\n<meta property=\"og:locale\" content=\"de_DE\" \/>\n<meta property=\"og:type\" content=\"article\" \/>\n<meta property=\"og:title\" content=\"Mittelalter - Past Present Promotions\" \/>\n<meta property=\"og:description\" content=\"In Museen mit Sammlungsbest\u00e4nden aus dem Mittelalter &#8211; egal ob sakrale Malerei und Skulptur oder Bodenfunde aus arch\u00e4ologischen Grabungen &#8211; lassen wir die Zeit der Ritter und Burgen, der aufstrebenden St\u00e4dte und Kaufleute und der in Grundherrschaft gebundenen Bauern mit unseren Veranstaltungen wieder lebendig werden. Dies tun wir in Form von Spielszenen, Erlebnisf\u00fchrungen durch die &hellip; Mittelalter weiterlesen &rarr;\" \/>\n<meta property=\"og:url\" content=\"https:\/\/www.3p-event.de\/?page_id=92\" \/>\n<meta property=\"og:site_name\" content=\"Past Present Promotions\" \/>\n<meta property=\"article:publisher\" content=\"https:\/\/www.facebook.com\/PastPresentPromotions\" \/>\n<meta property=\"article:modified_time\" content=\"2020-02-13T08:56:06+00:00\" \/>\n<meta property=\"og:image\" content=\"https:\/\/www.3p-event.de\/wp-content\/uploads\/2016\/08\/patrizier.jpg\" \/>\n<meta name=\"twitter:card\" content=\"summary_large_image\" \/>\n<meta name=\"twitter:label1\" content=\"Gesch\u00e4tzte Lesezeit\" \/>\n\t<meta name=\"twitter:data1\" content=\"1\u00a0Minute\" \/>\n<script type=\"application\/ld+json\" class=\"yoast-schema-graph\">{\"@context\":\"https:\\\/\\\/schema.org\",\"@graph\":[{\"@type\":\"WebPage\",\"@id\":\"https:\\\/\\\/www.3p-event.de\\\/?page_id=92\",\"url\":\"https:\\\/\\\/www.3p-event.de\\\/?page_id=92\",\"name\":\"Mittelalter - Past Present Promotions\",\"isPartOf\":{\"@id\":\"https:\\\/\\\/www.3p-event.de\\\/#website\"},\"primaryImageOfPage\":{\"@id\":\"https:\\\/\\\/www.3p-event.de\\\/?page_id=92#primaryimage\"},\"image\":{\"@id\":\"https:\\\/\\\/www.3p-event.de\\\/?page_id=92#primaryimage\"},\"thumbnailUrl\":\"https:\\\/\\\/www.3p-event.de\\\/wp-content\\\/uploads\\\/2016\\\/08\\\/patrizier.jpg\",\"datePublished\":\"2016-08-18T14:39:26+00:00\",\"dateModified\":\"2020-02-13T08:56:06+00:00\",\"breadcrumb\":{\"@id\":\"https:\\\/\\\/www.3p-event.de\\\/?page_id=92#breadcrumb\"},\"inLanguage\":\"de\",\"potentialAction\":[{\"@type\":\"ReadAction\",\"target\":[\"https:\\\/\\\/www.3p-event.de\\\/?page_id=92\"]}]},{\"@type\":\"ImageObject\",\"inLanguage\":\"de\",\"@id\":\"https:\\\/\\\/www.3p-event.de\\\/?page_id=92#primaryimage\",\"url\":\"https:\\\/\\\/www.3p-event.de\\\/wp-content\\\/uploads\\\/2016\\\/08\\\/patrizier.jpg\",\"contentUrl\":\"https:\\\/\\\/www.3p-event.de\\\/wp-content\\\/uploads\\\/2016\\\/08\\\/patrizier.jpg\",\"width\":99,\"height\":225,\"caption\":\"Ein Herr des 13. Jahrhunderts\"},{\"@type\":\"BreadcrumbList\",\"@id\":\"https:\\\/\\\/www.3p-event.de\\\/?page_id=92#breadcrumb\",\"itemListElement\":[{\"@type\":\"ListItem\",\"position\":1,\"name\":\"Startseite\",\"item\":\"https:\\\/\\\/www.3p-event.de\\\/\"},{\"@type\":\"ListItem\",\"position\":2,\"name\":\"Im Museum\",\"item\":\"https:\\\/\\\/www.3p-event.de\\\/?page_id=51\"},{\"@type\":\"ListItem\",\"position\":3,\"name\":\"Museumsf\u00fchrungen als Erlebnis\",\"item\":\"https:\\\/\\\/www.3p-event.de\\\/?page_id=55\"},{\"@type\":\"ListItem\",\"position\":4,\"name\":\"Mittelalter\"}]},{\"@type\":\"WebSite\",\"@id\":\"https:\\\/\\\/www.3p-event.de\\\/#website\",\"url\":\"https:\\\/\\\/www.3p-event.de\\\/\",\"name\":\"Past Present Promotions\",\"description\":\"Historische Interpretationen\",\"publisher\":{\"@id\":\"https:\\\/\\\/www.3p-event.de\\\/#organization\"},\"potentialAction\":[{\"@type\":\"SearchAction\",\"target\":{\"@type\":\"EntryPoint\",\"urlTemplate\":\"https:\\\/\\\/www.3p-event.de\\\/?s={search_term_string}\"},\"query-input\":{\"@type\":\"PropertyValueSpecification\",\"valueRequired\":true,\"valueName\":\"search_term_string\"}}],\"inLanguage\":\"de\"},{\"@type\":\"Organization\",\"@id\":\"https:\\\/\\\/www.3p-event.de\\\/#organization\",\"name\":\"Past Present Promotions GbR\",\"url\":\"https:\\\/\\\/www.3p-event.de\\\/\",\"logo\":{\"@type\":\"ImageObject\",\"inLanguage\":\"de\",\"@id\":\"https:\\\/\\\/www.3p-event.de\\\/#\\\/schema\\\/logo\\\/image\\\/\",\"url\":\"https:\\\/\\\/www.3p-event.de\\\/wp-content\\\/uploads\\\/2016\\\/08\\\/logo_wp_blau_gross.gif\",\"contentUrl\":\"https:\\\/\\\/www.3p-event.de\\\/wp-content\\\/uploads\\\/2016\\\/08\\\/logo_wp_blau_gross.gif\",\"width\":512,\"height\":511,\"caption\":\"Past Present Promotions GbR\"},\"image\":{\"@id\":\"https:\\\/\\\/www.3p-event.de\\\/#\\\/schema\\\/logo\\\/image\\\/\"},\"sameAs\":[\"https:\\\/\\\/www.facebook.com\\\/PastPresentPromotions\"]}]}<\/script>\n<!-- \/ Yoast SEO plugin. -->","yoast_head_json":{"title":"Mittelalter - Past Present Promotions","robots":{"index":"index","follow":"follow","max-snippet":"max-snippet:-1","max-image-preview":"max-image-preview:large","max-video-preview":"max-video-preview:-1"},"canonical":"https:\/\/www.3p-event.de\/?page_id=92","og_locale":"de_DE","og_type":"article","og_title":"Mittelalter - Past Present Promotions","og_description":"In Museen mit Sammlungsbest\u00e4nden aus dem Mittelalter &#8211; egal ob sakrale Malerei und Skulptur oder Bodenfunde aus arch\u00e4ologischen Grabungen &#8211; lassen wir die Zeit der Ritter und Burgen, der aufstrebenden St\u00e4dte und Kaufleute und der in Grundherrschaft gebundenen Bauern mit unseren Veranstaltungen wieder lebendig werden. Dies tun wir in Form von Spielszenen, Erlebnisf\u00fchrungen durch die &hellip; Mittelalter weiterlesen &rarr;","og_url":"https:\/\/www.3p-event.de\/?page_id=92","og_site_name":"Past Present Promotions","article_publisher":"https:\/\/www.facebook.com\/PastPresentPromotions","article_modified_time":"2020-02-13T08:56:06+00:00","og_image":[{"url":"https:\/\/www.3p-event.de\/wp-content\/uploads\/2016\/08\/patrizier.jpg","type":"","width":"","height":""}],"twitter_card":"summary_large_image","twitter_misc":{"Gesch\u00e4tzte Lesezeit":"1\u00a0Minute"},"schema":{"@context":"https:\/\/schema.org","@graph":[{"@type":"WebPage","@id":"https:\/\/www.3p-event.de\/?page_id=92","url":"https:\/\/www.3p-event.de\/?page_id=92","name":"Mittelalter - Past Present Promotions","isPartOf":{"@id":"https:\/\/www.3p-event.de\/#website"},"primaryImageOfPage":{"@id":"https:\/\/www.3p-event.de\/?page_id=92#primaryimage"},"image":{"@id":"https:\/\/www.3p-event.de\/?page_id=92#primaryimage"},"thumbnailUrl":"https:\/\/www.3p-event.de\/wp-content\/uploads\/2016\/08\/patrizier.jpg","datePublished":"2016-08-18T14:39:26+00:00","dateModified":"2020-02-13T08:56:06+00:00","breadcrumb":{"@id":"https:\/\/www.3p-event.de\/?page_id=92#breadcrumb"},"inLanguage":"de","potentialAction":[{"@type":"ReadAction","target":["https:\/\/www.3p-event.de\/?page_id=92"]}]},{"@type":"ImageObject","inLanguage":"de","@id":"https:\/\/www.3p-event.de\/?page_id=92#primaryimage","url":"https:\/\/www.3p-event.de\/wp-content\/uploads\/2016\/08\/patrizier.jpg","contentUrl":"https:\/\/www.3p-event.de\/wp-content\/uploads\/2016\/08\/patrizier.jpg","width":99,"height":225,"caption":"Ein Herr des 13. Jahrhunderts"},{"@type":"BreadcrumbList","@id":"https:\/\/www.3p-event.de\/?page_id=92#breadcrumb","itemListElement":[{"@type":"ListItem","position":1,"name":"Startseite","item":"https:\/\/www.3p-event.de\/"},{"@type":"ListItem","position":2,"name":"Im Museum","item":"https:\/\/www.3p-event.de\/?page_id=51"},{"@type":"ListItem","position":3,"name":"Museumsf\u00fchrungen als Erlebnis","item":"https:\/\/www.3p-event.de\/?page_id=55"},{"@type":"ListItem","position":4,"name":"Mittelalter"}]},{"@type":"WebSite","@id":"https:\/\/www.3p-event.de\/#website","url":"https:\/\/www.3p-event.de\/","name":"Past Present Promotions","description":"Historische Interpretationen","publisher":{"@id":"https:\/\/www.3p-event.de\/#organization"},"potentialAction":[{"@type":"SearchAction","target":{"@type":"EntryPoint","urlTemplate":"https:\/\/www.3p-event.de\/?s={search_term_string}"},"query-input":{"@type":"PropertyValueSpecification","valueRequired":true,"valueName":"search_term_string"}}],"inLanguage":"de"},{"@type":"Organization","@id":"https:\/\/www.3p-event.de\/#organization","name":"Past Present Promotions GbR","url":"https:\/\/www.3p-event.de\/","logo":{"@type":"ImageObject","inLanguage":"de","@id":"https:\/\/www.3p-event.de\/#\/schema\/logo\/image\/","url":"https:\/\/www.3p-event.de\/wp-content\/uploads\/2016\/08\/logo_wp_blau_gross.gif","contentUrl":"https:\/\/www.3p-event.de\/wp-content\/uploads\/2016\/08\/logo_wp_blau_gross.gif","width":512,"height":511,"caption":"Past Present Promotions GbR"},"image":{"@id":"https:\/\/www.3p-event.de\/#\/schema\/logo\/image\/"},"sameAs":["https:\/\/www.facebook.com\/PastPresentPromotions"]}]}},"_links":{"self":[{"href":"https:\/\/www.3p-event.de\/index.php?rest_route=\/wp\/v2\/pages\/92","targetHints":{"allow":["GET"]}}],"collection":[{"href":"https:\/\/www.3p-event.de\/index.php?rest_route=\/wp\/v2\/pages"}],"about":[{"href":"https:\/\/www.3p-event.de\/index.php?rest_route=\/wp\/v2\/types\/page"}],"author":[{"embeddable":true,"href":"https:\/\/www.3p-event.de\/index.php?rest_route=\/wp\/v2\/users\/1"}],"replies":[{"embeddable":true,"href":"https:\/\/www.3p-event.de\/index.php?rest_route=%2Fwp%2Fv2%2Fcomments&post=92"}],"version-history":[{"count":5,"href":"https:\/\/www.3p-event.de\/index.php?rest_route=\/wp\/v2\/pages\/92\/revisions"}],"predecessor-version":[{"id":430,"href":"https:\/\/www.3p-event.de\/index.php?rest_route=\/wp\/v2\/pages\/92\/revisions\/430"}],"up":[{"embeddable":true,"href":"https:\/\/www.3p-event.de\/index.php?rest_route=\/wp\/v2\/pages\/55"}],"wp:attachment":[{"href":"https:\/\/www.3p-event.de\/index.php?rest_route=%2Fwp%2Fv2%2Fmedia&parent=92"}],"curies":[{"name":"wp","href":"https:\/\/api.w.org\/{rel}","templated":true}]}}