{"id":86,"date":"2016-08-18T14:18:05","date_gmt":"2016-08-18T14:18:05","guid":{"rendered":"http:\/\/s137740124.online.de\/?page_id=86"},"modified":"2020-01-25T10:40:06","modified_gmt":"2020-01-25T10:40:06","slug":"seminare","status":"publish","type":"page","link":"https:\/\/www.3p-event.de\/?page_id=86","title":{"rendered":"Seminare"},"content":{"rendered":"<p>F\u00fcr alle, die so richtig tief eintauchen wollen in die Geschichte, bieten wir unsere Seminare an. Die sind genauso spannend und informativ wie all unsere anderen Angebote. In ihnen vermitteln wir historische Handwerks- und Handarbeitstechniken oder beleuchten einen speziellen Aspekt aus der Geschichte in Form eines Vortrages oder eines Literaturworkshops.<\/p>\n<p>F\u00fcr unsere Seminare stehen uns eigene R\u00e4umlichkeiten mit Platz f\u00fcr bis zu 12 Teilnehmer zur Verf\u00fcgung. Nat\u00fcrlich sind wir diesbez\u00fcglich nicht nur an unsere eigenen R\u00e4ume gebunden und kommen gerne auch zu Ihnen.<\/p>\n<p>Folgende Themen haben wir im Angebot:<\/p>\n<h6>Praktische Seminare<\/h6>\n<ul>\n<li>Brettchenweben f\u00fcr Einsteiger (einfache Schnurbindungsmuster)<\/li>\n<li>Brettchenweben f\u00fcr Fortgeschrittene (Sulawesi, K\u00f6perbindung, Doubleface, Broschieren)<\/li>\n<li>G\u00fcrteltasche f\u00fcr Einsteiger (einfache Tasche nach Vorbildern aus dem 15. Jahrhundert)<\/li>\n<li>G\u00fcrteltasche f\u00fcr Fortgeschrittene (Nachbauten des\u00a0 Latrinenfundes von der Runneburg aus der Mitte des 13. Jhs., aus London oder den Niederlanden aus dem 14. und 15. Jahrhundert)<\/li>\n<li>Heraldik &#8211; die Kunst der Wappengestaltung<\/li>\n<\/ul>\n<h6>Vortr\u00e4ge und Literaturworkshops<\/h6>\n<ul>\n<li>Die Varusschlacht und ihre Bedeutung f\u00fcr die Deutschen<\/li>\n<li>Das r\u00f6mische Milit\u00e4r im Rheinland<\/li>\n<li>Leben in den r\u00f6mischen Provinzen<\/li>\n<li>Ritter &#8211; was ist das?<\/li>\n<li>M\u00f6nche in Waffen &#8211; die geistlichen Ritterorden<\/li>\n<li>Die Kreuzz\u00fcge und ihre Wirkung im r\u00f6misch-deutschen Reich<\/li>\n<li>Das Nibelungenlied &#8211; Vorbild oder warnendes Beispiel?<\/li>\n<li>Leben in der mittelalterlichen Stadt<\/li>\n<\/ul>\n<p>Dazu kommen jedes Jahr Veranstaltungen, die wir in Zusammenarbeit mit der <a href=\"https:\/\/www.vhs-rheinbach.de\/\">VHS Rheinbach<\/a> durchf\u00fchren.<\/p>\n","protected":false},"excerpt":{"rendered":"<p>F\u00fcr alle, die so richtig tief eintauchen wollen in die Geschichte, bieten wir unsere Seminare an. Die sind genauso spannend und informativ wie all unsere anderen Angebote. In ihnen vermitteln wir historische Handwerks- und Handarbeitstechniken oder beleuchten einen speziellen Aspekt aus der Geschichte in Form eines Vortrages oder eines Literaturworkshops. F\u00fcr unsere Seminare stehen uns &hellip; <a href=\"https:\/\/www.3p-event.de\/?page_id=86\" class=\"more-link\"><span class=\"screen-reader-text\">Seminare<\/span> weiterlesen <span class=\"meta-nav\">&rarr;<\/span><\/a><\/p>\n","protected":false},"author":1,"featured_media":0,"parent":71,"menu_order":2,"comment_status":"closed","ping_status":"closed","template":"","meta":{"footnotes":""},"class_list":["post-86","page","type-page","status-publish","hentry"],"yoast_head":"<!-- This site is optimized with the Yoast SEO plugin v27.5 - https:\/\/yoast.com\/product\/yoast-seo-wordpress\/ -->\n<title>Seminare - Past Present Promotions<\/title>\n<meta name=\"robots\" content=\"index, follow, max-snippet:-1, max-image-preview:large, max-video-preview:-1\" \/>\n<link rel=\"canonical\" href=\"https:\/\/www.3p-event.de\/?page_id=86\" \/>\n<meta property=\"og:locale\" content=\"de_DE\" \/>\n<meta property=\"og:type\" content=\"article\" \/>\n<meta property=\"og:title\" content=\"Seminare - Past Present Promotions\" \/>\n<meta property=\"og:description\" content=\"F\u00fcr alle, die so richtig tief eintauchen wollen in die Geschichte, bieten wir unsere Seminare an. Die sind genauso spannend und informativ wie all unsere anderen Angebote. In ihnen vermitteln wir historische Handwerks- und Handarbeitstechniken oder beleuchten einen speziellen Aspekt aus der Geschichte in Form eines Vortrages oder eines Literaturworkshops. F\u00fcr unsere Seminare stehen uns &hellip; Seminare weiterlesen &rarr;\" \/>\n<meta property=\"og:url\" content=\"https:\/\/www.3p-event.de\/?page_id=86\" \/>\n<meta property=\"og:site_name\" content=\"Past Present Promotions\" \/>\n<meta property=\"article:publisher\" content=\"https:\/\/www.facebook.com\/PastPresentPromotions\" \/>\n<meta property=\"article:modified_time\" content=\"2020-01-25T10:40:06+00:00\" \/>\n<meta name=\"twitter:card\" content=\"summary_large_image\" \/>\n<meta name=\"twitter:label1\" content=\"Gesch\u00e4tzte Lesezeit\" \/>\n\t<meta name=\"twitter:data1\" content=\"1\u00a0Minute\" \/>\n<script type=\"application\/ld+json\" class=\"yoast-schema-graph\">{\"@context\":\"https:\\\/\\\/schema.org\",\"@graph\":[{\"@type\":\"WebPage\",\"@id\":\"https:\\\/\\\/www.3p-event.de\\\/?page_id=86\",\"url\":\"https:\\\/\\\/www.3p-event.de\\\/?page_id=86\",\"name\":\"Seminare - Past Present Promotions\",\"isPartOf\":{\"@id\":\"https:\\\/\\\/www.3p-event.de\\\/#website\"},\"datePublished\":\"2016-08-18T14:18:05+00:00\",\"dateModified\":\"2020-01-25T10:40:06+00:00\",\"breadcrumb\":{\"@id\":\"https:\\\/\\\/www.3p-event.de\\\/?page_id=86#breadcrumb\"},\"inLanguage\":\"de\",\"potentialAction\":[{\"@type\":\"ReadAction\",\"target\":[\"https:\\\/\\\/www.3p-event.de\\\/?page_id=86\"]}]},{\"@type\":\"BreadcrumbList\",\"@id\":\"https:\\\/\\\/www.3p-event.de\\\/?page_id=86#breadcrumb\",\"itemListElement\":[{\"@type\":\"ListItem\",\"position\":1,\"name\":\"Startseite\",\"item\":\"https:\\\/\\\/www.3p-event.de\\\/\"},{\"@type\":\"ListItem\",\"position\":2,\"name\":\"Lernen mit Spa\u00df\",\"item\":\"https:\\\/\\\/www.3p-event.de\\\/?page_id=71\"},{\"@type\":\"ListItem\",\"position\":3,\"name\":\"Seminare\"}]},{\"@type\":\"WebSite\",\"@id\":\"https:\\\/\\\/www.3p-event.de\\\/#website\",\"url\":\"https:\\\/\\\/www.3p-event.de\\\/\",\"name\":\"Past Present Promotions\",\"description\":\"Historische Interpretationen\",\"publisher\":{\"@id\":\"https:\\\/\\\/www.3p-event.de\\\/#organization\"},\"potentialAction\":[{\"@type\":\"SearchAction\",\"target\":{\"@type\":\"EntryPoint\",\"urlTemplate\":\"https:\\\/\\\/www.3p-event.de\\\/?s={search_term_string}\"},\"query-input\":{\"@type\":\"PropertyValueSpecification\",\"valueRequired\":true,\"valueName\":\"search_term_string\"}}],\"inLanguage\":\"de\"},{\"@type\":\"Organization\",\"@id\":\"https:\\\/\\\/www.3p-event.de\\\/#organization\",\"name\":\"Past Present Promotions GbR\",\"url\":\"https:\\\/\\\/www.3p-event.de\\\/\",\"logo\":{\"@type\":\"ImageObject\",\"inLanguage\":\"de\",\"@id\":\"https:\\\/\\\/www.3p-event.de\\\/#\\\/schema\\\/logo\\\/image\\\/\",\"url\":\"https:\\\/\\\/www.3p-event.de\\\/wp-content\\\/uploads\\\/2016\\\/08\\\/logo_wp_blau_gross.gif\",\"contentUrl\":\"https:\\\/\\\/www.3p-event.de\\\/wp-content\\\/uploads\\\/2016\\\/08\\\/logo_wp_blau_gross.gif\",\"width\":512,\"height\":511,\"caption\":\"Past Present Promotions GbR\"},\"image\":{\"@id\":\"https:\\\/\\\/www.3p-event.de\\\/#\\\/schema\\\/logo\\\/image\\\/\"},\"sameAs\":[\"https:\\\/\\\/www.facebook.com\\\/PastPresentPromotions\"]}]}<\/script>\n<!-- \/ Yoast SEO plugin. -->","yoast_head_json":{"title":"Seminare - Past Present Promotions","robots":{"index":"index","follow":"follow","max-snippet":"max-snippet:-1","max-image-preview":"max-image-preview:large","max-video-preview":"max-video-preview:-1"},"canonical":"https:\/\/www.3p-event.de\/?page_id=86","og_locale":"de_DE","og_type":"article","og_title":"Seminare - Past Present Promotions","og_description":"F\u00fcr alle, die so richtig tief eintauchen wollen in die Geschichte, bieten wir unsere Seminare an. Die sind genauso spannend und informativ wie all unsere anderen Angebote. In ihnen vermitteln wir historische Handwerks- und Handarbeitstechniken oder beleuchten einen speziellen Aspekt aus der Geschichte in Form eines Vortrages oder eines Literaturworkshops. F\u00fcr unsere Seminare stehen uns &hellip; Seminare weiterlesen &rarr;","og_url":"https:\/\/www.3p-event.de\/?page_id=86","og_site_name":"Past Present Promotions","article_publisher":"https:\/\/www.facebook.com\/PastPresentPromotions","article_modified_time":"2020-01-25T10:40:06+00:00","twitter_card":"summary_large_image","twitter_misc":{"Gesch\u00e4tzte Lesezeit":"1\u00a0Minute"},"schema":{"@context":"https:\/\/schema.org","@graph":[{"@type":"WebPage","@id":"https:\/\/www.3p-event.de\/?page_id=86","url":"https:\/\/www.3p-event.de\/?page_id=86","name":"Seminare - Past Present Promotions","isPartOf":{"@id":"https:\/\/www.3p-event.de\/#website"},"datePublished":"2016-08-18T14:18:05+00:00","dateModified":"2020-01-25T10:40:06+00:00","breadcrumb":{"@id":"https:\/\/www.3p-event.de\/?page_id=86#breadcrumb"},"inLanguage":"de","potentialAction":[{"@type":"ReadAction","target":["https:\/\/www.3p-event.de\/?page_id=86"]}]},{"@type":"BreadcrumbList","@id":"https:\/\/www.3p-event.de\/?page_id=86#breadcrumb","itemListElement":[{"@type":"ListItem","position":1,"name":"Startseite","item":"https:\/\/www.3p-event.de\/"},{"@type":"ListItem","position":2,"name":"Lernen mit Spa\u00df","item":"https:\/\/www.3p-event.de\/?page_id=71"},{"@type":"ListItem","position":3,"name":"Seminare"}]},{"@type":"WebSite","@id":"https:\/\/www.3p-event.de\/#website","url":"https:\/\/www.3p-event.de\/","name":"Past Present Promotions","description":"Historische Interpretationen","publisher":{"@id":"https:\/\/www.3p-event.de\/#organization"},"potentialAction":[{"@type":"SearchAction","target":{"@type":"EntryPoint","urlTemplate":"https:\/\/www.3p-event.de\/?s={search_term_string}"},"query-input":{"@type":"PropertyValueSpecification","valueRequired":true,"valueName":"search_term_string"}}],"inLanguage":"de"},{"@type":"Organization","@id":"https:\/\/www.3p-event.de\/#organization","name":"Past Present Promotions GbR","url":"https:\/\/www.3p-event.de\/","logo":{"@type":"ImageObject","inLanguage":"de","@id":"https:\/\/www.3p-event.de\/#\/schema\/logo\/image\/","url":"https:\/\/www.3p-event.de\/wp-content\/uploads\/2016\/08\/logo_wp_blau_gross.gif","contentUrl":"https:\/\/www.3p-event.de\/wp-content\/uploads\/2016\/08\/logo_wp_blau_gross.gif","width":512,"height":511,"caption":"Past Present Promotions GbR"},"image":{"@id":"https:\/\/www.3p-event.de\/#\/schema\/logo\/image\/"},"sameAs":["https:\/\/www.facebook.com\/PastPresentPromotions"]}]}},"_links":{"self":[{"href":"https:\/\/www.3p-event.de\/index.php?rest_route=\/wp\/v2\/pages\/86","targetHints":{"allow":["GET"]}}],"collection":[{"href":"https:\/\/www.3p-event.de\/index.php?rest_route=\/wp\/v2\/pages"}],"about":[{"href":"https:\/\/www.3p-event.de\/index.php?rest_route=\/wp\/v2\/types\/page"}],"author":[{"embeddable":true,"href":"https:\/\/www.3p-event.de\/index.php?rest_route=\/wp\/v2\/users\/1"}],"replies":[{"embeddable":true,"href":"https:\/\/www.3p-event.de\/index.php?rest_route=%2Fwp%2Fv2%2Fcomments&post=86"}],"version-history":[{"count":5,"href":"https:\/\/www.3p-event.de\/index.php?rest_route=\/wp\/v2\/pages\/86\/revisions"}],"predecessor-version":[{"id":407,"href":"https:\/\/www.3p-event.de\/index.php?rest_route=\/wp\/v2\/pages\/86\/revisions\/407"}],"up":[{"embeddable":true,"href":"https:\/\/www.3p-event.de\/index.php?rest_route=\/wp\/v2\/pages\/71"}],"wp:attachment":[{"href":"https:\/\/www.3p-event.de\/index.php?rest_route=%2Fwp%2Fv2%2Fmedia&parent=86"}],"curies":[{"name":"wp","href":"https:\/\/api.w.org\/{rel}","templated":true}]}}