{"id":79,"date":"2016-08-18T14:04:24","date_gmt":"2016-08-18T14:04:24","guid":{"rendered":"http:\/\/s137740124.online.de\/?page_id=79"},"modified":"2020-02-13T08:57:57","modified_gmt":"2020-02-13T08:57:57","slug":"kita-und-schule","status":"publish","type":"page","link":"https:\/\/www.3p-event.de\/?page_id=79","title":{"rendered":"KiTa und Schule"},"content":{"rendered":"<p>Handlungsorientiertes Lernen spielt in der KiTa und in der Schule eine immer gr\u00f6\u00dfere Rolle. Dabei soll die Vermittlung einerseits die Andersartigkeit vergangener Lebenswelten veranschaulichen und andererseits die M\u00f6glichkeit einer Identifizierung mit den Menschen der Vergangenheit schaffen.<\/p>\n<figure id=\"attachment_73\" aria-describedby=\"caption-attachment-73\" style=\"width: 225px\" class=\"wp-caption alignleft\"><img loading=\"lazy\" decoding=\"async\" class=\"wp-image-73 size-full\" src=\"https:\/\/www.3p-event.de\/wp-content\/uploads\/2016\/08\/kalligrafie.jpg\" alt=\"Kinder \u00fcben mit uns mittelalterliche Schriftformen\" width=\"225\" height=\"169\" \/><figcaption id=\"caption-attachment-73\" class=\"wp-caption-text\">Kinder \u00fcben mit uns mittelalterliche Schriftformen<\/figcaption><\/figure>\n<p>Da k\u00f6nnen wir helfen. Denn unsere Angebote, mit denen wir provinzialr\u00f6mische und mittelalterliche Geschichte f\u00fcr Kinder und<br \/>\nJugendliche lebendig machen, sind ausgesprochen handlungsorientiert.<\/p>\n<p>Gerne kommen wir im Rahmen eines Projekttages oder einer Projektwoche zu Ihnen. Anfassen, selber machen, uns L\u00f6cher in den Bauch fragen &#8211; all das d\u00fcrfen Kinder bei uns.<\/p>\n<p>Nat\u00fcrlich sind wir auch f\u00fcr ein gro\u00dfes KiTa- oder Schulfest zu haben. Wir haben eine breite Palette an Spielen und Aktionen auf Lager. F\u00fcr die Vor- und Nachbereitung stehen wir Ihnen gerne zur Verf\u00fcgung. Und wenn wir fr\u00fchzeitig mit im Boot sind, ist das Ganze p\u00e4dagogisch wie aus einem Guss.<\/p>\n<figure id=\"attachment_80\" aria-describedby=\"caption-attachment-80\" style=\"width: 225px\" class=\"wp-caption alignright\"><img loading=\"lazy\" decoding=\"async\" class=\"wp-image-80 size-full\" src=\"https:\/\/www.3p-event.de\/wp-content\/uploads\/2016\/08\/stand2.jpg\" alt=\"Unser Renner auf jedem Kinderfest: die Armbrust-Schie\u00dfbude\" width=\"225\" height=\"169\" \/><figcaption id=\"caption-attachment-80\" class=\"wp-caption-text\">Unser Renner auf jedem Kinderfest: die Armbrust-Schie\u00dfbude<\/figcaption><\/figure>\n<p>Hier gibt es die Details zu unseren Angeboten zur Antike und hier gibt es die entsprechenden Details zu unseren Angeboten zum Mittelalter.<\/p>\n<p>Unsere Angebote sind jedoch l\u00e4ngst nicht auf die Antike und das Mittelalter begrenzt. Auch zu den politischen Ver\u00e4nderungen im 19. und im fr\u00fchen 20. Jahrhundert haben wir zugleich spannende und lehrreiche Programme im Angebot. Gerne stellen wir Ihnen auch ein individuelles Angebot zusammen.<\/p>\n","protected":false},"excerpt":{"rendered":"<p>Handlungsorientiertes Lernen spielt in der KiTa und in der Schule eine immer gr\u00f6\u00dfere Rolle. Dabei soll die Vermittlung einerseits die Andersartigkeit vergangener Lebenswelten veranschaulichen und andererseits die M\u00f6glichkeit einer Identifizierung mit den Menschen der Vergangenheit schaffen. Da k\u00f6nnen wir helfen. Denn unsere Angebote, mit denen wir provinzialr\u00f6mische und mittelalterliche Geschichte f\u00fcr Kinder und Jugendliche lebendig &hellip; <a href=\"https:\/\/www.3p-event.de\/?page_id=79\" class=\"more-link\"><span class=\"screen-reader-text\">KiTa und Schule<\/span> weiterlesen <span class=\"meta-nav\">&rarr;<\/span><\/a><\/p>\n","protected":false},"author":1,"featured_media":0,"parent":71,"menu_order":1,"comment_status":"closed","ping_status":"closed","template":"","meta":{"footnotes":""},"class_list":["post-79","page","type-page","status-publish","hentry"],"yoast_head":"<!-- This site is optimized with the Yoast SEO plugin v27.5 - https:\/\/yoast.com\/product\/yoast-seo-wordpress\/ -->\n<title>KiTa und Schule - Past Present Promotions<\/title>\n<meta name=\"robots\" content=\"index, follow, max-snippet:-1, max-image-preview:large, max-video-preview:-1\" \/>\n<link rel=\"canonical\" href=\"https:\/\/www.3p-event.de\/?page_id=79\" \/>\n<meta property=\"og:locale\" content=\"de_DE\" \/>\n<meta property=\"og:type\" content=\"article\" \/>\n<meta property=\"og:title\" content=\"KiTa und Schule - Past Present Promotions\" \/>\n<meta property=\"og:description\" content=\"Handlungsorientiertes Lernen spielt in der KiTa und in der Schule eine immer gr\u00f6\u00dfere Rolle. Dabei soll die Vermittlung einerseits die Andersartigkeit vergangener Lebenswelten veranschaulichen und andererseits die M\u00f6glichkeit einer Identifizierung mit den Menschen der Vergangenheit schaffen. Da k\u00f6nnen wir helfen. Denn unsere Angebote, mit denen wir provinzialr\u00f6mische und mittelalterliche Geschichte f\u00fcr Kinder und Jugendliche lebendig &hellip; KiTa und Schule weiterlesen &rarr;\" \/>\n<meta property=\"og:url\" content=\"https:\/\/www.3p-event.de\/?page_id=79\" \/>\n<meta property=\"og:site_name\" content=\"Past Present Promotions\" \/>\n<meta property=\"article:publisher\" content=\"https:\/\/www.facebook.com\/PastPresentPromotions\" \/>\n<meta property=\"article:modified_time\" content=\"2020-02-13T08:57:57+00:00\" \/>\n<meta property=\"og:image\" content=\"https:\/\/www.3p-event.de\/wp-content\/uploads\/2016\/08\/kalligrafie.jpg\" \/>\n<meta name=\"twitter:card\" content=\"summary_large_image\" \/>\n<meta name=\"twitter:label1\" content=\"Gesch\u00e4tzte Lesezeit\" \/>\n\t<meta name=\"twitter:data1\" content=\"1\u00a0Minute\" \/>\n<script type=\"application\/ld+json\" class=\"yoast-schema-graph\">{\"@context\":\"https:\\\/\\\/schema.org\",\"@graph\":[{\"@type\":\"WebPage\",\"@id\":\"https:\\\/\\\/www.3p-event.de\\\/?page_id=79\",\"url\":\"https:\\\/\\\/www.3p-event.de\\\/?page_id=79\",\"name\":\"KiTa und Schule - Past Present Promotions\",\"isPartOf\":{\"@id\":\"https:\\\/\\\/www.3p-event.de\\\/#website\"},\"primaryImageOfPage\":{\"@id\":\"https:\\\/\\\/www.3p-event.de\\\/?page_id=79#primaryimage\"},\"image\":{\"@id\":\"https:\\\/\\\/www.3p-event.de\\\/?page_id=79#primaryimage\"},\"thumbnailUrl\":\"https:\\\/\\\/www.3p-event.de\\\/wp-content\\\/uploads\\\/2016\\\/08\\\/kalligrafie.jpg\",\"datePublished\":\"2016-08-18T14:04:24+00:00\",\"dateModified\":\"2020-02-13T08:57:57+00:00\",\"breadcrumb\":{\"@id\":\"https:\\\/\\\/www.3p-event.de\\\/?page_id=79#breadcrumb\"},\"inLanguage\":\"de\",\"potentialAction\":[{\"@type\":\"ReadAction\",\"target\":[\"https:\\\/\\\/www.3p-event.de\\\/?page_id=79\"]}]},{\"@type\":\"ImageObject\",\"inLanguage\":\"de\",\"@id\":\"https:\\\/\\\/www.3p-event.de\\\/?page_id=79#primaryimage\",\"url\":\"https:\\\/\\\/www.3p-event.de\\\/wp-content\\\/uploads\\\/2016\\\/08\\\/kalligrafie.jpg\",\"contentUrl\":\"https:\\\/\\\/www.3p-event.de\\\/wp-content\\\/uploads\\\/2016\\\/08\\\/kalligrafie.jpg\",\"width\":225,\"height\":169,\"caption\":\"Kinder \u00fcben mit uns mittelalterliche Schriftformen\"},{\"@type\":\"BreadcrumbList\",\"@id\":\"https:\\\/\\\/www.3p-event.de\\\/?page_id=79#breadcrumb\",\"itemListElement\":[{\"@type\":\"ListItem\",\"position\":1,\"name\":\"Startseite\",\"item\":\"https:\\\/\\\/www.3p-event.de\\\/\"},{\"@type\":\"ListItem\",\"position\":2,\"name\":\"Lernen mit Spa\u00df\",\"item\":\"https:\\\/\\\/www.3p-event.de\\\/?page_id=71\"},{\"@type\":\"ListItem\",\"position\":3,\"name\":\"KiTa und Schule\"}]},{\"@type\":\"WebSite\",\"@id\":\"https:\\\/\\\/www.3p-event.de\\\/#website\",\"url\":\"https:\\\/\\\/www.3p-event.de\\\/\",\"name\":\"Past Present Promotions\",\"description\":\"Historische Interpretationen\",\"publisher\":{\"@id\":\"https:\\\/\\\/www.3p-event.de\\\/#organization\"},\"potentialAction\":[{\"@type\":\"SearchAction\",\"target\":{\"@type\":\"EntryPoint\",\"urlTemplate\":\"https:\\\/\\\/www.3p-event.de\\\/?s={search_term_string}\"},\"query-input\":{\"@type\":\"PropertyValueSpecification\",\"valueRequired\":true,\"valueName\":\"search_term_string\"}}],\"inLanguage\":\"de\"},{\"@type\":\"Organization\",\"@id\":\"https:\\\/\\\/www.3p-event.de\\\/#organization\",\"name\":\"Past Present Promotions GbR\",\"url\":\"https:\\\/\\\/www.3p-event.de\\\/\",\"logo\":{\"@type\":\"ImageObject\",\"inLanguage\":\"de\",\"@id\":\"https:\\\/\\\/www.3p-event.de\\\/#\\\/schema\\\/logo\\\/image\\\/\",\"url\":\"https:\\\/\\\/www.3p-event.de\\\/wp-content\\\/uploads\\\/2016\\\/08\\\/logo_wp_blau_gross.gif\",\"contentUrl\":\"https:\\\/\\\/www.3p-event.de\\\/wp-content\\\/uploads\\\/2016\\\/08\\\/logo_wp_blau_gross.gif\",\"width\":512,\"height\":511,\"caption\":\"Past Present Promotions GbR\"},\"image\":{\"@id\":\"https:\\\/\\\/www.3p-event.de\\\/#\\\/schema\\\/logo\\\/image\\\/\"},\"sameAs\":[\"https:\\\/\\\/www.facebook.com\\\/PastPresentPromotions\"]}]}<\/script>\n<!-- \/ Yoast SEO plugin. -->","yoast_head_json":{"title":"KiTa und Schule - Past Present Promotions","robots":{"index":"index","follow":"follow","max-snippet":"max-snippet:-1","max-image-preview":"max-image-preview:large","max-video-preview":"max-video-preview:-1"},"canonical":"https:\/\/www.3p-event.de\/?page_id=79","og_locale":"de_DE","og_type":"article","og_title":"KiTa und Schule - Past Present Promotions","og_description":"Handlungsorientiertes Lernen spielt in der KiTa und in der Schule eine immer gr\u00f6\u00dfere Rolle. Dabei soll die Vermittlung einerseits die Andersartigkeit vergangener Lebenswelten veranschaulichen und andererseits die M\u00f6glichkeit einer Identifizierung mit den Menschen der Vergangenheit schaffen. Da k\u00f6nnen wir helfen. Denn unsere Angebote, mit denen wir provinzialr\u00f6mische und mittelalterliche Geschichte f\u00fcr Kinder und Jugendliche lebendig &hellip; KiTa und Schule weiterlesen &rarr;","og_url":"https:\/\/www.3p-event.de\/?page_id=79","og_site_name":"Past Present Promotions","article_publisher":"https:\/\/www.facebook.com\/PastPresentPromotions","article_modified_time":"2020-02-13T08:57:57+00:00","og_image":[{"url":"https:\/\/www.3p-event.de\/wp-content\/uploads\/2016\/08\/kalligrafie.jpg","type":"","width":"","height":""}],"twitter_card":"summary_large_image","twitter_misc":{"Gesch\u00e4tzte Lesezeit":"1\u00a0Minute"},"schema":{"@context":"https:\/\/schema.org","@graph":[{"@type":"WebPage","@id":"https:\/\/www.3p-event.de\/?page_id=79","url":"https:\/\/www.3p-event.de\/?page_id=79","name":"KiTa und Schule - Past Present Promotions","isPartOf":{"@id":"https:\/\/www.3p-event.de\/#website"},"primaryImageOfPage":{"@id":"https:\/\/www.3p-event.de\/?page_id=79#primaryimage"},"image":{"@id":"https:\/\/www.3p-event.de\/?page_id=79#primaryimage"},"thumbnailUrl":"https:\/\/www.3p-event.de\/wp-content\/uploads\/2016\/08\/kalligrafie.jpg","datePublished":"2016-08-18T14:04:24+00:00","dateModified":"2020-02-13T08:57:57+00:00","breadcrumb":{"@id":"https:\/\/www.3p-event.de\/?page_id=79#breadcrumb"},"inLanguage":"de","potentialAction":[{"@type":"ReadAction","target":["https:\/\/www.3p-event.de\/?page_id=79"]}]},{"@type":"ImageObject","inLanguage":"de","@id":"https:\/\/www.3p-event.de\/?page_id=79#primaryimage","url":"https:\/\/www.3p-event.de\/wp-content\/uploads\/2016\/08\/kalligrafie.jpg","contentUrl":"https:\/\/www.3p-event.de\/wp-content\/uploads\/2016\/08\/kalligrafie.jpg","width":225,"height":169,"caption":"Kinder \u00fcben mit uns mittelalterliche Schriftformen"},{"@type":"BreadcrumbList","@id":"https:\/\/www.3p-event.de\/?page_id=79#breadcrumb","itemListElement":[{"@type":"ListItem","position":1,"name":"Startseite","item":"https:\/\/www.3p-event.de\/"},{"@type":"ListItem","position":2,"name":"Lernen mit Spa\u00df","item":"https:\/\/www.3p-event.de\/?page_id=71"},{"@type":"ListItem","position":3,"name":"KiTa und Schule"}]},{"@type":"WebSite","@id":"https:\/\/www.3p-event.de\/#website","url":"https:\/\/www.3p-event.de\/","name":"Past Present Promotions","description":"Historische Interpretationen","publisher":{"@id":"https:\/\/www.3p-event.de\/#organization"},"potentialAction":[{"@type":"SearchAction","target":{"@type":"EntryPoint","urlTemplate":"https:\/\/www.3p-event.de\/?s={search_term_string}"},"query-input":{"@type":"PropertyValueSpecification","valueRequired":true,"valueName":"search_term_string"}}],"inLanguage":"de"},{"@type":"Organization","@id":"https:\/\/www.3p-event.de\/#organization","name":"Past Present Promotions GbR","url":"https:\/\/www.3p-event.de\/","logo":{"@type":"ImageObject","inLanguage":"de","@id":"https:\/\/www.3p-event.de\/#\/schema\/logo\/image\/","url":"https:\/\/www.3p-event.de\/wp-content\/uploads\/2016\/08\/logo_wp_blau_gross.gif","contentUrl":"https:\/\/www.3p-event.de\/wp-content\/uploads\/2016\/08\/logo_wp_blau_gross.gif","width":512,"height":511,"caption":"Past Present Promotions GbR"},"image":{"@id":"https:\/\/www.3p-event.de\/#\/schema\/logo\/image\/"},"sameAs":["https:\/\/www.facebook.com\/PastPresentPromotions"]}]}},"_links":{"self":[{"href":"https:\/\/www.3p-event.de\/index.php?rest_route=\/wp\/v2\/pages\/79","targetHints":{"allow":["GET"]}}],"collection":[{"href":"https:\/\/www.3p-event.de\/index.php?rest_route=\/wp\/v2\/pages"}],"about":[{"href":"https:\/\/www.3p-event.de\/index.php?rest_route=\/wp\/v2\/types\/page"}],"author":[{"embeddable":true,"href":"https:\/\/www.3p-event.de\/index.php?rest_route=\/wp\/v2\/users\/1"}],"replies":[{"embeddable":true,"href":"https:\/\/www.3p-event.de\/index.php?rest_route=%2Fwp%2Fv2%2Fcomments&post=79"}],"version-history":[{"count":5,"href":"https:\/\/www.3p-event.de\/index.php?rest_route=\/wp\/v2\/pages\/79\/revisions"}],"predecessor-version":[{"id":433,"href":"https:\/\/www.3p-event.de\/index.php?rest_route=\/wp\/v2\/pages\/79\/revisions\/433"}],"up":[{"embeddable":true,"href":"https:\/\/www.3p-event.de\/index.php?rest_route=\/wp\/v2\/pages\/71"}],"wp:attachment":[{"href":"https:\/\/www.3p-event.de\/index.php?rest_route=%2Fwp%2Fv2%2Fmedia&parent=79"}],"curies":[{"name":"wp","href":"https:\/\/api.w.org\/{rel}","templated":true}]}}