{"id":71,"date":"2016-08-18T13:37:20","date_gmt":"2016-08-18T13:37:20","guid":{"rendered":"http:\/\/s137740124.online.de\/?page_id=71"},"modified":"2020-02-13T08:57:28","modified_gmt":"2020-02-13T08:57:28","slug":"lernen-mit-spass","status":"publish","type":"page","link":"https:\/\/www.3p-event.de\/?page_id=71","title":{"rendered":"Lernen mit Spa\u00df"},"content":{"rendered":"<p>\u00dcber Geschichte lernen mit Spa\u00df, geht das? Ja, \u00fcber Geschichte zu lernen kann Spa\u00df machen. Denn Geschichte setzt sich zusammen aus den vielen kleinen Geschichten, die den Menschen vergangener Zeit widerfahren sind.<\/p>\n<h6>Geschichte besteht aus Geschichten<\/h6>\n<p>Diese Geschichten und die Menschen, die in ihnen eine Rolle spielen, lassen wir f\u00fcr Kinder und Erwachsene lebendig werden &#8211; und zwar nicht nur Kaiser, K\u00f6nige und sonstige wichtige Menschen, sondern auch die kleinen, oftmals (aber nicht immer) namenlosen Leute, die es nicht in die Geschichtsb\u00fccher geschafft haben.<\/p>\n<figure id=\"attachment_72\" aria-describedby=\"caption-attachment-72\" style=\"width: 225px\" class=\"wp-caption alignleft\"><img loading=\"lazy\" decoding=\"async\" class=\"wp-image-72 size-full\" src=\"https:\/\/www.3p-event.de\/wp-content\/uploads\/2016\/08\/muehlespiel.jpg\" alt=\"Kinder mit ihrem selbst gebastelten Kreism\u00fchlespiel\" width=\"225\" height=\"169\" \/><figcaption id=\"caption-attachment-72\" class=\"wp-caption-text\">Kinder lernen mit Spa\u00df &#8211; spielerisch<\/figcaption><\/figure>\n<p>Doch auch die Umst\u00e4nde, unter denen diese Menschen gelebt haben, machen wir erfahrbar. Denn erst die kleinen<br \/>\nAllt\u00e4glichkeiten, die Kenntnis von den Dingen, mit denen die Menschen sich damals umgeben haben und die m\u00f6glichen Sorgen und N\u00f6te der Leute bringen uns die Vergangenheit nahe.<\/p>\n<p>So stillen wir den Wissensdurst von gro\u00dfen und kleinen Wissensdurstigen. In <a href=\"http:\/\/s137740124.online.de\/ueber-geschichte-mit-spass-lernen-das-ist-past-present-promotions\/kita-und-schule\">Kinderg\u00e4rten und Schulen<\/a>, in Einrichtungen der <a href=\"http:\/\/s137740124.online.de\/ueber-geschichte-mit-spass-lernen-das-ist-past-present-promotions\/seminare\">Erwachsenenbildung<\/a> und nat\u00fcrlich auch f\u00fcr historisch interessierte Vereine und Privatleute machen wir Geschichte lebendig.<\/p>\n","protected":false},"excerpt":{"rendered":"<p>\u00dcber Geschichte lernen mit Spa\u00df, geht das? Ja, \u00fcber Geschichte zu lernen kann Spa\u00df machen. Denn Geschichte setzt sich zusammen aus den vielen kleinen Geschichten, die den Menschen vergangener Zeit widerfahren sind. Geschichte besteht aus Geschichten Diese Geschichten und die Menschen, die in ihnen eine Rolle spielen, lassen wir f\u00fcr Kinder und Erwachsene lebendig werden &hellip; <a href=\"https:\/\/www.3p-event.de\/?page_id=71\" class=\"more-link\"><span class=\"screen-reader-text\">Lernen mit Spa\u00df<\/span> weiterlesen <span class=\"meta-nav\">&rarr;<\/span><\/a><\/p>\n","protected":false},"author":1,"featured_media":0,"parent":0,"menu_order":5,"comment_status":"closed","ping_status":"closed","template":"","meta":{"footnotes":""},"class_list":["post-71","page","type-page","status-publish","hentry"],"yoast_head":"<!-- This site is optimized with the Yoast SEO plugin v27.5 - https:\/\/yoast.com\/product\/yoast-seo-wordpress\/ -->\n<title>Lernen mit Spa\u00df - Past Present Promotions<\/title>\n<meta name=\"robots\" content=\"index, follow, max-snippet:-1, max-image-preview:large, max-video-preview:-1\" \/>\n<link rel=\"canonical\" href=\"https:\/\/www.3p-event.de\/?page_id=71\" \/>\n<meta property=\"og:locale\" content=\"de_DE\" \/>\n<meta property=\"og:type\" content=\"article\" \/>\n<meta property=\"og:title\" content=\"Lernen mit Spa\u00df - Past Present Promotions\" \/>\n<meta property=\"og:description\" content=\"\u00dcber Geschichte lernen mit Spa\u00df, geht das? Ja, \u00fcber Geschichte zu lernen kann Spa\u00df machen. Denn Geschichte setzt sich zusammen aus den vielen kleinen Geschichten, die den Menschen vergangener Zeit widerfahren sind. Geschichte besteht aus Geschichten Diese Geschichten und die Menschen, die in ihnen eine Rolle spielen, lassen wir f\u00fcr Kinder und Erwachsene lebendig werden &hellip; Lernen mit Spa\u00df weiterlesen &rarr;\" \/>\n<meta property=\"og:url\" content=\"https:\/\/www.3p-event.de\/?page_id=71\" \/>\n<meta property=\"og:site_name\" content=\"Past Present Promotions\" \/>\n<meta property=\"article:publisher\" content=\"https:\/\/www.facebook.com\/PastPresentPromotions\" \/>\n<meta property=\"article:modified_time\" content=\"2020-02-13T08:57:28+00:00\" \/>\n<meta property=\"og:image\" content=\"https:\/\/www.3p-event.de\/wp-content\/uploads\/2016\/08\/muehlespiel.jpg\" \/>\n<meta name=\"twitter:card\" content=\"summary_large_image\" \/>\n<meta name=\"twitter:label1\" content=\"Gesch\u00e4tzte Lesezeit\" \/>\n\t<meta name=\"twitter:data1\" content=\"1\u00a0Minute\" \/>\n<script type=\"application\/ld+json\" class=\"yoast-schema-graph\">{\"@context\":\"https:\\\/\\\/schema.org\",\"@graph\":[{\"@type\":\"WebPage\",\"@id\":\"https:\\\/\\\/www.3p-event.de\\\/?page_id=71\",\"url\":\"https:\\\/\\\/www.3p-event.de\\\/?page_id=71\",\"name\":\"Lernen mit Spa\u00df - Past Present Promotions\",\"isPartOf\":{\"@id\":\"https:\\\/\\\/www.3p-event.de\\\/#website\"},\"primaryImageOfPage\":{\"@id\":\"https:\\\/\\\/www.3p-event.de\\\/?page_id=71#primaryimage\"},\"image\":{\"@id\":\"https:\\\/\\\/www.3p-event.de\\\/?page_id=71#primaryimage\"},\"thumbnailUrl\":\"https:\\\/\\\/www.3p-event.de\\\/wp-content\\\/uploads\\\/2016\\\/08\\\/muehlespiel.jpg\",\"datePublished\":\"2016-08-18T13:37:20+00:00\",\"dateModified\":\"2020-02-13T08:57:28+00:00\",\"breadcrumb\":{\"@id\":\"https:\\\/\\\/www.3p-event.de\\\/?page_id=71#breadcrumb\"},\"inLanguage\":\"de\",\"potentialAction\":[{\"@type\":\"ReadAction\",\"target\":[\"https:\\\/\\\/www.3p-event.de\\\/?page_id=71\"]}]},{\"@type\":\"ImageObject\",\"inLanguage\":\"de\",\"@id\":\"https:\\\/\\\/www.3p-event.de\\\/?page_id=71#primaryimage\",\"url\":\"https:\\\/\\\/www.3p-event.de\\\/wp-content\\\/uploads\\\/2016\\\/08\\\/muehlespiel.jpg\",\"contentUrl\":\"https:\\\/\\\/www.3p-event.de\\\/wp-content\\\/uploads\\\/2016\\\/08\\\/muehlespiel.jpg\",\"width\":225,\"height\":169,\"caption\":\"Kinder mit ihrem selbst gebastelten Kreism\u00fchlespiel\"},{\"@type\":\"BreadcrumbList\",\"@id\":\"https:\\\/\\\/www.3p-event.de\\\/?page_id=71#breadcrumb\",\"itemListElement\":[{\"@type\":\"ListItem\",\"position\":1,\"name\":\"Startseite\",\"item\":\"https:\\\/\\\/www.3p-event.de\\\/\"},{\"@type\":\"ListItem\",\"position\":2,\"name\":\"Lernen mit Spa\u00df\"}]},{\"@type\":\"WebSite\",\"@id\":\"https:\\\/\\\/www.3p-event.de\\\/#website\",\"url\":\"https:\\\/\\\/www.3p-event.de\\\/\",\"name\":\"Past Present Promotions\",\"description\":\"Historische Interpretationen\",\"publisher\":{\"@id\":\"https:\\\/\\\/www.3p-event.de\\\/#organization\"},\"potentialAction\":[{\"@type\":\"SearchAction\",\"target\":{\"@type\":\"EntryPoint\",\"urlTemplate\":\"https:\\\/\\\/www.3p-event.de\\\/?s={search_term_string}\"},\"query-input\":{\"@type\":\"PropertyValueSpecification\",\"valueRequired\":true,\"valueName\":\"search_term_string\"}}],\"inLanguage\":\"de\"},{\"@type\":\"Organization\",\"@id\":\"https:\\\/\\\/www.3p-event.de\\\/#organization\",\"name\":\"Past Present Promotions GbR\",\"url\":\"https:\\\/\\\/www.3p-event.de\\\/\",\"logo\":{\"@type\":\"ImageObject\",\"inLanguage\":\"de\",\"@id\":\"https:\\\/\\\/www.3p-event.de\\\/#\\\/schema\\\/logo\\\/image\\\/\",\"url\":\"https:\\\/\\\/www.3p-event.de\\\/wp-content\\\/uploads\\\/2016\\\/08\\\/logo_wp_blau_gross.gif\",\"contentUrl\":\"https:\\\/\\\/www.3p-event.de\\\/wp-content\\\/uploads\\\/2016\\\/08\\\/logo_wp_blau_gross.gif\",\"width\":512,\"height\":511,\"caption\":\"Past Present Promotions GbR\"},\"image\":{\"@id\":\"https:\\\/\\\/www.3p-event.de\\\/#\\\/schema\\\/logo\\\/image\\\/\"},\"sameAs\":[\"https:\\\/\\\/www.facebook.com\\\/PastPresentPromotions\"]}]}<\/script>\n<!-- \/ Yoast SEO plugin. -->","yoast_head_json":{"title":"Lernen mit Spa\u00df - Past Present Promotions","robots":{"index":"index","follow":"follow","max-snippet":"max-snippet:-1","max-image-preview":"max-image-preview:large","max-video-preview":"max-video-preview:-1"},"canonical":"https:\/\/www.3p-event.de\/?page_id=71","og_locale":"de_DE","og_type":"article","og_title":"Lernen mit Spa\u00df - Past Present Promotions","og_description":"\u00dcber Geschichte lernen mit Spa\u00df, geht das? Ja, \u00fcber Geschichte zu lernen kann Spa\u00df machen. Denn Geschichte setzt sich zusammen aus den vielen kleinen Geschichten, die den Menschen vergangener Zeit widerfahren sind. Geschichte besteht aus Geschichten Diese Geschichten und die Menschen, die in ihnen eine Rolle spielen, lassen wir f\u00fcr Kinder und Erwachsene lebendig werden &hellip; Lernen mit Spa\u00df weiterlesen &rarr;","og_url":"https:\/\/www.3p-event.de\/?page_id=71","og_site_name":"Past Present Promotions","article_publisher":"https:\/\/www.facebook.com\/PastPresentPromotions","article_modified_time":"2020-02-13T08:57:28+00:00","og_image":[{"url":"https:\/\/www.3p-event.de\/wp-content\/uploads\/2016\/08\/muehlespiel.jpg","type":"","width":"","height":""}],"twitter_card":"summary_large_image","twitter_misc":{"Gesch\u00e4tzte Lesezeit":"1\u00a0Minute"},"schema":{"@context":"https:\/\/schema.org","@graph":[{"@type":"WebPage","@id":"https:\/\/www.3p-event.de\/?page_id=71","url":"https:\/\/www.3p-event.de\/?page_id=71","name":"Lernen mit Spa\u00df - Past Present Promotions","isPartOf":{"@id":"https:\/\/www.3p-event.de\/#website"},"primaryImageOfPage":{"@id":"https:\/\/www.3p-event.de\/?page_id=71#primaryimage"},"image":{"@id":"https:\/\/www.3p-event.de\/?page_id=71#primaryimage"},"thumbnailUrl":"https:\/\/www.3p-event.de\/wp-content\/uploads\/2016\/08\/muehlespiel.jpg","datePublished":"2016-08-18T13:37:20+00:00","dateModified":"2020-02-13T08:57:28+00:00","breadcrumb":{"@id":"https:\/\/www.3p-event.de\/?page_id=71#breadcrumb"},"inLanguage":"de","potentialAction":[{"@type":"ReadAction","target":["https:\/\/www.3p-event.de\/?page_id=71"]}]},{"@type":"ImageObject","inLanguage":"de","@id":"https:\/\/www.3p-event.de\/?page_id=71#primaryimage","url":"https:\/\/www.3p-event.de\/wp-content\/uploads\/2016\/08\/muehlespiel.jpg","contentUrl":"https:\/\/www.3p-event.de\/wp-content\/uploads\/2016\/08\/muehlespiel.jpg","width":225,"height":169,"caption":"Kinder mit ihrem selbst gebastelten Kreism\u00fchlespiel"},{"@type":"BreadcrumbList","@id":"https:\/\/www.3p-event.de\/?page_id=71#breadcrumb","itemListElement":[{"@type":"ListItem","position":1,"name":"Startseite","item":"https:\/\/www.3p-event.de\/"},{"@type":"ListItem","position":2,"name":"Lernen mit Spa\u00df"}]},{"@type":"WebSite","@id":"https:\/\/www.3p-event.de\/#website","url":"https:\/\/www.3p-event.de\/","name":"Past Present Promotions","description":"Historische Interpretationen","publisher":{"@id":"https:\/\/www.3p-event.de\/#organization"},"potentialAction":[{"@type":"SearchAction","target":{"@type":"EntryPoint","urlTemplate":"https:\/\/www.3p-event.de\/?s={search_term_string}"},"query-input":{"@type":"PropertyValueSpecification","valueRequired":true,"valueName":"search_term_string"}}],"inLanguage":"de"},{"@type":"Organization","@id":"https:\/\/www.3p-event.de\/#organization","name":"Past Present Promotions GbR","url":"https:\/\/www.3p-event.de\/","logo":{"@type":"ImageObject","inLanguage":"de","@id":"https:\/\/www.3p-event.de\/#\/schema\/logo\/image\/","url":"https:\/\/www.3p-event.de\/wp-content\/uploads\/2016\/08\/logo_wp_blau_gross.gif","contentUrl":"https:\/\/www.3p-event.de\/wp-content\/uploads\/2016\/08\/logo_wp_blau_gross.gif","width":512,"height":511,"caption":"Past Present Promotions GbR"},"image":{"@id":"https:\/\/www.3p-event.de\/#\/schema\/logo\/image\/"},"sameAs":["https:\/\/www.facebook.com\/PastPresentPromotions"]}]}},"_links":{"self":[{"href":"https:\/\/www.3p-event.de\/index.php?rest_route=\/wp\/v2\/pages\/71","targetHints":{"allow":["GET"]}}],"collection":[{"href":"https:\/\/www.3p-event.de\/index.php?rest_route=\/wp\/v2\/pages"}],"about":[{"href":"https:\/\/www.3p-event.de\/index.php?rest_route=\/wp\/v2\/types\/page"}],"author":[{"embeddable":true,"href":"https:\/\/www.3p-event.de\/index.php?rest_route=\/wp\/v2\/users\/1"}],"replies":[{"embeddable":true,"href":"https:\/\/www.3p-event.de\/index.php?rest_route=%2Fwp%2Fv2%2Fcomments&post=71"}],"version-history":[{"count":6,"href":"https:\/\/www.3p-event.de\/index.php?rest_route=\/wp\/v2\/pages\/71\/revisions"}],"predecessor-version":[{"id":432,"href":"https:\/\/www.3p-event.de\/index.php?rest_route=\/wp\/v2\/pages\/71\/revisions\/432"}],"wp:attachment":[{"href":"https:\/\/www.3p-event.de\/index.php?rest_route=%2Fwp%2Fv2%2Fmedia&parent=71"}],"curies":[{"name":"wp","href":"https:\/\/api.w.org\/{rel}","templated":true}]}}