{"id":58,"date":"2016-08-17T21:32:14","date_gmt":"2016-08-17T21:32:14","guid":{"rendered":"http:\/\/s137740124.online.de\/?page_id=58"},"modified":"2020-02-13T08:51:56","modified_gmt":"2020-02-13T08:51:56","slug":"museumsfeste-und-familientage","status":"publish","type":"page","link":"https:\/\/www.3p-event.de\/?page_id=58","title":{"rendered":"Museumsfeste und Familientage"},"content":{"rendered":"<figure id=\"attachment_59\" aria-describedby=\"caption-attachment-59\" style=\"width: 225px\" class=\"wp-caption alignleft\"><img loading=\"lazy\" decoding=\"async\" class=\"wp-image-59 size-full\" src=\"https:\/\/www.3p-event.de\/wp-content\/uploads\/2016\/08\/keltendorf2.jpg\" alt=\"Im Keltendorf der Au\u00dfenstelle Titz des LVR-Amtes f\u00fcr Bodendekmalpflege\" width=\"225\" height=\"177\" \/><figcaption id=\"caption-attachment-59\" class=\"wp-caption-text\">Im Keltendorf der Au\u00dfenstelle Titz des LVR-Amtes f\u00fcr Bodendenkmalpflege<\/figcaption><\/figure>\n<p>Ob Internationaler Museumstag, Tag des offenen Denkmals oder das Rahmenprogramm zu einer Sonderausstellung: Museumsfeste und Familientage ziehen Besucher. Aber nur der Inhalt bindet. Mit Past Present Promotions erhalten Museen Events mit Inhalt!<\/p>\n<h6>Museumsfeste und Familientage mit Inhalt<\/h6>\n<figure id=\"attachment_60\" aria-describedby=\"caption-attachment-60\" style=\"width: 150px\" class=\"wp-caption alignright\"><img loading=\"lazy\" decoding=\"async\" class=\"wp-image-60 size-full\" src=\"https:\/\/www.3p-event.de\/wp-content\/uploads\/2016\/08\/modenschau_nideggen.jpg\" alt=\"Mittelalterliche Modenschau im Museum Burg Nideggen\" width=\"150\" height=\"225\" \/><figcaption id=\"caption-attachment-60\" class=\"wp-caption-text\">Mittelalterliche Modenschau im Museum Burg Nideggen<\/figcaption><\/figure>\n<p>Unsere M\u00f6glichkeiten sind hierbei vielf\u00e4ltig. F\u00fcr kleine Besucher bieten wir Aktionsspiele und praktische Workshops, f\u00fcr die Gro\u00dfen f\u00fchren wir alte Handwerks- und Handarbeitstechniken vor. Den Chic vergangener Zeiten pr\u00e4sentieren wir als Modenschau und in die Gedankenwelt der Menschen entf\u00fchren wir in kleinen Spielszenen. Und wenn es ganz gro\u00df werden soll: Wie w\u00e4re es mit einem historischen Markt?<\/p>\n","protected":false},"excerpt":{"rendered":"<p>Ob Internationaler Museumstag, Tag des offenen Denkmals oder das Rahmenprogramm zu einer Sonderausstellung: Museumsfeste und Familientage ziehen Besucher. Aber nur der Inhalt bindet. Mit Past Present Promotions erhalten Museen Events mit Inhalt! Museumsfeste und Familientage mit Inhalt Unsere M\u00f6glichkeiten sind hierbei vielf\u00e4ltig. F\u00fcr kleine Besucher bieten wir Aktionsspiele und praktische Workshops, f\u00fcr die Gro\u00dfen f\u00fchren &hellip; <a href=\"https:\/\/www.3p-event.de\/?page_id=58\" class=\"more-link\"><span class=\"screen-reader-text\">Museumsfeste und Familientage<\/span> weiterlesen <span class=\"meta-nav\">&rarr;<\/span><\/a><\/p>\n","protected":false},"author":1,"featured_media":0,"parent":51,"menu_order":2,"comment_status":"closed","ping_status":"closed","template":"","meta":{"footnotes":""},"class_list":["post-58","page","type-page","status-publish","hentry"],"yoast_head":"<!-- This site is optimized with the Yoast SEO plugin v27.5 - https:\/\/yoast.com\/product\/yoast-seo-wordpress\/ -->\n<title>Museumsfeste und Familientage - Past Present Promotions<\/title>\n<meta name=\"robots\" content=\"index, follow, max-snippet:-1, max-image-preview:large, max-video-preview:-1\" \/>\n<link rel=\"canonical\" href=\"https:\/\/www.3p-event.de\/?page_id=58\" \/>\n<meta property=\"og:locale\" content=\"de_DE\" \/>\n<meta property=\"og:type\" content=\"article\" \/>\n<meta property=\"og:title\" content=\"Museumsfeste und Familientage - Past Present Promotions\" \/>\n<meta property=\"og:description\" content=\"Ob Internationaler Museumstag, Tag des offenen Denkmals oder das Rahmenprogramm zu einer Sonderausstellung: Museumsfeste und Familientage ziehen Besucher. Aber nur der Inhalt bindet. Mit Past Present Promotions erhalten Museen Events mit Inhalt! Museumsfeste und Familientage mit Inhalt Unsere M\u00f6glichkeiten sind hierbei vielf\u00e4ltig. F\u00fcr kleine Besucher bieten wir Aktionsspiele und praktische Workshops, f\u00fcr die Gro\u00dfen f\u00fchren &hellip; Museumsfeste und Familientage weiterlesen &rarr;\" \/>\n<meta property=\"og:url\" content=\"https:\/\/www.3p-event.de\/?page_id=58\" \/>\n<meta property=\"og:site_name\" content=\"Past Present Promotions\" \/>\n<meta property=\"article:publisher\" content=\"https:\/\/www.facebook.com\/PastPresentPromotions\" \/>\n<meta property=\"article:modified_time\" content=\"2020-02-13T08:51:56+00:00\" \/>\n<meta property=\"og:image\" content=\"https:\/\/www.3p-event.de\/wp-content\/uploads\/2016\/08\/keltendorf2.jpg\" \/>\n<meta name=\"twitter:card\" content=\"summary_large_image\" \/>\n<meta name=\"twitter:label1\" content=\"Gesch\u00e4tzte Lesezeit\" \/>\n\t<meta name=\"twitter:data1\" content=\"1\u00a0Minute\" \/>\n<script type=\"application\/ld+json\" class=\"yoast-schema-graph\">{\"@context\":\"https:\\\/\\\/schema.org\",\"@graph\":[{\"@type\":\"WebPage\",\"@id\":\"https:\\\/\\\/www.3p-event.de\\\/?page_id=58\",\"url\":\"https:\\\/\\\/www.3p-event.de\\\/?page_id=58\",\"name\":\"Museumsfeste und Familientage - Past Present Promotions\",\"isPartOf\":{\"@id\":\"https:\\\/\\\/www.3p-event.de\\\/#website\"},\"primaryImageOfPage\":{\"@id\":\"https:\\\/\\\/www.3p-event.de\\\/?page_id=58#primaryimage\"},\"image\":{\"@id\":\"https:\\\/\\\/www.3p-event.de\\\/?page_id=58#primaryimage\"},\"thumbnailUrl\":\"https:\\\/\\\/www.3p-event.de\\\/wp-content\\\/uploads\\\/2016\\\/08\\\/keltendorf2.jpg\",\"datePublished\":\"2016-08-17T21:32:14+00:00\",\"dateModified\":\"2020-02-13T08:51:56+00:00\",\"breadcrumb\":{\"@id\":\"https:\\\/\\\/www.3p-event.de\\\/?page_id=58#breadcrumb\"},\"inLanguage\":\"de\",\"potentialAction\":[{\"@type\":\"ReadAction\",\"target\":[\"https:\\\/\\\/www.3p-event.de\\\/?page_id=58\"]}]},{\"@type\":\"ImageObject\",\"inLanguage\":\"de\",\"@id\":\"https:\\\/\\\/www.3p-event.de\\\/?page_id=58#primaryimage\",\"url\":\"https:\\\/\\\/www.3p-event.de\\\/wp-content\\\/uploads\\\/2016\\\/08\\\/keltendorf2.jpg\",\"contentUrl\":\"https:\\\/\\\/www.3p-event.de\\\/wp-content\\\/uploads\\\/2016\\\/08\\\/keltendorf2.jpg\",\"width\":225,\"height\":177,\"caption\":\"Im Keltendorf der Au\u00dfenstelle Titz des LVR-Amtes f\u00fcr Bodendenkmalpflege\"},{\"@type\":\"BreadcrumbList\",\"@id\":\"https:\\\/\\\/www.3p-event.de\\\/?page_id=58#breadcrumb\",\"itemListElement\":[{\"@type\":\"ListItem\",\"position\":1,\"name\":\"Startseite\",\"item\":\"https:\\\/\\\/www.3p-event.de\\\/\"},{\"@type\":\"ListItem\",\"position\":2,\"name\":\"Im Museum\",\"item\":\"https:\\\/\\\/www.3p-event.de\\\/?page_id=51\"},{\"@type\":\"ListItem\",\"position\":3,\"name\":\"Museumsfeste und Familientage\"}]},{\"@type\":\"WebSite\",\"@id\":\"https:\\\/\\\/www.3p-event.de\\\/#website\",\"url\":\"https:\\\/\\\/www.3p-event.de\\\/\",\"name\":\"Past Present Promotions\",\"description\":\"Historische Interpretationen\",\"publisher\":{\"@id\":\"https:\\\/\\\/www.3p-event.de\\\/#organization\"},\"potentialAction\":[{\"@type\":\"SearchAction\",\"target\":{\"@type\":\"EntryPoint\",\"urlTemplate\":\"https:\\\/\\\/www.3p-event.de\\\/?s={search_term_string}\"},\"query-input\":{\"@type\":\"PropertyValueSpecification\",\"valueRequired\":true,\"valueName\":\"search_term_string\"}}],\"inLanguage\":\"de\"},{\"@type\":\"Organization\",\"@id\":\"https:\\\/\\\/www.3p-event.de\\\/#organization\",\"name\":\"Past Present Promotions GbR\",\"url\":\"https:\\\/\\\/www.3p-event.de\\\/\",\"logo\":{\"@type\":\"ImageObject\",\"inLanguage\":\"de\",\"@id\":\"https:\\\/\\\/www.3p-event.de\\\/#\\\/schema\\\/logo\\\/image\\\/\",\"url\":\"https:\\\/\\\/www.3p-event.de\\\/wp-content\\\/uploads\\\/2016\\\/08\\\/logo_wp_blau_gross.gif\",\"contentUrl\":\"https:\\\/\\\/www.3p-event.de\\\/wp-content\\\/uploads\\\/2016\\\/08\\\/logo_wp_blau_gross.gif\",\"width\":512,\"height\":511,\"caption\":\"Past Present Promotions GbR\"},\"image\":{\"@id\":\"https:\\\/\\\/www.3p-event.de\\\/#\\\/schema\\\/logo\\\/image\\\/\"},\"sameAs\":[\"https:\\\/\\\/www.facebook.com\\\/PastPresentPromotions\"]}]}<\/script>\n<!-- \/ Yoast SEO plugin. -->","yoast_head_json":{"title":"Museumsfeste und Familientage - Past Present Promotions","robots":{"index":"index","follow":"follow","max-snippet":"max-snippet:-1","max-image-preview":"max-image-preview:large","max-video-preview":"max-video-preview:-1"},"canonical":"https:\/\/www.3p-event.de\/?page_id=58","og_locale":"de_DE","og_type":"article","og_title":"Museumsfeste und Familientage - Past Present Promotions","og_description":"Ob Internationaler Museumstag, Tag des offenen Denkmals oder das Rahmenprogramm zu einer Sonderausstellung: Museumsfeste und Familientage ziehen Besucher. Aber nur der Inhalt bindet. Mit Past Present Promotions erhalten Museen Events mit Inhalt! Museumsfeste und Familientage mit Inhalt Unsere M\u00f6glichkeiten sind hierbei vielf\u00e4ltig. F\u00fcr kleine Besucher bieten wir Aktionsspiele und praktische Workshops, f\u00fcr die Gro\u00dfen f\u00fchren &hellip; Museumsfeste und Familientage weiterlesen &rarr;","og_url":"https:\/\/www.3p-event.de\/?page_id=58","og_site_name":"Past Present Promotions","article_publisher":"https:\/\/www.facebook.com\/PastPresentPromotions","article_modified_time":"2020-02-13T08:51:56+00:00","og_image":[{"url":"https:\/\/www.3p-event.de\/wp-content\/uploads\/2016\/08\/keltendorf2.jpg","type":"","width":"","height":""}],"twitter_card":"summary_large_image","twitter_misc":{"Gesch\u00e4tzte Lesezeit":"1\u00a0Minute"},"schema":{"@context":"https:\/\/schema.org","@graph":[{"@type":"WebPage","@id":"https:\/\/www.3p-event.de\/?page_id=58","url":"https:\/\/www.3p-event.de\/?page_id=58","name":"Museumsfeste und Familientage - Past Present Promotions","isPartOf":{"@id":"https:\/\/www.3p-event.de\/#website"},"primaryImageOfPage":{"@id":"https:\/\/www.3p-event.de\/?page_id=58#primaryimage"},"image":{"@id":"https:\/\/www.3p-event.de\/?page_id=58#primaryimage"},"thumbnailUrl":"https:\/\/www.3p-event.de\/wp-content\/uploads\/2016\/08\/keltendorf2.jpg","datePublished":"2016-08-17T21:32:14+00:00","dateModified":"2020-02-13T08:51:56+00:00","breadcrumb":{"@id":"https:\/\/www.3p-event.de\/?page_id=58#breadcrumb"},"inLanguage":"de","potentialAction":[{"@type":"ReadAction","target":["https:\/\/www.3p-event.de\/?page_id=58"]}]},{"@type":"ImageObject","inLanguage":"de","@id":"https:\/\/www.3p-event.de\/?page_id=58#primaryimage","url":"https:\/\/www.3p-event.de\/wp-content\/uploads\/2016\/08\/keltendorf2.jpg","contentUrl":"https:\/\/www.3p-event.de\/wp-content\/uploads\/2016\/08\/keltendorf2.jpg","width":225,"height":177,"caption":"Im Keltendorf der Au\u00dfenstelle Titz des LVR-Amtes f\u00fcr Bodendenkmalpflege"},{"@type":"BreadcrumbList","@id":"https:\/\/www.3p-event.de\/?page_id=58#breadcrumb","itemListElement":[{"@type":"ListItem","position":1,"name":"Startseite","item":"https:\/\/www.3p-event.de\/"},{"@type":"ListItem","position":2,"name":"Im Museum","item":"https:\/\/www.3p-event.de\/?page_id=51"},{"@type":"ListItem","position":3,"name":"Museumsfeste und Familientage"}]},{"@type":"WebSite","@id":"https:\/\/www.3p-event.de\/#website","url":"https:\/\/www.3p-event.de\/","name":"Past Present Promotions","description":"Historische Interpretationen","publisher":{"@id":"https:\/\/www.3p-event.de\/#organization"},"potentialAction":[{"@type":"SearchAction","target":{"@type":"EntryPoint","urlTemplate":"https:\/\/www.3p-event.de\/?s={search_term_string}"},"query-input":{"@type":"PropertyValueSpecification","valueRequired":true,"valueName":"search_term_string"}}],"inLanguage":"de"},{"@type":"Organization","@id":"https:\/\/www.3p-event.de\/#organization","name":"Past Present Promotions GbR","url":"https:\/\/www.3p-event.de\/","logo":{"@type":"ImageObject","inLanguage":"de","@id":"https:\/\/www.3p-event.de\/#\/schema\/logo\/image\/","url":"https:\/\/www.3p-event.de\/wp-content\/uploads\/2016\/08\/logo_wp_blau_gross.gif","contentUrl":"https:\/\/www.3p-event.de\/wp-content\/uploads\/2016\/08\/logo_wp_blau_gross.gif","width":512,"height":511,"caption":"Past Present Promotions GbR"},"image":{"@id":"https:\/\/www.3p-event.de\/#\/schema\/logo\/image\/"},"sameAs":["https:\/\/www.facebook.com\/PastPresentPromotions"]}]}},"_links":{"self":[{"href":"https:\/\/www.3p-event.de\/index.php?rest_route=\/wp\/v2\/pages\/58","targetHints":{"allow":["GET"]}}],"collection":[{"href":"https:\/\/www.3p-event.de\/index.php?rest_route=\/wp\/v2\/pages"}],"about":[{"href":"https:\/\/www.3p-event.de\/index.php?rest_route=\/wp\/v2\/types\/page"}],"author":[{"embeddable":true,"href":"https:\/\/www.3p-event.de\/index.php?rest_route=\/wp\/v2\/users\/1"}],"replies":[{"embeddable":true,"href":"https:\/\/www.3p-event.de\/index.php?rest_route=%2Fwp%2Fv2%2Fcomments&post=58"}],"version-history":[{"count":5,"href":"https:\/\/www.3p-event.de\/index.php?rest_route=\/wp\/v2\/pages\/58\/revisions"}],"predecessor-version":[{"id":426,"href":"https:\/\/www.3p-event.de\/index.php?rest_route=\/wp\/v2\/pages\/58\/revisions\/426"}],"up":[{"embeddable":true,"href":"https:\/\/www.3p-event.de\/index.php?rest_route=\/wp\/v2\/pages\/51"}],"wp:attachment":[{"href":"https:\/\/www.3p-event.de\/index.php?rest_route=%2Fwp%2Fv2%2Fmedia&parent=58"}],"curies":[{"name":"wp","href":"https:\/\/api.w.org\/{rel}","templated":true}]}}