{"id":55,"date":"2016-08-17T21:24:55","date_gmt":"2016-08-17T21:24:55","guid":{"rendered":"http:\/\/s137740124.online.de\/?page_id=55"},"modified":"2016-08-19T17:22:33","modified_gmt":"2016-08-19T17:22:33","slug":"museumsfuehrungen-als-erlebnis","status":"publish","type":"page","link":"https:\/\/www.3p-event.de\/?page_id=55","title":{"rendered":"Museumsf\u00fchrungen als Erlebnis"},"content":{"rendered":"<p>Museumsf\u00fchrungen, die nicht nur Augen und Ohren, sondern alle Sinne ansprechen &#8211; geht das? Ja, mit Past Present Promotions geht das.<\/p>\n<h6>Wir machen vergangene Lebenswelten begreifbar<\/h6>\n<figure id=\"attachment_56\" aria-describedby=\"caption-attachment-56\" style=\"width: 225px\" class=\"wp-caption alignleft\"><img loading=\"lazy\" decoding=\"async\" class=\"size-full wp-image-56\" src=\"http:\/\/s137740124.online.de\/wp-content\/uploads\/2016\/08\/maechte1.jpg\" alt=\"Mittelalter-Erlebnisf\u00fchrung im LVR-LandesMuseum Bonn\" width=\"225\" height=\"169\" \/><figcaption id=\"caption-attachment-56\" class=\"wp-caption-text\">Mittelalter-Erlebnisf\u00fchrung im LVR-LandesMuseum Bonn<\/figcaption><\/figure>\n<p>In der Rolle fiktiver oder tats\u00e4chlicher Figuren der Geschichte begleiten wir die Besucher Ihres Museums durch Ihre Ausstellung. Dabei erkl\u00e4ren wir nicht nur die Exponate, sondern stellen sie auch in den Kontext l\u00e4ngst vergangener Lebenswelten. Einzelne Objekte k\u00f6nnen wir zudem in Form von Repliken quasi &#8222;aus der Vitrine holen&#8220;.<\/p>\n<p>Unsere Bandbreit reicht dabei von den Kelten, R\u00f6mern und Germanen \u00fcber das fr\u00fche, hohe und sp\u00e4te Mittelalter bis in die Neuzeit.<\/p>\n","protected":false},"excerpt":{"rendered":"<p>Museumsf\u00fchrungen, die nicht nur Augen und Ohren, sondern alle Sinne ansprechen &#8211; geht das? Ja, mit Past Present Promotions geht das. Wir machen vergangene Lebenswelten begreifbar In der Rolle fiktiver oder tats\u00e4chlicher Figuren der Geschichte begleiten wir die Besucher Ihres Museums durch Ihre Ausstellung. Dabei erkl\u00e4ren wir nicht nur die Exponate, sondern stellen sie auch &hellip; <a href=\"https:\/\/www.3p-event.de\/?page_id=55\" class=\"more-link\"><span class=\"screen-reader-text\">Museumsf\u00fchrungen als Erlebnis<\/span> weiterlesen <span class=\"meta-nav\">&rarr;<\/span><\/a><\/p>\n","protected":false},"author":1,"featured_media":0,"parent":51,"menu_order":1,"comment_status":"closed","ping_status":"closed","template":"","meta":{"footnotes":""},"class_list":["post-55","page","type-page","status-publish","hentry"],"yoast_head":"<!-- This site is optimized with the Yoast SEO plugin v27.5 - https:\/\/yoast.com\/product\/yoast-seo-wordpress\/ -->\n<title>Museumsf\u00fchrungen als Erlebnis - Past Present Promotions<\/title>\n<meta name=\"robots\" content=\"index, follow, max-snippet:-1, max-image-preview:large, max-video-preview:-1\" \/>\n<link rel=\"canonical\" href=\"https:\/\/www.3p-event.de\/?page_id=55\" \/>\n<meta property=\"og:locale\" content=\"de_DE\" \/>\n<meta property=\"og:type\" content=\"article\" \/>\n<meta property=\"og:title\" content=\"Museumsf\u00fchrungen als Erlebnis - Past Present Promotions\" \/>\n<meta property=\"og:description\" content=\"Museumsf\u00fchrungen, die nicht nur Augen und Ohren, sondern alle Sinne ansprechen &#8211; geht das? Ja, mit Past Present Promotions geht das. Wir machen vergangene Lebenswelten begreifbar In der Rolle fiktiver oder tats\u00e4chlicher Figuren der Geschichte begleiten wir die Besucher Ihres Museums durch Ihre Ausstellung. Dabei erkl\u00e4ren wir nicht nur die Exponate, sondern stellen sie auch &hellip; Museumsf\u00fchrungen als Erlebnis weiterlesen &rarr;\" \/>\n<meta property=\"og:url\" content=\"https:\/\/www.3p-event.de\/?page_id=55\" \/>\n<meta property=\"og:site_name\" content=\"Past Present Promotions\" \/>\n<meta property=\"article:publisher\" content=\"https:\/\/www.facebook.com\/PastPresentPromotions\" \/>\n<meta property=\"article:modified_time\" content=\"2016-08-19T17:22:33+00:00\" \/>\n<meta property=\"og:image\" content=\"http:\/\/s137740124.online.de\/wp-content\/uploads\/2016\/08\/maechte1.jpg\" \/>\n<meta name=\"twitter:card\" content=\"summary_large_image\" \/>\n<meta name=\"twitter:label1\" content=\"Gesch\u00e4tzte Lesezeit\" \/>\n\t<meta name=\"twitter:data1\" content=\"1\u00a0Minute\" \/>\n<script type=\"application\/ld+json\" class=\"yoast-schema-graph\">{\"@context\":\"https:\\\/\\\/schema.org\",\"@graph\":[{\"@type\":\"WebPage\",\"@id\":\"https:\\\/\\\/www.3p-event.de\\\/?page_id=55\",\"url\":\"https:\\\/\\\/www.3p-event.de\\\/?page_id=55\",\"name\":\"Museumsf\u00fchrungen als Erlebnis - Past Present Promotions\",\"isPartOf\":{\"@id\":\"https:\\\/\\\/www.3p-event.de\\\/#website\"},\"primaryImageOfPage\":{\"@id\":\"https:\\\/\\\/www.3p-event.de\\\/?page_id=55#primaryimage\"},\"image\":{\"@id\":\"https:\\\/\\\/www.3p-event.de\\\/?page_id=55#primaryimage\"},\"thumbnailUrl\":\"http:\\\/\\\/s137740124.online.de\\\/wp-content\\\/uploads\\\/2016\\\/08\\\/maechte1.jpg\",\"datePublished\":\"2016-08-17T21:24:55+00:00\",\"dateModified\":\"2016-08-19T17:22:33+00:00\",\"breadcrumb\":{\"@id\":\"https:\\\/\\\/www.3p-event.de\\\/?page_id=55#breadcrumb\"},\"inLanguage\":\"de\",\"potentialAction\":[{\"@type\":\"ReadAction\",\"target\":[\"https:\\\/\\\/www.3p-event.de\\\/?page_id=55\"]}]},{\"@type\":\"ImageObject\",\"inLanguage\":\"de\",\"@id\":\"https:\\\/\\\/www.3p-event.de\\\/?page_id=55#primaryimage\",\"url\":\"http:\\\/\\\/s137740124.online.de\\\/wp-content\\\/uploads\\\/2016\\\/08\\\/maechte1.jpg\",\"contentUrl\":\"http:\\\/\\\/s137740124.online.de\\\/wp-content\\\/uploads\\\/2016\\\/08\\\/maechte1.jpg\"},{\"@type\":\"BreadcrumbList\",\"@id\":\"https:\\\/\\\/www.3p-event.de\\\/?page_id=55#breadcrumb\",\"itemListElement\":[{\"@type\":\"ListItem\",\"position\":1,\"name\":\"Startseite\",\"item\":\"https:\\\/\\\/www.3p-event.de\\\/\"},{\"@type\":\"ListItem\",\"position\":2,\"name\":\"Im Museum\",\"item\":\"https:\\\/\\\/www.3p-event.de\\\/?page_id=51\"},{\"@type\":\"ListItem\",\"position\":3,\"name\":\"Museumsf\u00fchrungen als Erlebnis\"}]},{\"@type\":\"WebSite\",\"@id\":\"https:\\\/\\\/www.3p-event.de\\\/#website\",\"url\":\"https:\\\/\\\/www.3p-event.de\\\/\",\"name\":\"Past Present Promotions\",\"description\":\"Historische Interpretationen\",\"publisher\":{\"@id\":\"https:\\\/\\\/www.3p-event.de\\\/#organization\"},\"potentialAction\":[{\"@type\":\"SearchAction\",\"target\":{\"@type\":\"EntryPoint\",\"urlTemplate\":\"https:\\\/\\\/www.3p-event.de\\\/?s={search_term_string}\"},\"query-input\":{\"@type\":\"PropertyValueSpecification\",\"valueRequired\":true,\"valueName\":\"search_term_string\"}}],\"inLanguage\":\"de\"},{\"@type\":\"Organization\",\"@id\":\"https:\\\/\\\/www.3p-event.de\\\/#organization\",\"name\":\"Past Present Promotions GbR\",\"url\":\"https:\\\/\\\/www.3p-event.de\\\/\",\"logo\":{\"@type\":\"ImageObject\",\"inLanguage\":\"de\",\"@id\":\"https:\\\/\\\/www.3p-event.de\\\/#\\\/schema\\\/logo\\\/image\\\/\",\"url\":\"https:\\\/\\\/www.3p-event.de\\\/wp-content\\\/uploads\\\/2016\\\/08\\\/logo_wp_blau_gross.gif\",\"contentUrl\":\"https:\\\/\\\/www.3p-event.de\\\/wp-content\\\/uploads\\\/2016\\\/08\\\/logo_wp_blau_gross.gif\",\"width\":512,\"height\":511,\"caption\":\"Past Present Promotions GbR\"},\"image\":{\"@id\":\"https:\\\/\\\/www.3p-event.de\\\/#\\\/schema\\\/logo\\\/image\\\/\"},\"sameAs\":[\"https:\\\/\\\/www.facebook.com\\\/PastPresentPromotions\"]}]}<\/script>\n<!-- \/ Yoast SEO plugin. -->","yoast_head_json":{"title":"Museumsf\u00fchrungen als Erlebnis - Past Present Promotions","robots":{"index":"index","follow":"follow","max-snippet":"max-snippet:-1","max-image-preview":"max-image-preview:large","max-video-preview":"max-video-preview:-1"},"canonical":"https:\/\/www.3p-event.de\/?page_id=55","og_locale":"de_DE","og_type":"article","og_title":"Museumsf\u00fchrungen als Erlebnis - Past Present Promotions","og_description":"Museumsf\u00fchrungen, die nicht nur Augen und Ohren, sondern alle Sinne ansprechen &#8211; geht das? Ja, mit Past Present Promotions geht das. Wir machen vergangene Lebenswelten begreifbar In der Rolle fiktiver oder tats\u00e4chlicher Figuren der Geschichte begleiten wir die Besucher Ihres Museums durch Ihre Ausstellung. Dabei erkl\u00e4ren wir nicht nur die Exponate, sondern stellen sie auch &hellip; Museumsf\u00fchrungen als Erlebnis weiterlesen &rarr;","og_url":"https:\/\/www.3p-event.de\/?page_id=55","og_site_name":"Past Present Promotions","article_publisher":"https:\/\/www.facebook.com\/PastPresentPromotions","article_modified_time":"2016-08-19T17:22:33+00:00","og_image":[{"url":"http:\/\/s137740124.online.de\/wp-content\/uploads\/2016\/08\/maechte1.jpg","type":"","width":"","height":""}],"twitter_card":"summary_large_image","twitter_misc":{"Gesch\u00e4tzte Lesezeit":"1\u00a0Minute"},"schema":{"@context":"https:\/\/schema.org","@graph":[{"@type":"WebPage","@id":"https:\/\/www.3p-event.de\/?page_id=55","url":"https:\/\/www.3p-event.de\/?page_id=55","name":"Museumsf\u00fchrungen als Erlebnis - Past Present Promotions","isPartOf":{"@id":"https:\/\/www.3p-event.de\/#website"},"primaryImageOfPage":{"@id":"https:\/\/www.3p-event.de\/?page_id=55#primaryimage"},"image":{"@id":"https:\/\/www.3p-event.de\/?page_id=55#primaryimage"},"thumbnailUrl":"http:\/\/s137740124.online.de\/wp-content\/uploads\/2016\/08\/maechte1.jpg","datePublished":"2016-08-17T21:24:55+00:00","dateModified":"2016-08-19T17:22:33+00:00","breadcrumb":{"@id":"https:\/\/www.3p-event.de\/?page_id=55#breadcrumb"},"inLanguage":"de","potentialAction":[{"@type":"ReadAction","target":["https:\/\/www.3p-event.de\/?page_id=55"]}]},{"@type":"ImageObject","inLanguage":"de","@id":"https:\/\/www.3p-event.de\/?page_id=55#primaryimage","url":"http:\/\/s137740124.online.de\/wp-content\/uploads\/2016\/08\/maechte1.jpg","contentUrl":"http:\/\/s137740124.online.de\/wp-content\/uploads\/2016\/08\/maechte1.jpg"},{"@type":"BreadcrumbList","@id":"https:\/\/www.3p-event.de\/?page_id=55#breadcrumb","itemListElement":[{"@type":"ListItem","position":1,"name":"Startseite","item":"https:\/\/www.3p-event.de\/"},{"@type":"ListItem","position":2,"name":"Im Museum","item":"https:\/\/www.3p-event.de\/?page_id=51"},{"@type":"ListItem","position":3,"name":"Museumsf\u00fchrungen als Erlebnis"}]},{"@type":"WebSite","@id":"https:\/\/www.3p-event.de\/#website","url":"https:\/\/www.3p-event.de\/","name":"Past Present Promotions","description":"Historische Interpretationen","publisher":{"@id":"https:\/\/www.3p-event.de\/#organization"},"potentialAction":[{"@type":"SearchAction","target":{"@type":"EntryPoint","urlTemplate":"https:\/\/www.3p-event.de\/?s={search_term_string}"},"query-input":{"@type":"PropertyValueSpecification","valueRequired":true,"valueName":"search_term_string"}}],"inLanguage":"de"},{"@type":"Organization","@id":"https:\/\/www.3p-event.de\/#organization","name":"Past Present Promotions GbR","url":"https:\/\/www.3p-event.de\/","logo":{"@type":"ImageObject","inLanguage":"de","@id":"https:\/\/www.3p-event.de\/#\/schema\/logo\/image\/","url":"https:\/\/www.3p-event.de\/wp-content\/uploads\/2016\/08\/logo_wp_blau_gross.gif","contentUrl":"https:\/\/www.3p-event.de\/wp-content\/uploads\/2016\/08\/logo_wp_blau_gross.gif","width":512,"height":511,"caption":"Past Present Promotions GbR"},"image":{"@id":"https:\/\/www.3p-event.de\/#\/schema\/logo\/image\/"},"sameAs":["https:\/\/www.facebook.com\/PastPresentPromotions"]}]}},"_links":{"self":[{"href":"https:\/\/www.3p-event.de\/index.php?rest_route=\/wp\/v2\/pages\/55","targetHints":{"allow":["GET"]}}],"collection":[{"href":"https:\/\/www.3p-event.de\/index.php?rest_route=\/wp\/v2\/pages"}],"about":[{"href":"https:\/\/www.3p-event.de\/index.php?rest_route=\/wp\/v2\/types\/page"}],"author":[{"embeddable":true,"href":"https:\/\/www.3p-event.de\/index.php?rest_route=\/wp\/v2\/users\/1"}],"replies":[{"embeddable":true,"href":"https:\/\/www.3p-event.de\/index.php?rest_route=%2Fwp%2Fv2%2Fcomments&post=55"}],"version-history":[{"count":5,"href":"https:\/\/www.3p-event.de\/index.php?rest_route=\/wp\/v2\/pages\/55\/revisions"}],"predecessor-version":[{"id":128,"href":"https:\/\/www.3p-event.de\/index.php?rest_route=\/wp\/v2\/pages\/55\/revisions\/128"}],"up":[{"embeddable":true,"href":"https:\/\/www.3p-event.de\/index.php?rest_route=\/wp\/v2\/pages\/51"}],"wp:attachment":[{"href":"https:\/\/www.3p-event.de\/index.php?rest_route=%2Fwp%2Fv2%2Fmedia&parent=55"}],"curies":[{"name":"wp","href":"https:\/\/api.w.org\/{rel}","templated":true}]}}