{"id":51,"date":"2016-08-17T21:17:17","date_gmt":"2016-08-17T21:17:17","guid":{"rendered":"http:\/\/s137740124.online.de\/?page_id=51"},"modified":"2020-02-13T08:50:21","modified_gmt":"2020-02-13T08:50:21","slug":"im-museum","status":"publish","type":"page","link":"https:\/\/www.3p-event.de\/?page_id=51","title":{"rendered":"Im Museum"},"content":{"rendered":"<figure id=\"attachment_52\" aria-describedby=\"caption-attachment-52\" style=\"width: 225px\" class=\"wp-caption alignleft\"><img loading=\"lazy\" decoding=\"async\" class=\"wp-image-52 size-full\" src=\"https:\/\/www.3p-event.de\/wp-content\/uploads\/2016\/08\/glaube6.jpg\" alt=\"Mittelalter-Erlebnisf\u00fchrung im LVR-LandesMuseum\" width=\"225\" height=\"169\" \/><figcaption id=\"caption-attachment-52\" class=\"wp-caption-text\">Mittelalter-Erlebnisf\u00fchrung im LVR-LandesMuseum Bonn<\/figcaption><\/figure>\n<p>F\u00fcr Museen wird es unter dem Konkurrenzdruck vielf\u00e4ltiger Bildungs- und vor allem Freizeitangebote immer schwieriger, ihrem Vermittlungsauftrag nachzukommen. Die Menschen vom besonderen Charme der im Museum verwahrten und ausgestellten Zeugnisse der menschlichen Kulturgeschichte zu \u00fcberzeugen, ist eine zunehmende Herausforderung. Aber &#8211; wem sagen wir das?<\/p>\n<h6>Past Present Promotions: die ideale Symbiose von Spa\u00df und Bildung<\/h6>\n<p>Freizeit und Kultur, oder anders gesagt Spa\u00df und Bildung, gehen in unseren Veranstaltungen eine wunderbare Symbiose ein.<br \/>\nMit dem Mittel der Living History stellen wir den Bezug her zwischen den hinter Glas wohl verwahrten Objekten, dem Alltag der<br \/>\nMenschen, die sie einst geschaffen haben, und den Lebensumst\u00e4nden der Museumsbesucher. Damit wird Geschichte, und somit auch die Geschichte von Museumsexponaten, f\u00fcr den Besucher begreifbar und erlebbar.<\/p>\n<p>Auf diese Art wird ein Museumsbesuch auch f\u00fcr all jene ein positives Erlebnis, die sonst nicht zu den klassischen Besuchern von Einrichtungen der &#8222;Hochkultur&#8220; z\u00e4hlen. So k\u00f6nnen wir Museen dabei helfen, nicht nur vorhandene Besucher zu binden, sondern auch neue Besuchergruppen zu erschlie\u00dfen.<\/p>\n","protected":false},"excerpt":{"rendered":"<p>F\u00fcr Museen wird es unter dem Konkurrenzdruck vielf\u00e4ltiger Bildungs- und vor allem Freizeitangebote immer schwieriger, ihrem Vermittlungsauftrag nachzukommen. Die Menschen vom besonderen Charme der im Museum verwahrten und ausgestellten Zeugnisse der menschlichen Kulturgeschichte zu \u00fcberzeugen, ist eine zunehmende Herausforderung. Aber &#8211; wem sagen wir das? Past Present Promotions: die ideale Symbiose von Spa\u00df und Bildung &hellip; <a href=\"https:\/\/www.3p-event.de\/?page_id=51\" class=\"more-link\"><span class=\"screen-reader-text\">Im Museum<\/span> weiterlesen <span class=\"meta-nav\">&rarr;<\/span><\/a><\/p>\n","protected":false},"author":1,"featured_media":0,"parent":0,"menu_order":3,"comment_status":"closed","ping_status":"closed","template":"","meta":{"footnotes":""},"class_list":["post-51","page","type-page","status-publish","hentry"],"yoast_head":"<!-- This site is optimized with the Yoast SEO plugin v27.5 - https:\/\/yoast.com\/product\/yoast-seo-wordpress\/ -->\n<title>Im Museum - Past Present Promotions<\/title>\n<meta name=\"robots\" content=\"index, follow, max-snippet:-1, max-image-preview:large, max-video-preview:-1\" \/>\n<link rel=\"canonical\" href=\"https:\/\/www.3p-event.de\/?page_id=51\" \/>\n<meta property=\"og:locale\" content=\"de_DE\" \/>\n<meta property=\"og:type\" content=\"article\" \/>\n<meta property=\"og:title\" content=\"Im Museum - Past Present Promotions\" \/>\n<meta property=\"og:description\" content=\"F\u00fcr Museen wird es unter dem Konkurrenzdruck vielf\u00e4ltiger Bildungs- und vor allem Freizeitangebote immer schwieriger, ihrem Vermittlungsauftrag nachzukommen. Die Menschen vom besonderen Charme der im Museum verwahrten und ausgestellten Zeugnisse der menschlichen Kulturgeschichte zu \u00fcberzeugen, ist eine zunehmende Herausforderung. Aber &#8211; wem sagen wir das? Past Present Promotions: die ideale Symbiose von Spa\u00df und Bildung &hellip; Im Museum weiterlesen &rarr;\" \/>\n<meta property=\"og:url\" content=\"https:\/\/www.3p-event.de\/?page_id=51\" \/>\n<meta property=\"og:site_name\" content=\"Past Present Promotions\" \/>\n<meta property=\"article:publisher\" content=\"https:\/\/www.facebook.com\/PastPresentPromotions\" \/>\n<meta property=\"article:modified_time\" content=\"2020-02-13T08:50:21+00:00\" \/>\n<meta property=\"og:image\" content=\"https:\/\/www.3p-event.de\/wp-content\/uploads\/2016\/08\/glaube6.jpg\" \/>\n<meta name=\"twitter:card\" content=\"summary_large_image\" \/>\n<meta name=\"twitter:label1\" content=\"Gesch\u00e4tzte Lesezeit\" \/>\n\t<meta name=\"twitter:data1\" content=\"1\u00a0Minute\" \/>\n<script type=\"application\/ld+json\" class=\"yoast-schema-graph\">{\"@context\":\"https:\\\/\\\/schema.org\",\"@graph\":[{\"@type\":\"WebPage\",\"@id\":\"https:\\\/\\\/www.3p-event.de\\\/?page_id=51\",\"url\":\"https:\\\/\\\/www.3p-event.de\\\/?page_id=51\",\"name\":\"Im Museum - Past Present Promotions\",\"isPartOf\":{\"@id\":\"https:\\\/\\\/www.3p-event.de\\\/#website\"},\"primaryImageOfPage\":{\"@id\":\"https:\\\/\\\/www.3p-event.de\\\/?page_id=51#primaryimage\"},\"image\":{\"@id\":\"https:\\\/\\\/www.3p-event.de\\\/?page_id=51#primaryimage\"},\"thumbnailUrl\":\"https:\\\/\\\/www.3p-event.de\\\/wp-content\\\/uploads\\\/2016\\\/08\\\/glaube6.jpg\",\"datePublished\":\"2016-08-17T21:17:17+00:00\",\"dateModified\":\"2020-02-13T08:50:21+00:00\",\"breadcrumb\":{\"@id\":\"https:\\\/\\\/www.3p-event.de\\\/?page_id=51#breadcrumb\"},\"inLanguage\":\"de\",\"potentialAction\":[{\"@type\":\"ReadAction\",\"target\":[\"https:\\\/\\\/www.3p-event.de\\\/?page_id=51\"]}]},{\"@type\":\"ImageObject\",\"inLanguage\":\"de\",\"@id\":\"https:\\\/\\\/www.3p-event.de\\\/?page_id=51#primaryimage\",\"url\":\"https:\\\/\\\/www.3p-event.de\\\/wp-content\\\/uploads\\\/2016\\\/08\\\/glaube6.jpg\",\"contentUrl\":\"https:\\\/\\\/www.3p-event.de\\\/wp-content\\\/uploads\\\/2016\\\/08\\\/glaube6.jpg\",\"width\":225,\"height\":169,\"caption\":\"Mittelalter-Erlebnisf\u00fchrung im LVR-LandesMuseum Bonn\"},{\"@type\":\"BreadcrumbList\",\"@id\":\"https:\\\/\\\/www.3p-event.de\\\/?page_id=51#breadcrumb\",\"itemListElement\":[{\"@type\":\"ListItem\",\"position\":1,\"name\":\"Startseite\",\"item\":\"https:\\\/\\\/www.3p-event.de\\\/\"},{\"@type\":\"ListItem\",\"position\":2,\"name\":\"Im Museum\"}]},{\"@type\":\"WebSite\",\"@id\":\"https:\\\/\\\/www.3p-event.de\\\/#website\",\"url\":\"https:\\\/\\\/www.3p-event.de\\\/\",\"name\":\"Past Present Promotions\",\"description\":\"Historische Interpretationen\",\"publisher\":{\"@id\":\"https:\\\/\\\/www.3p-event.de\\\/#organization\"},\"potentialAction\":[{\"@type\":\"SearchAction\",\"target\":{\"@type\":\"EntryPoint\",\"urlTemplate\":\"https:\\\/\\\/www.3p-event.de\\\/?s={search_term_string}\"},\"query-input\":{\"@type\":\"PropertyValueSpecification\",\"valueRequired\":true,\"valueName\":\"search_term_string\"}}],\"inLanguage\":\"de\"},{\"@type\":\"Organization\",\"@id\":\"https:\\\/\\\/www.3p-event.de\\\/#organization\",\"name\":\"Past Present Promotions GbR\",\"url\":\"https:\\\/\\\/www.3p-event.de\\\/\",\"logo\":{\"@type\":\"ImageObject\",\"inLanguage\":\"de\",\"@id\":\"https:\\\/\\\/www.3p-event.de\\\/#\\\/schema\\\/logo\\\/image\\\/\",\"url\":\"https:\\\/\\\/www.3p-event.de\\\/wp-content\\\/uploads\\\/2016\\\/08\\\/logo_wp_blau_gross.gif\",\"contentUrl\":\"https:\\\/\\\/www.3p-event.de\\\/wp-content\\\/uploads\\\/2016\\\/08\\\/logo_wp_blau_gross.gif\",\"width\":512,\"height\":511,\"caption\":\"Past Present Promotions GbR\"},\"image\":{\"@id\":\"https:\\\/\\\/www.3p-event.de\\\/#\\\/schema\\\/logo\\\/image\\\/\"},\"sameAs\":[\"https:\\\/\\\/www.facebook.com\\\/PastPresentPromotions\"]}]}<\/script>\n<!-- \/ Yoast SEO plugin. -->","yoast_head_json":{"title":"Im Museum - Past Present Promotions","robots":{"index":"index","follow":"follow","max-snippet":"max-snippet:-1","max-image-preview":"max-image-preview:large","max-video-preview":"max-video-preview:-1"},"canonical":"https:\/\/www.3p-event.de\/?page_id=51","og_locale":"de_DE","og_type":"article","og_title":"Im Museum - Past Present Promotions","og_description":"F\u00fcr Museen wird es unter dem Konkurrenzdruck vielf\u00e4ltiger Bildungs- und vor allem Freizeitangebote immer schwieriger, ihrem Vermittlungsauftrag nachzukommen. Die Menschen vom besonderen Charme der im Museum verwahrten und ausgestellten Zeugnisse der menschlichen Kulturgeschichte zu \u00fcberzeugen, ist eine zunehmende Herausforderung. Aber &#8211; wem sagen wir das? Past Present Promotions: die ideale Symbiose von Spa\u00df und Bildung &hellip; Im Museum weiterlesen &rarr;","og_url":"https:\/\/www.3p-event.de\/?page_id=51","og_site_name":"Past Present Promotions","article_publisher":"https:\/\/www.facebook.com\/PastPresentPromotions","article_modified_time":"2020-02-13T08:50:21+00:00","og_image":[{"url":"https:\/\/www.3p-event.de\/wp-content\/uploads\/2016\/08\/glaube6.jpg","type":"","width":"","height":""}],"twitter_card":"summary_large_image","twitter_misc":{"Gesch\u00e4tzte Lesezeit":"1\u00a0Minute"},"schema":{"@context":"https:\/\/schema.org","@graph":[{"@type":"WebPage","@id":"https:\/\/www.3p-event.de\/?page_id=51","url":"https:\/\/www.3p-event.de\/?page_id=51","name":"Im Museum - Past Present Promotions","isPartOf":{"@id":"https:\/\/www.3p-event.de\/#website"},"primaryImageOfPage":{"@id":"https:\/\/www.3p-event.de\/?page_id=51#primaryimage"},"image":{"@id":"https:\/\/www.3p-event.de\/?page_id=51#primaryimage"},"thumbnailUrl":"https:\/\/www.3p-event.de\/wp-content\/uploads\/2016\/08\/glaube6.jpg","datePublished":"2016-08-17T21:17:17+00:00","dateModified":"2020-02-13T08:50:21+00:00","breadcrumb":{"@id":"https:\/\/www.3p-event.de\/?page_id=51#breadcrumb"},"inLanguage":"de","potentialAction":[{"@type":"ReadAction","target":["https:\/\/www.3p-event.de\/?page_id=51"]}]},{"@type":"ImageObject","inLanguage":"de","@id":"https:\/\/www.3p-event.de\/?page_id=51#primaryimage","url":"https:\/\/www.3p-event.de\/wp-content\/uploads\/2016\/08\/glaube6.jpg","contentUrl":"https:\/\/www.3p-event.de\/wp-content\/uploads\/2016\/08\/glaube6.jpg","width":225,"height":169,"caption":"Mittelalter-Erlebnisf\u00fchrung im LVR-LandesMuseum Bonn"},{"@type":"BreadcrumbList","@id":"https:\/\/www.3p-event.de\/?page_id=51#breadcrumb","itemListElement":[{"@type":"ListItem","position":1,"name":"Startseite","item":"https:\/\/www.3p-event.de\/"},{"@type":"ListItem","position":2,"name":"Im Museum"}]},{"@type":"WebSite","@id":"https:\/\/www.3p-event.de\/#website","url":"https:\/\/www.3p-event.de\/","name":"Past Present Promotions","description":"Historische Interpretationen","publisher":{"@id":"https:\/\/www.3p-event.de\/#organization"},"potentialAction":[{"@type":"SearchAction","target":{"@type":"EntryPoint","urlTemplate":"https:\/\/www.3p-event.de\/?s={search_term_string}"},"query-input":{"@type":"PropertyValueSpecification","valueRequired":true,"valueName":"search_term_string"}}],"inLanguage":"de"},{"@type":"Organization","@id":"https:\/\/www.3p-event.de\/#organization","name":"Past Present Promotions GbR","url":"https:\/\/www.3p-event.de\/","logo":{"@type":"ImageObject","inLanguage":"de","@id":"https:\/\/www.3p-event.de\/#\/schema\/logo\/image\/","url":"https:\/\/www.3p-event.de\/wp-content\/uploads\/2016\/08\/logo_wp_blau_gross.gif","contentUrl":"https:\/\/www.3p-event.de\/wp-content\/uploads\/2016\/08\/logo_wp_blau_gross.gif","width":512,"height":511,"caption":"Past Present Promotions GbR"},"image":{"@id":"https:\/\/www.3p-event.de\/#\/schema\/logo\/image\/"},"sameAs":["https:\/\/www.facebook.com\/PastPresentPromotions"]}]}},"_links":{"self":[{"href":"https:\/\/www.3p-event.de\/index.php?rest_route=\/wp\/v2\/pages\/51","targetHints":{"allow":["GET"]}}],"collection":[{"href":"https:\/\/www.3p-event.de\/index.php?rest_route=\/wp\/v2\/pages"}],"about":[{"href":"https:\/\/www.3p-event.de\/index.php?rest_route=\/wp\/v2\/types\/page"}],"author":[{"embeddable":true,"href":"https:\/\/www.3p-event.de\/index.php?rest_route=\/wp\/v2\/users\/1"}],"replies":[{"embeddable":true,"href":"https:\/\/www.3p-event.de\/index.php?rest_route=%2Fwp%2Fv2%2Fcomments&post=51"}],"version-history":[{"count":6,"href":"https:\/\/www.3p-event.de\/index.php?rest_route=\/wp\/v2\/pages\/51\/revisions"}],"predecessor-version":[{"id":425,"href":"https:\/\/www.3p-event.de\/index.php?rest_route=\/wp\/v2\/pages\/51\/revisions\/425"}],"wp:attachment":[{"href":"https:\/\/www.3p-event.de\/index.php?rest_route=%2Fwp%2Fv2%2Fmedia&parent=51"}],"curies":[{"name":"wp","href":"https:\/\/api.w.org\/{rel}","templated":true}]}}