{"id":48,"date":"2016-08-17T20:58:51","date_gmt":"2016-08-17T20:58:51","guid":{"rendered":"http:\/\/s137740124.online.de\/?page_id=48"},"modified":"2019-04-25T08:17:03","modified_gmt":"2019-04-25T08:17:03","slug":"agbs","status":"publish","type":"page","link":"https:\/\/www.3p-event.de\/?page_id=48","title":{"rendered":"AGB"},"content":{"rendered":"<p><strong>Allgemeine Gesch\u00e4ftsbedingungen (AGB) der Past Present Promotions GbR (Stand 01.03.2019)<\/strong><\/p>\n<p>1. Die folgenden Allgemeinen Gesch\u00e4ftsbedingungen gelten f\u00fcr die Gesch\u00e4ftsbeziehung zwischen der Past Present Promotions GbR und den Teilnehmern an Gruppenf\u00fchrungen.<\/p>\n<h6>Zustandekommen des Vertrages<\/h6>\n<p>2. Die Buchung durch den Kunden kann sowohl m\u00fcndlich wie auch schriftlich und auf elektronischem Weg erfolgen. Grundlage des<br \/>\nAngebots sind die Tourenbeschreibungen und die hier angegebenen Allgemeinen Gesch\u00e4ftsbedingungen. Der Vertrag kommt mit dem<br \/>\nZugang der Annahmeerkl\u00e4rung zustande. Die Annahmeerkl\u00e4rung bedarf keiner Form. Daher sind auch m\u00fcndliche, telefonische und<br \/>\nelektronische Best\u00e4tigungen f\u00fcr den Gast rechtsverbindlich.<\/p>\n<p>3. Der Kunde bucht ausschlie\u00dflich unter Zugrundelegung der Allgemeinen Gesch\u00e4ftsbedingungen der Past Present Promotions GbR. Entgegenstehende oder von den Allgemeinen Gesch\u00e4ftsbedingungen der Past Present Promotions GbR abweichende Bedingungen des Kunden erkennt die Past Present Promotions GbR nicht an, es sei denn, sie h\u00e4tte ausdr\u00fccklich schriftlich ihrer Geltung zugestimmt. Die stillschweigende Annahme von Buchungen sowie Zahlungen durch die Past Present Promotions GbR bedeuten kein Einverst\u00e4ndnis mit entgegengesetzten Bedingungen des Kunden.<\/p>\n<p>4. Der Kunde erkennt diese Allgemeinen Gesch\u00e4ftsbedingungen mit der Auftragserteilung an.<\/p>\n<h6>Orte, Zeiten, Anreise<\/h6>\n<p>5. Die Anreise zum vereinbarten Termin und Treffpunkt liegt allein in der Verantwortung des Kunden. Die Touren beginnen zu den durch die Past Present Promotions GbR kommunizierten Zeiten.<\/p>\n<p>6. Die Wartezeit der Stadtf\u00fchrer betr\u00e4gt l\u00e4ngstens 20 Minuten, wenn seitens des Kunden keine besondere Benachrichtigung erfolgt. Bei Versp\u00e4tung des Kunden ist, auch bei vorheriger Benachrichtigung durch den Kunden, das Honorar ab dem vereinbarten Zeitpunkt ohne Abzug f\u00e4llig. Sind die Stadtf\u00fchrer 10 Minuten nach dem vereinbarten F\u00fchrungsbeginn nicht am Treffpunkt erschienen, kann der Kunde, soweit dies m\u00f6glich ist, andere Stadtf\u00fchrer vermittelt bekommen.<\/p>\n<h6>Gruppengr\u00f6\u00dfen, Aufsichtspflicht<\/h6>\n<p>7. Die Gruppengr\u00f6\u00dfe betr\u00e4gt maximal 25 Teilnehmer, bei gr\u00f6\u00dferen Gruppen sind entsprechend mehrere Stadtf\u00fchrer-Teams erforderlich. Bei Gruppen mit mehr als 25 Teilnehmern sind die Stadtf\u00fchrer\/innen nicht verpflichtet, die \u00fcber das Maximum<br \/>\nhinausgehenden Personen mitzunehmen. Bei Sch\u00fclergruppen liegt die maximale Gruppengr\u00f6\u00dfe inkl. Begleitpersonen bei 30 Personen.<br \/>\nEntscheidet sich der Besucherf\u00fchrer dennoch daf\u00fcr, die Tour auch mit einer gr\u00f6\u00dferen als der vereinbarten Gruppengr\u00f6\u00dfe durchzuf\u00fchren, wird pro Teilnehmer \u00fcber die maximale Gruppengr\u00f6\u00dfe von 25 bzw. 30 Teilnehmern hinaus ein zus\u00e4tzliches Honorar von 15,00 Euro f\u00e4llig.<\/p>\n<p>8. Bei F\u00fchrungen mit Jugendlichen unter 18 Jahren ist von Seiten des Gastes pro Gruppe eine vollj\u00e4hrige Aufsichtsperson zu<br \/>\nstellen. Die Stadtf\u00fchrer sind berechtigt, die Durchf\u00fchrung der F\u00fchrung bei voller Honorarzahlung abzulehnen, wenn diese<br \/>\nVoraussetzung seitens des Kunden nicht erf\u00fcllt ist.<\/p>\n<h6>Gef\u00e4hrdungen<\/h6>\n<p>9. Die Past Present Promotions GbR verpflichtet sich, F\u00fchrungen bei jedem Wetter durchzuf\u00fchren. Voraussetzung f\u00fcr die Durchf\u00fchrung<br \/>\neiner Stadtf\u00fchrung ist jedoch, dass die Sicherheit der Teilnehmer nicht gef\u00e4hrdet erscheint. Der G\u00e4stef\u00fchrer f\u00e4llt vor Ort die Entscheidung, ob eine Gef\u00e4hrdung vorliegt oder nicht, und somit ob eine Tour stattfindet oder nicht.<\/p>\n<h6>\u00c4nderungen aufgrund \u00e4u\u00dferer Umst\u00e4nde<\/h6>\n<p>10. Grunds\u00e4tzlich kann bei Stadtf\u00fchrungen keine exakte Einhaltung der geplanten Route und des Ablaufs garantiert werden. \u00c4nderungen der Strecke sowie die Umstellung von Programmpunkten sind aus sachlichen Gr\u00fcnden (z.B. Gro\u00dfveranstaltungen oder Baustellen) ausdr\u00fccklich vorbehalten. Ebenso kann es aus sachlichen Gr\u00fcnden erforderlich werden, einzelne Programm- oder Besichtigungspunkte durch andere, gleichwertige zu ersetzen. Eintretende Gef\u00e4hrdungen, z.B. durch das Wetter, k\u00f6nnen zum Abbruch einer Stadtf\u00fchrung f\u00fchren.<\/p>\n<h6>Umbuchungen, Stornierungen<\/h6>\n<p>11. Eine Umbuchung bereits best\u00e4tigter Touren hinsichtlich Inhalt, Treffpunkt oder Termin ist auf Wunsch des Kunden m\u00f6glich.<br \/>\nAb sieben Tage vor dem Termin wird eine Bearbeitungspauschale von 10,00 \u20ac berechnet.<\/p>\n<p>12. Eine bestellte Tour kann bis zehn Kalendertage vor dem gebuchten Termin kostenlos storniert werden. Ab dem zehnten<br \/>\nKalendertag vor dem gebuchten Termin f\u00e4llt ein Ausfallhonorar von 70% des vereinbarten Preises an. Bei Absage am Tag der<br \/>\nF\u00fchrung oder bei Nichterscheinen wird das gesamte Honorar f\u00e4llig.<\/p>\n<h6>Zahlungsart<\/h6>\n<p>13. Die Zahlung des Honorars erfolgt nach Rechnungstellung per Bank\u00fcberweisung.<\/p>\n<h6>Haftung, Verj\u00e4hrung, Gerichtsstand<\/h6>\n<p>14. Eine Haftung der Past Present Promotions GbR f\u00fcr Sch\u00e4den, die nicht K\u00f6rpersch\u00e4den sind, ist ausgeschlossen, soweit diese Sch\u00e4den<br \/>\nweder vors\u00e4tzlich noch grob fahrl\u00e4ssig herbeigef\u00fchrt wurden. Die Past Present Promotions GbR haftet nicht f\u00fcr Leistungsst\u00f6rungen im Zusammenhang mit Leistungen, die zus\u00e4tzlich zu ihren ausgeschriebenen Leistungen erbracht und f\u00fcr den Gast erkennbar als Fremdleistungen lediglich vermittelt werden.<\/p>\n<p>15. Anspr\u00fcche des Gastes gegen\u00fcber der Past Present Promotions GbR &#8211; mit Ausnahme der Anspr\u00fcche des Kunden aus unerlaubter<br \/>\nHandlung (BGB \u00a7 823 ff) &#8211; verj\u00e4hren grunds\u00e4tzlich nach einem Jahr, beginnend mit dem Ende des Jahres, in dem der Anspruch entstanden ist.<\/p>\n<p>16. Gerichtsstand ist Rheinbach.<\/p>\n<h6>Salvatorische Klausel<\/h6>\n<p>17. Die Unwirksamkeit einzelner Bestimmungen hat nicht die Unwirksamkeit der gesamten Vertragsbedingungen zur Folge.<br \/>\nAn die Stelle unwirksamer Bestimmungen treten in diesem Fall die gesetzlichen Vorschriften.<\/p>\n","protected":false},"excerpt":{"rendered":"<p>Allgemeine Gesch\u00e4ftsbedingungen (AGB) der Past Present Promotions GbR (Stand 01.03.2019) 1. Die folgenden Allgemeinen Gesch\u00e4ftsbedingungen gelten f\u00fcr die Gesch\u00e4ftsbeziehung zwischen der Past Present Promotions GbR und den Teilnehmern an Gruppenf\u00fchrungen. Zustandekommen des Vertrages 2. Die Buchung durch den Kunden kann sowohl m\u00fcndlich wie auch schriftlich und auf elektronischem Weg erfolgen. Grundlage des Angebots sind die &hellip; <a href=\"https:\/\/www.3p-event.de\/?page_id=48\" class=\"more-link\"><span class=\"screen-reader-text\">AGB<\/span> weiterlesen <span class=\"meta-nav\">&rarr;<\/span><\/a><\/p>\n","protected":false},"author":1,"featured_media":0,"parent":0,"menu_order":7,"comment_status":"closed","ping_status":"closed","template":"","meta":{"footnotes":""},"class_list":["post-48","page","type-page","status-publish","hentry"],"yoast_head":"<!-- This site is optimized with the Yoast SEO plugin v27.5 - https:\/\/yoast.com\/product\/yoast-seo-wordpress\/ -->\n<title>AGB - Past Present Promotions<\/title>\n<meta name=\"robots\" content=\"index, follow, max-snippet:-1, max-image-preview:large, max-video-preview:-1\" \/>\n<link rel=\"canonical\" href=\"https:\/\/www.3p-event.de\/?page_id=48\" \/>\n<meta property=\"og:locale\" content=\"de_DE\" \/>\n<meta property=\"og:type\" content=\"article\" \/>\n<meta property=\"og:title\" content=\"AGB - Past Present Promotions\" \/>\n<meta property=\"og:description\" content=\"Allgemeine Gesch\u00e4ftsbedingungen (AGB) der Past Present Promotions GbR (Stand 01.03.2019) 1. Die folgenden Allgemeinen Gesch\u00e4ftsbedingungen gelten f\u00fcr die Gesch\u00e4ftsbeziehung zwischen der Past Present Promotions GbR und den Teilnehmern an Gruppenf\u00fchrungen. Zustandekommen des Vertrages 2. Die Buchung durch den Kunden kann sowohl m\u00fcndlich wie auch schriftlich und auf elektronischem Weg erfolgen. Grundlage des Angebots sind die &hellip; AGB weiterlesen &rarr;\" \/>\n<meta property=\"og:url\" content=\"https:\/\/www.3p-event.de\/?page_id=48\" \/>\n<meta property=\"og:site_name\" content=\"Past Present Promotions\" \/>\n<meta property=\"article:publisher\" content=\"https:\/\/www.facebook.com\/PastPresentPromotions\" \/>\n<meta property=\"article:modified_time\" content=\"2019-04-25T08:17:03+00:00\" \/>\n<meta name=\"twitter:card\" content=\"summary_large_image\" \/>\n<meta name=\"twitter:label1\" content=\"Gesch\u00e4tzte Lesezeit\" \/>\n\t<meta name=\"twitter:data1\" content=\"4\u00a0Minuten\" \/>\n<script type=\"application\/ld+json\" class=\"yoast-schema-graph\">{\"@context\":\"https:\\\/\\\/schema.org\",\"@graph\":[{\"@type\":\"WebPage\",\"@id\":\"https:\\\/\\\/www.3p-event.de\\\/?page_id=48\",\"url\":\"https:\\\/\\\/www.3p-event.de\\\/?page_id=48\",\"name\":\"AGB - Past Present Promotions\",\"isPartOf\":{\"@id\":\"https:\\\/\\\/www.3p-event.de\\\/#website\"},\"datePublished\":\"2016-08-17T20:58:51+00:00\",\"dateModified\":\"2019-04-25T08:17:03+00:00\",\"breadcrumb\":{\"@id\":\"https:\\\/\\\/www.3p-event.de\\\/?page_id=48#breadcrumb\"},\"inLanguage\":\"de\",\"potentialAction\":[{\"@type\":\"ReadAction\",\"target\":[\"https:\\\/\\\/www.3p-event.de\\\/?page_id=48\"]}]},{\"@type\":\"BreadcrumbList\",\"@id\":\"https:\\\/\\\/www.3p-event.de\\\/?page_id=48#breadcrumb\",\"itemListElement\":[{\"@type\":\"ListItem\",\"position\":1,\"name\":\"Startseite\",\"item\":\"https:\\\/\\\/www.3p-event.de\\\/\"},{\"@type\":\"ListItem\",\"position\":2,\"name\":\"AGB\"}]},{\"@type\":\"WebSite\",\"@id\":\"https:\\\/\\\/www.3p-event.de\\\/#website\",\"url\":\"https:\\\/\\\/www.3p-event.de\\\/\",\"name\":\"Past Present Promotions\",\"description\":\"Historische Interpretationen\",\"publisher\":{\"@id\":\"https:\\\/\\\/www.3p-event.de\\\/#organization\"},\"potentialAction\":[{\"@type\":\"SearchAction\",\"target\":{\"@type\":\"EntryPoint\",\"urlTemplate\":\"https:\\\/\\\/www.3p-event.de\\\/?s={search_term_string}\"},\"query-input\":{\"@type\":\"PropertyValueSpecification\",\"valueRequired\":true,\"valueName\":\"search_term_string\"}}],\"inLanguage\":\"de\"},{\"@type\":\"Organization\",\"@id\":\"https:\\\/\\\/www.3p-event.de\\\/#organization\",\"name\":\"Past Present Promotions GbR\",\"url\":\"https:\\\/\\\/www.3p-event.de\\\/\",\"logo\":{\"@type\":\"ImageObject\",\"inLanguage\":\"de\",\"@id\":\"https:\\\/\\\/www.3p-event.de\\\/#\\\/schema\\\/logo\\\/image\\\/\",\"url\":\"https:\\\/\\\/www.3p-event.de\\\/wp-content\\\/uploads\\\/2016\\\/08\\\/logo_wp_blau_gross.gif\",\"contentUrl\":\"https:\\\/\\\/www.3p-event.de\\\/wp-content\\\/uploads\\\/2016\\\/08\\\/logo_wp_blau_gross.gif\",\"width\":512,\"height\":511,\"caption\":\"Past Present Promotions GbR\"},\"image\":{\"@id\":\"https:\\\/\\\/www.3p-event.de\\\/#\\\/schema\\\/logo\\\/image\\\/\"},\"sameAs\":[\"https:\\\/\\\/www.facebook.com\\\/PastPresentPromotions\"]}]}<\/script>\n<!-- \/ Yoast SEO plugin. -->","yoast_head_json":{"title":"AGB - Past Present Promotions","robots":{"index":"index","follow":"follow","max-snippet":"max-snippet:-1","max-image-preview":"max-image-preview:large","max-video-preview":"max-video-preview:-1"},"canonical":"https:\/\/www.3p-event.de\/?page_id=48","og_locale":"de_DE","og_type":"article","og_title":"AGB - Past Present Promotions","og_description":"Allgemeine Gesch\u00e4ftsbedingungen (AGB) der Past Present Promotions GbR (Stand 01.03.2019) 1. Die folgenden Allgemeinen Gesch\u00e4ftsbedingungen gelten f\u00fcr die Gesch\u00e4ftsbeziehung zwischen der Past Present Promotions GbR und den Teilnehmern an Gruppenf\u00fchrungen. Zustandekommen des Vertrages 2. Die Buchung durch den Kunden kann sowohl m\u00fcndlich wie auch schriftlich und auf elektronischem Weg erfolgen. Grundlage des Angebots sind die &hellip; AGB weiterlesen &rarr;","og_url":"https:\/\/www.3p-event.de\/?page_id=48","og_site_name":"Past Present Promotions","article_publisher":"https:\/\/www.facebook.com\/PastPresentPromotions","article_modified_time":"2019-04-25T08:17:03+00:00","twitter_card":"summary_large_image","twitter_misc":{"Gesch\u00e4tzte Lesezeit":"4\u00a0Minuten"},"schema":{"@context":"https:\/\/schema.org","@graph":[{"@type":"WebPage","@id":"https:\/\/www.3p-event.de\/?page_id=48","url":"https:\/\/www.3p-event.de\/?page_id=48","name":"AGB - Past Present Promotions","isPartOf":{"@id":"https:\/\/www.3p-event.de\/#website"},"datePublished":"2016-08-17T20:58:51+00:00","dateModified":"2019-04-25T08:17:03+00:00","breadcrumb":{"@id":"https:\/\/www.3p-event.de\/?page_id=48#breadcrumb"},"inLanguage":"de","potentialAction":[{"@type":"ReadAction","target":["https:\/\/www.3p-event.de\/?page_id=48"]}]},{"@type":"BreadcrumbList","@id":"https:\/\/www.3p-event.de\/?page_id=48#breadcrumb","itemListElement":[{"@type":"ListItem","position":1,"name":"Startseite","item":"https:\/\/www.3p-event.de\/"},{"@type":"ListItem","position":2,"name":"AGB"}]},{"@type":"WebSite","@id":"https:\/\/www.3p-event.de\/#website","url":"https:\/\/www.3p-event.de\/","name":"Past Present Promotions","description":"Historische Interpretationen","publisher":{"@id":"https:\/\/www.3p-event.de\/#organization"},"potentialAction":[{"@type":"SearchAction","target":{"@type":"EntryPoint","urlTemplate":"https:\/\/www.3p-event.de\/?s={search_term_string}"},"query-input":{"@type":"PropertyValueSpecification","valueRequired":true,"valueName":"search_term_string"}}],"inLanguage":"de"},{"@type":"Organization","@id":"https:\/\/www.3p-event.de\/#organization","name":"Past Present Promotions GbR","url":"https:\/\/www.3p-event.de\/","logo":{"@type":"ImageObject","inLanguage":"de","@id":"https:\/\/www.3p-event.de\/#\/schema\/logo\/image\/","url":"https:\/\/www.3p-event.de\/wp-content\/uploads\/2016\/08\/logo_wp_blau_gross.gif","contentUrl":"https:\/\/www.3p-event.de\/wp-content\/uploads\/2016\/08\/logo_wp_blau_gross.gif","width":512,"height":511,"caption":"Past Present Promotions GbR"},"image":{"@id":"https:\/\/www.3p-event.de\/#\/schema\/logo\/image\/"},"sameAs":["https:\/\/www.facebook.com\/PastPresentPromotions"]}]}},"_links":{"self":[{"href":"https:\/\/www.3p-event.de\/index.php?rest_route=\/wp\/v2\/pages\/48","targetHints":{"allow":["GET"]}}],"collection":[{"href":"https:\/\/www.3p-event.de\/index.php?rest_route=\/wp\/v2\/pages"}],"about":[{"href":"https:\/\/www.3p-event.de\/index.php?rest_route=\/wp\/v2\/types\/page"}],"author":[{"embeddable":true,"href":"https:\/\/www.3p-event.de\/index.php?rest_route=\/wp\/v2\/users\/1"}],"replies":[{"embeddable":true,"href":"https:\/\/www.3p-event.de\/index.php?rest_route=%2Fwp%2Fv2%2Fcomments&post=48"}],"version-history":[{"count":4,"href":"https:\/\/www.3p-event.de\/index.php?rest_route=\/wp\/v2\/pages\/48\/revisions"}],"predecessor-version":[{"id":359,"href":"https:\/\/www.3p-event.de\/index.php?rest_route=\/wp\/v2\/pages\/48\/revisions\/359"}],"wp:attachment":[{"href":"https:\/\/www.3p-event.de\/index.php?rest_route=%2Fwp%2Fv2%2Fmedia&parent=48"}],"curies":[{"name":"wp","href":"https:\/\/api.w.org\/{rel}","templated":true}]}}