{"id":25,"date":"2016-08-17T19:33:12","date_gmt":"2016-08-17T19:33:12","guid":{"rendered":"http:\/\/s137740124.online.de\/?page_id=25"},"modified":"2023-10-13T12:41:22","modified_gmt":"2023-10-13T12:41:22","slug":"das-team-von-past-present-promotions","status":"publish","type":"page","link":"https:\/\/www.3p-event.de\/?page_id=25","title":{"rendered":"Unser Team"},"content":{"rendered":"<p>Wir sind die Gesichter im Team von Past Present Promotions:<\/p>\n<figure id=\"attachment_26\" aria-describedby=\"caption-attachment-26\" style=\"width: 100px\" class=\"wp-caption alignleft\"><img loading=\"lazy\" decoding=\"async\" class=\"wp-image-26 size-full\" src=\"https:\/\/www.3p-event.de\/wp-content\/uploads\/2016\/08\/foto_bongartz.jpg\" alt=\"Dieter Oliver Bongartz\" width=\"100\" height=\"135\" \/><figcaption id=\"caption-attachment-26\" class=\"wp-caption-text\">Dieter Oliver <br \/>Bongartz<\/figcaption><\/figure>\n<p><strong>Dieter Oliver Bongartz<\/strong> ist staatlich examinierter Germanist, Historiker und P\u00e4dagoge. Neben seinem Engagement bei Past Present Promotions arbeitet er als Dozent in der Erwachsenenbildung.<\/p>\n<p>&nbsp;<\/p>\n<figure id=\"attachment_27\" aria-describedby=\"caption-attachment-27\" style=\"width: 100px\" class=\"wp-caption alignright\"><img loading=\"lazy\" decoding=\"async\" class=\"wp-image-27 size-full\" src=\"https:\/\/www.3p-event.de\/wp-content\/uploads\/2016\/08\/foto_damaschke.jpg\" alt=\"Norman Damaschke\" width=\"100\" height=\"135\" \/><figcaption id=\"caption-attachment-27\" class=\"wp-caption-text\">Norman <br \/>Damaschke<\/figcaption><\/figure>\n<p><strong>Norman Damaschke<\/strong> ist, nach verschiedenen T\u00e4tigkeiten in personalverantwortlicher Funktion in der Wirtschaft, leitender Verwaltungsangestellter im \u00f6ffentlichen Dienst. Neben kaufm\u00e4nnischen Kenntnissen bringt er auch seinen Pferdeverstand in unsere Arbeit ein.<\/p>\n<p>&nbsp;<\/p>\n<figure id=\"attachment_511\" aria-describedby=\"caption-attachment-511\" style=\"width: 90px\" class=\"wp-caption alignleft\"><img loading=\"lazy\" decoding=\"async\" class=\"wp-image-511\" src=\"https:\/\/www.3p-event.de\/wp-content\/uploads\/2023\/10\/foto_peitz3-683x1024.jpg\" alt=\"Dr. Christian Peitz\" width=\"90\" height=\"135\" srcset=\"https:\/\/www.3p-event.de\/wp-content\/uploads\/2023\/10\/foto_peitz3-683x1024.jpg 683w, https:\/\/www.3p-event.de\/wp-content\/uploads\/2023\/10\/foto_peitz3-200x300.jpg 200w, https:\/\/www.3p-event.de\/wp-content\/uploads\/2023\/10\/foto_peitz3-768x1152.jpg 768w, https:\/\/www.3p-event.de\/wp-content\/uploads\/2023\/10\/foto_peitz3.jpg 1000w\" sizes=\"auto, (max-width: 90px) 100vw, 90px\" \/><figcaption id=\"caption-attachment-511\" class=\"wp-caption-text\">Dr. Christian Peitz<\/figcaption><\/figure>\n<p><a href=\"http:\/\/www.projekt-past-present.de\" target=\"_blank\" rel=\"noopener noreferrer\">Dr. Christian Peitz<\/a> ist promovierter Naturwissenschaftler, ausgebildeter Museumsp\u00e4dagoge sowie Historiker und Arch\u00e4ologe aus Leidenschaft. Nach 16 Jahren als freier Kunst- und Kulturvermittler sowie Ausstellungskurator leitet er inzwischen hauptberuflich zwei Ganztageseinrichtungen an weiterf\u00fchrenden Schulen.<\/p>\n<p>&nbsp;<\/p>\n<figure id=\"attachment_438\" aria-describedby=\"caption-attachment-438\" style=\"width: 100px\" class=\"wp-caption alignright\"><img loading=\"lazy\" decoding=\"async\" class=\"wp-image-438 size-full\" src=\"https:\/\/www.3p-event.de\/wp-content\/uploads\/2020\/02\/D_Blum_3p.jpg\" alt=\"\" width=\"100\" height=\"135\" \/><figcaption id=\"caption-attachment-438\" class=\"wp-caption-text\">David <br \/>Blum<\/figcaption><\/figure>\n<p><strong>David Blum<\/strong> ist der zweite Kaufmann im Team. Er ist zust\u00e4ndig f\u00fcr Werbung und Aquisition und unterst\u00fctzt Christian bei der Pflege der Website &#8211; und au\u00dferdem ist auch er Turnierreiter.<\/p>\n<p>&nbsp;<\/p>\n<p>&nbsp;<\/p>\n<p>Sollten wir f\u00fcr eine Veranstaltung einmal nicht ausreichen, so k\u00f6nnen wir unser Team aus einem umfangreichen Pool<br \/>\naus hochspezialisierten freien Mitarbeitern erg\u00e4nzen.<\/p>\n<p>&nbsp;<\/p>\n","protected":false},"excerpt":{"rendered":"<p>Wir sind die Gesichter im Team von Past Present Promotions: Dieter Oliver Bongartz ist staatlich examinierter Germanist, Historiker und P\u00e4dagoge. Neben seinem Engagement bei Past Present Promotions arbeitet er als Dozent in der Erwachsenenbildung. &nbsp; Norman Damaschke ist, nach verschiedenen T\u00e4tigkeiten in personalverantwortlicher Funktion in der Wirtschaft, leitender Verwaltungsangestellter im \u00f6ffentlichen Dienst. Neben kaufm\u00e4nnischen Kenntnissen &hellip; <a href=\"https:\/\/www.3p-event.de\/?page_id=25\" class=\"more-link\"><span class=\"screen-reader-text\">Unser Team<\/span> weiterlesen <span class=\"meta-nav\">&rarr;<\/span><\/a><\/p>\n","protected":false},"author":1,"featured_media":0,"parent":18,"menu_order":1,"comment_status":"closed","ping_status":"closed","template":"","meta":{"footnotes":""},"class_list":["post-25","page","type-page","status-publish","hentry"],"yoast_head":"<!-- This site is optimized with the Yoast SEO plugin v27.5 - https:\/\/yoast.com\/product\/yoast-seo-wordpress\/ -->\n<title>Unser Team - Past Present Promotions<\/title>\n<meta name=\"robots\" content=\"index, follow, max-snippet:-1, max-image-preview:large, max-video-preview:-1\" \/>\n<link rel=\"canonical\" href=\"https:\/\/www.3p-event.de\/?page_id=25\" \/>\n<meta property=\"og:locale\" content=\"de_DE\" \/>\n<meta property=\"og:type\" content=\"article\" \/>\n<meta property=\"og:title\" content=\"Unser Team - Past Present Promotions\" \/>\n<meta property=\"og:description\" content=\"Wir sind die Gesichter im Team von Past Present Promotions: Dieter Oliver Bongartz ist staatlich examinierter Germanist, Historiker und P\u00e4dagoge. Neben seinem Engagement bei Past Present Promotions arbeitet er als Dozent in der Erwachsenenbildung. &nbsp; Norman Damaschke ist, nach verschiedenen T\u00e4tigkeiten in personalverantwortlicher Funktion in der Wirtschaft, leitender Verwaltungsangestellter im \u00f6ffentlichen Dienst. Neben kaufm\u00e4nnischen Kenntnissen &hellip; Unser Team weiterlesen &rarr;\" \/>\n<meta property=\"og:url\" content=\"https:\/\/www.3p-event.de\/?page_id=25\" \/>\n<meta property=\"og:site_name\" content=\"Past Present Promotions\" \/>\n<meta property=\"article:publisher\" content=\"https:\/\/www.facebook.com\/PastPresentPromotions\" \/>\n<meta property=\"article:modified_time\" content=\"2023-10-13T12:41:22+00:00\" \/>\n<meta property=\"og:image\" content=\"https:\/\/www.3p-event.de\/wp-content\/uploads\/2016\/08\/foto_bongartz.jpg\" \/>\n<meta name=\"twitter:card\" content=\"summary_large_image\" \/>\n<meta name=\"twitter:label1\" content=\"Gesch\u00e4tzte Lesezeit\" \/>\n\t<meta name=\"twitter:data1\" content=\"2\u00a0Minuten\" \/>\n<script type=\"application\/ld+json\" class=\"yoast-schema-graph\">{\"@context\":\"https:\\\/\\\/schema.org\",\"@graph\":[{\"@type\":\"WebPage\",\"@id\":\"https:\\\/\\\/www.3p-event.de\\\/?page_id=25\",\"url\":\"https:\\\/\\\/www.3p-event.de\\\/?page_id=25\",\"name\":\"Unser Team - Past Present Promotions\",\"isPartOf\":{\"@id\":\"https:\\\/\\\/www.3p-event.de\\\/#website\"},\"primaryImageOfPage\":{\"@id\":\"https:\\\/\\\/www.3p-event.de\\\/?page_id=25#primaryimage\"},\"image\":{\"@id\":\"https:\\\/\\\/www.3p-event.de\\\/?page_id=25#primaryimage\"},\"thumbnailUrl\":\"https:\\\/\\\/www.3p-event.de\\\/wp-content\\\/uploads\\\/2016\\\/08\\\/foto_bongartz.jpg\",\"datePublished\":\"2016-08-17T19:33:12+00:00\",\"dateModified\":\"2023-10-13T12:41:22+00:00\",\"breadcrumb\":{\"@id\":\"https:\\\/\\\/www.3p-event.de\\\/?page_id=25#breadcrumb\"},\"inLanguage\":\"de\",\"potentialAction\":[{\"@type\":\"ReadAction\",\"target\":[\"https:\\\/\\\/www.3p-event.de\\\/?page_id=25\"]}]},{\"@type\":\"ImageObject\",\"inLanguage\":\"de\",\"@id\":\"https:\\\/\\\/www.3p-event.de\\\/?page_id=25#primaryimage\",\"url\":\"https:\\\/\\\/www.3p-event.de\\\/wp-content\\\/uploads\\\/2016\\\/08\\\/foto_bongartz.jpg\",\"contentUrl\":\"https:\\\/\\\/www.3p-event.de\\\/wp-content\\\/uploads\\\/2016\\\/08\\\/foto_bongartz.jpg\",\"width\":100,\"height\":135,\"caption\":\"Dieter Oliver Bongartz\"},{\"@type\":\"BreadcrumbList\",\"@id\":\"https:\\\/\\\/www.3p-event.de\\\/?page_id=25#breadcrumb\",\"itemListElement\":[{\"@type\":\"ListItem\",\"position\":1,\"name\":\"Startseite\",\"item\":\"https:\\\/\\\/www.3p-event.de\\\/\"},{\"@type\":\"ListItem\",\"position\":2,\"name\":\"Past Present Promotions\",\"item\":\"https:\\\/\\\/www.3p-event.de\\\/\"},{\"@type\":\"ListItem\",\"position\":3,\"name\":\"Unser Team\"}]},{\"@type\":\"WebSite\",\"@id\":\"https:\\\/\\\/www.3p-event.de\\\/#website\",\"url\":\"https:\\\/\\\/www.3p-event.de\\\/\",\"name\":\"Past Present Promotions\",\"description\":\"Historische Interpretationen\",\"publisher\":{\"@id\":\"https:\\\/\\\/www.3p-event.de\\\/#organization\"},\"potentialAction\":[{\"@type\":\"SearchAction\",\"target\":{\"@type\":\"EntryPoint\",\"urlTemplate\":\"https:\\\/\\\/www.3p-event.de\\\/?s={search_term_string}\"},\"query-input\":{\"@type\":\"PropertyValueSpecification\",\"valueRequired\":true,\"valueName\":\"search_term_string\"}}],\"inLanguage\":\"de\"},{\"@type\":\"Organization\",\"@id\":\"https:\\\/\\\/www.3p-event.de\\\/#organization\",\"name\":\"Past Present Promotions GbR\",\"url\":\"https:\\\/\\\/www.3p-event.de\\\/\",\"logo\":{\"@type\":\"ImageObject\",\"inLanguage\":\"de\",\"@id\":\"https:\\\/\\\/www.3p-event.de\\\/#\\\/schema\\\/logo\\\/image\\\/\",\"url\":\"https:\\\/\\\/www.3p-event.de\\\/wp-content\\\/uploads\\\/2016\\\/08\\\/logo_wp_blau_gross.gif\",\"contentUrl\":\"https:\\\/\\\/www.3p-event.de\\\/wp-content\\\/uploads\\\/2016\\\/08\\\/logo_wp_blau_gross.gif\",\"width\":512,\"height\":511,\"caption\":\"Past Present Promotions GbR\"},\"image\":{\"@id\":\"https:\\\/\\\/www.3p-event.de\\\/#\\\/schema\\\/logo\\\/image\\\/\"},\"sameAs\":[\"https:\\\/\\\/www.facebook.com\\\/PastPresentPromotions\"]}]}<\/script>\n<!-- \/ Yoast SEO plugin. -->","yoast_head_json":{"title":"Unser Team - Past Present Promotions","robots":{"index":"index","follow":"follow","max-snippet":"max-snippet:-1","max-image-preview":"max-image-preview:large","max-video-preview":"max-video-preview:-1"},"canonical":"https:\/\/www.3p-event.de\/?page_id=25","og_locale":"de_DE","og_type":"article","og_title":"Unser Team - Past Present Promotions","og_description":"Wir sind die Gesichter im Team von Past Present Promotions: Dieter Oliver Bongartz ist staatlich examinierter Germanist, Historiker und P\u00e4dagoge. Neben seinem Engagement bei Past Present Promotions arbeitet er als Dozent in der Erwachsenenbildung. &nbsp; Norman Damaschke ist, nach verschiedenen T\u00e4tigkeiten in personalverantwortlicher Funktion in der Wirtschaft, leitender Verwaltungsangestellter im \u00f6ffentlichen Dienst. Neben kaufm\u00e4nnischen Kenntnissen &hellip; Unser Team weiterlesen &rarr;","og_url":"https:\/\/www.3p-event.de\/?page_id=25","og_site_name":"Past Present Promotions","article_publisher":"https:\/\/www.facebook.com\/PastPresentPromotions","article_modified_time":"2023-10-13T12:41:22+00:00","og_image":[{"url":"https:\/\/www.3p-event.de\/wp-content\/uploads\/2016\/08\/foto_bongartz.jpg","type":"","width":"","height":""}],"twitter_card":"summary_large_image","twitter_misc":{"Gesch\u00e4tzte Lesezeit":"2\u00a0Minuten"},"schema":{"@context":"https:\/\/schema.org","@graph":[{"@type":"WebPage","@id":"https:\/\/www.3p-event.de\/?page_id=25","url":"https:\/\/www.3p-event.de\/?page_id=25","name":"Unser Team - Past Present Promotions","isPartOf":{"@id":"https:\/\/www.3p-event.de\/#website"},"primaryImageOfPage":{"@id":"https:\/\/www.3p-event.de\/?page_id=25#primaryimage"},"image":{"@id":"https:\/\/www.3p-event.de\/?page_id=25#primaryimage"},"thumbnailUrl":"https:\/\/www.3p-event.de\/wp-content\/uploads\/2016\/08\/foto_bongartz.jpg","datePublished":"2016-08-17T19:33:12+00:00","dateModified":"2023-10-13T12:41:22+00:00","breadcrumb":{"@id":"https:\/\/www.3p-event.de\/?page_id=25#breadcrumb"},"inLanguage":"de","potentialAction":[{"@type":"ReadAction","target":["https:\/\/www.3p-event.de\/?page_id=25"]}]},{"@type":"ImageObject","inLanguage":"de","@id":"https:\/\/www.3p-event.de\/?page_id=25#primaryimage","url":"https:\/\/www.3p-event.de\/wp-content\/uploads\/2016\/08\/foto_bongartz.jpg","contentUrl":"https:\/\/www.3p-event.de\/wp-content\/uploads\/2016\/08\/foto_bongartz.jpg","width":100,"height":135,"caption":"Dieter Oliver Bongartz"},{"@type":"BreadcrumbList","@id":"https:\/\/www.3p-event.de\/?page_id=25#breadcrumb","itemListElement":[{"@type":"ListItem","position":1,"name":"Startseite","item":"https:\/\/www.3p-event.de\/"},{"@type":"ListItem","position":2,"name":"Past Present Promotions","item":"https:\/\/www.3p-event.de\/"},{"@type":"ListItem","position":3,"name":"Unser Team"}]},{"@type":"WebSite","@id":"https:\/\/www.3p-event.de\/#website","url":"https:\/\/www.3p-event.de\/","name":"Past Present Promotions","description":"Historische Interpretationen","publisher":{"@id":"https:\/\/www.3p-event.de\/#organization"},"potentialAction":[{"@type":"SearchAction","target":{"@type":"EntryPoint","urlTemplate":"https:\/\/www.3p-event.de\/?s={search_term_string}"},"query-input":{"@type":"PropertyValueSpecification","valueRequired":true,"valueName":"search_term_string"}}],"inLanguage":"de"},{"@type":"Organization","@id":"https:\/\/www.3p-event.de\/#organization","name":"Past Present Promotions GbR","url":"https:\/\/www.3p-event.de\/","logo":{"@type":"ImageObject","inLanguage":"de","@id":"https:\/\/www.3p-event.de\/#\/schema\/logo\/image\/","url":"https:\/\/www.3p-event.de\/wp-content\/uploads\/2016\/08\/logo_wp_blau_gross.gif","contentUrl":"https:\/\/www.3p-event.de\/wp-content\/uploads\/2016\/08\/logo_wp_blau_gross.gif","width":512,"height":511,"caption":"Past Present Promotions GbR"},"image":{"@id":"https:\/\/www.3p-event.de\/#\/schema\/logo\/image\/"},"sameAs":["https:\/\/www.facebook.com\/PastPresentPromotions"]}]}},"_links":{"self":[{"href":"https:\/\/www.3p-event.de\/index.php?rest_route=\/wp\/v2\/pages\/25","targetHints":{"allow":["GET"]}}],"collection":[{"href":"https:\/\/www.3p-event.de\/index.php?rest_route=\/wp\/v2\/pages"}],"about":[{"href":"https:\/\/www.3p-event.de\/index.php?rest_route=\/wp\/v2\/types\/page"}],"author":[{"embeddable":true,"href":"https:\/\/www.3p-event.de\/index.php?rest_route=\/wp\/v2\/users\/1"}],"replies":[{"embeddable":true,"href":"https:\/\/www.3p-event.de\/index.php?rest_route=%2Fwp%2Fv2%2Fcomments&post=25"}],"version-history":[{"count":20,"href":"https:\/\/www.3p-event.de\/index.php?rest_route=\/wp\/v2\/pages\/25\/revisions"}],"predecessor-version":[{"id":512,"href":"https:\/\/www.3p-event.de\/index.php?rest_route=\/wp\/v2\/pages\/25\/revisions\/512"}],"up":[{"embeddable":true,"href":"https:\/\/www.3p-event.de\/index.php?rest_route=\/wp\/v2\/pages\/18"}],"wp:attachment":[{"href":"https:\/\/www.3p-event.de\/index.php?rest_route=%2Fwp%2Fv2%2Fmedia&parent=25"}],"curies":[{"name":"wp","href":"https:\/\/api.w.org\/{rel}","templated":true}]}}