{"id":184,"date":"2016-09-13T09:08:31","date_gmt":"2016-09-13T09:08:31","guid":{"rendered":"http:\/\/www.3p-event.de\/?page_id=184"},"modified":"2022-05-07T21:33:45","modified_gmt":"2022-05-07T21:33:45","slug":"termine","status":"publish","type":"page","link":"https:\/\/www.3p-event.de\/?page_id=184","title":{"rendered":"Termine"},"content":{"rendered":"<p>Unsere \u00f6ffentlichen Termine f\u00fcr das Jahr 2022 (die wir st\u00e4ndig aktualisieren):<\/p>\n<p><strong>14. &#8211; 15.05.2022<\/strong> Burg Nideggen: Lebendiges Mittelalter<\/p>\n<p><strong>04. &#8211; 06.06.2022<\/strong> J\u00fclich: Epochenfest<\/p>\n<p><strong>16.07.2022<\/strong> Saabr\u00fccken: Kulturmeilenfest<\/p>\n","protected":false},"excerpt":{"rendered":"<p>Unsere \u00f6ffentlichen Termine f\u00fcr das Jahr 2022 (die wir st\u00e4ndig aktualisieren): 14. &#8211; 15.05.2022 Burg Nideggen: Lebendiges Mittelalter 04. &#8211; 06.06.2022 J\u00fclich: Epochenfest 16.07.2022 Saabr\u00fccken: Kulturmeilenfest<\/p>\n","protected":false},"author":1,"featured_media":0,"parent":0,"menu_order":5,"comment_status":"closed","ping_status":"closed","template":"","meta":{"footnotes":""},"class_list":["post-184","page","type-page","status-publish","hentry"],"yoast_head":"<!-- This site is optimized with the Yoast SEO plugin v27.5 - https:\/\/yoast.com\/product\/yoast-seo-wordpress\/ -->\n<title>Termine - Past Present Promotions<\/title>\n<meta name=\"robots\" content=\"index, follow, max-snippet:-1, max-image-preview:large, max-video-preview:-1\" \/>\n<link rel=\"canonical\" href=\"https:\/\/www.3p-event.de\/?page_id=184\" \/>\n<meta property=\"og:locale\" content=\"de_DE\" \/>\n<meta property=\"og:type\" content=\"article\" \/>\n<meta property=\"og:title\" content=\"Termine - Past Present Promotions\" \/>\n<meta property=\"og:description\" content=\"Unsere \u00f6ffentlichen Termine f\u00fcr das Jahr 2022 (die wir st\u00e4ndig aktualisieren): 14. &#8211; 15.05.2022 Burg Nideggen: Lebendiges Mittelalter 04. &#8211; 06.06.2022 J\u00fclich: Epochenfest 16.07.2022 Saabr\u00fccken: Kulturmeilenfest\" \/>\n<meta property=\"og:url\" content=\"https:\/\/www.3p-event.de\/?page_id=184\" \/>\n<meta property=\"og:site_name\" content=\"Past Present Promotions\" \/>\n<meta property=\"article:publisher\" content=\"https:\/\/www.facebook.com\/PastPresentPromotions\" \/>\n<meta property=\"article:modified_time\" content=\"2022-05-07T21:33:45+00:00\" \/>\n<meta name=\"twitter:card\" content=\"summary_large_image\" \/>\n<meta name=\"twitter:label1\" content=\"Gesch\u00e4tzte Lesezeit\" \/>\n\t<meta name=\"twitter:data1\" content=\"1\u00a0Minute\" \/>\n<script type=\"application\/ld+json\" class=\"yoast-schema-graph\">{\"@context\":\"https:\\\/\\\/schema.org\",\"@graph\":[{\"@type\":\"WebPage\",\"@id\":\"https:\\\/\\\/www.3p-event.de\\\/?page_id=184\",\"url\":\"https:\\\/\\\/www.3p-event.de\\\/?page_id=184\",\"name\":\"Termine - Past Present Promotions\",\"isPartOf\":{\"@id\":\"https:\\\/\\\/www.3p-event.de\\\/#website\"},\"datePublished\":\"2016-09-13T09:08:31+00:00\",\"dateModified\":\"2022-05-07T21:33:45+00:00\",\"breadcrumb\":{\"@id\":\"https:\\\/\\\/www.3p-event.de\\\/?page_id=184#breadcrumb\"},\"inLanguage\":\"de\",\"potentialAction\":[{\"@type\":\"ReadAction\",\"target\":[\"https:\\\/\\\/www.3p-event.de\\\/?page_id=184\"]}]},{\"@type\":\"BreadcrumbList\",\"@id\":\"https:\\\/\\\/www.3p-event.de\\\/?page_id=184#breadcrumb\",\"itemListElement\":[{\"@type\":\"ListItem\",\"position\":1,\"name\":\"Startseite\",\"item\":\"https:\\\/\\\/www.3p-event.de\\\/\"},{\"@type\":\"ListItem\",\"position\":2,\"name\":\"Termine\"}]},{\"@type\":\"WebSite\",\"@id\":\"https:\\\/\\\/www.3p-event.de\\\/#website\",\"url\":\"https:\\\/\\\/www.3p-event.de\\\/\",\"name\":\"Past Present Promotions\",\"description\":\"Historische Interpretationen\",\"publisher\":{\"@id\":\"https:\\\/\\\/www.3p-event.de\\\/#organization\"},\"potentialAction\":[{\"@type\":\"SearchAction\",\"target\":{\"@type\":\"EntryPoint\",\"urlTemplate\":\"https:\\\/\\\/www.3p-event.de\\\/?s={search_term_string}\"},\"query-input\":{\"@type\":\"PropertyValueSpecification\",\"valueRequired\":true,\"valueName\":\"search_term_string\"}}],\"inLanguage\":\"de\"},{\"@type\":\"Organization\",\"@id\":\"https:\\\/\\\/www.3p-event.de\\\/#organization\",\"name\":\"Past Present Promotions GbR\",\"url\":\"https:\\\/\\\/www.3p-event.de\\\/\",\"logo\":{\"@type\":\"ImageObject\",\"inLanguage\":\"de\",\"@id\":\"https:\\\/\\\/www.3p-event.de\\\/#\\\/schema\\\/logo\\\/image\\\/\",\"url\":\"https:\\\/\\\/www.3p-event.de\\\/wp-content\\\/uploads\\\/2016\\\/08\\\/logo_wp_blau_gross.gif\",\"contentUrl\":\"https:\\\/\\\/www.3p-event.de\\\/wp-content\\\/uploads\\\/2016\\\/08\\\/logo_wp_blau_gross.gif\",\"width\":512,\"height\":511,\"caption\":\"Past Present Promotions GbR\"},\"image\":{\"@id\":\"https:\\\/\\\/www.3p-event.de\\\/#\\\/schema\\\/logo\\\/image\\\/\"},\"sameAs\":[\"https:\\\/\\\/www.facebook.com\\\/PastPresentPromotions\"]}]}<\/script>\n<!-- \/ Yoast SEO plugin. -->","yoast_head_json":{"title":"Termine - Past Present Promotions","robots":{"index":"index","follow":"follow","max-snippet":"max-snippet:-1","max-image-preview":"max-image-preview:large","max-video-preview":"max-video-preview:-1"},"canonical":"https:\/\/www.3p-event.de\/?page_id=184","og_locale":"de_DE","og_type":"article","og_title":"Termine - Past Present Promotions","og_description":"Unsere \u00f6ffentlichen Termine f\u00fcr das Jahr 2022 (die wir st\u00e4ndig aktualisieren): 14. &#8211; 15.05.2022 Burg Nideggen: Lebendiges Mittelalter 04. &#8211; 06.06.2022 J\u00fclich: Epochenfest 16.07.2022 Saabr\u00fccken: Kulturmeilenfest","og_url":"https:\/\/www.3p-event.de\/?page_id=184","og_site_name":"Past Present Promotions","article_publisher":"https:\/\/www.facebook.com\/PastPresentPromotions","article_modified_time":"2022-05-07T21:33:45+00:00","twitter_card":"summary_large_image","twitter_misc":{"Gesch\u00e4tzte Lesezeit":"1\u00a0Minute"},"schema":{"@context":"https:\/\/schema.org","@graph":[{"@type":"WebPage","@id":"https:\/\/www.3p-event.de\/?page_id=184","url":"https:\/\/www.3p-event.de\/?page_id=184","name":"Termine - Past Present Promotions","isPartOf":{"@id":"https:\/\/www.3p-event.de\/#website"},"datePublished":"2016-09-13T09:08:31+00:00","dateModified":"2022-05-07T21:33:45+00:00","breadcrumb":{"@id":"https:\/\/www.3p-event.de\/?page_id=184#breadcrumb"},"inLanguage":"de","potentialAction":[{"@type":"ReadAction","target":["https:\/\/www.3p-event.de\/?page_id=184"]}]},{"@type":"BreadcrumbList","@id":"https:\/\/www.3p-event.de\/?page_id=184#breadcrumb","itemListElement":[{"@type":"ListItem","position":1,"name":"Startseite","item":"https:\/\/www.3p-event.de\/"},{"@type":"ListItem","position":2,"name":"Termine"}]},{"@type":"WebSite","@id":"https:\/\/www.3p-event.de\/#website","url":"https:\/\/www.3p-event.de\/","name":"Past Present Promotions","description":"Historische Interpretationen","publisher":{"@id":"https:\/\/www.3p-event.de\/#organization"},"potentialAction":[{"@type":"SearchAction","target":{"@type":"EntryPoint","urlTemplate":"https:\/\/www.3p-event.de\/?s={search_term_string}"},"query-input":{"@type":"PropertyValueSpecification","valueRequired":true,"valueName":"search_term_string"}}],"inLanguage":"de"},{"@type":"Organization","@id":"https:\/\/www.3p-event.de\/#organization","name":"Past Present Promotions GbR","url":"https:\/\/www.3p-event.de\/","logo":{"@type":"ImageObject","inLanguage":"de","@id":"https:\/\/www.3p-event.de\/#\/schema\/logo\/image\/","url":"https:\/\/www.3p-event.de\/wp-content\/uploads\/2016\/08\/logo_wp_blau_gross.gif","contentUrl":"https:\/\/www.3p-event.de\/wp-content\/uploads\/2016\/08\/logo_wp_blau_gross.gif","width":512,"height":511,"caption":"Past Present Promotions GbR"},"image":{"@id":"https:\/\/www.3p-event.de\/#\/schema\/logo\/image\/"},"sameAs":["https:\/\/www.facebook.com\/PastPresentPromotions"]}]}},"_links":{"self":[{"href":"https:\/\/www.3p-event.de\/index.php?rest_route=\/wp\/v2\/pages\/184","targetHints":{"allow":["GET"]}}],"collection":[{"href":"https:\/\/www.3p-event.de\/index.php?rest_route=\/wp\/v2\/pages"}],"about":[{"href":"https:\/\/www.3p-event.de\/index.php?rest_route=\/wp\/v2\/types\/page"}],"author":[{"embeddable":true,"href":"https:\/\/www.3p-event.de\/index.php?rest_route=\/wp\/v2\/users\/1"}],"replies":[{"embeddable":true,"href":"https:\/\/www.3p-event.de\/index.php?rest_route=%2Fwp%2Fv2%2Fcomments&post=184"}],"version-history":[{"count":16,"href":"https:\/\/www.3p-event.de\/index.php?rest_route=\/wp\/v2\/pages\/184\/revisions"}],"predecessor-version":[{"id":498,"href":"https:\/\/www.3p-event.de\/index.php?rest_route=\/wp\/v2\/pages\/184\/revisions\/498"}],"wp:attachment":[{"href":"https:\/\/www.3p-event.de\/index.php?rest_route=%2Fwp%2Fv2%2Fmedia&parent=184"}],"curies":[{"name":"wp","href":"https:\/\/api.w.org\/{rel}","templated":true}]}}