{"id":18,"date":"2016-08-17T18:58:56","date_gmt":"2016-08-17T18:58:56","guid":{"rendered":"http:\/\/s137740124.online.de\/?page_id=18"},"modified":"2016-11-25T20:04:00","modified_gmt":"2016-11-25T20:04:00","slug":"past-present-promotions-lebendige-geschichte","status":"publish","type":"page","link":"https:\/\/www.3p-event.de\/","title":{"rendered":"Past Present Promotions"},"content":{"rendered":"<p>Bei Past Present Promotions macht Geschichte Spa\u00df. Bundesweit interpretieren wir Geschichte in Museen, KiTas und Schulen.<\/p>\n<h6>Historiker und P\u00e4dagogen machen Geschichte lebendig<\/h6>\n<p>Wir verbinden in einzigartiger Weise die Kompetenzen von Historikern und P\u00e4dagogen. Wir haben langj\u00e4hrige Erfahrung in der Durchf\u00fchrung von Geschichtsinterpretationen und Living History-Veranstaltungen. Die Gr\u00f6\u00dfe der Veranstaltung spielt dabei (beinahe) keine Rolle.<\/p>\n<p>Bei Veranstaltungen im<a href=\"http:\/\/s137740124.online.de\/im-museum\"> Museen<\/a> f\u00fchren wir durch Dauer- und Wechselausstellungen. Oder wir stehen als Cicerones f\u00fcr die Fragen der Besucher zur Verf\u00fcgung. Wir f\u00fchren in der Ausstellung alte Handwerkstechniken mit Repliken passender Werkzeuge vor. Aber wir organisieren auch Familientage und Museumsfeste.<\/p>\n<p>In <a href=\"http:\/\/s137740124.online.de\/lernen-mit-spass\/kita-und-schule\">Kinderg\u00e4rten und Schulen<\/a> gestalten wir Unterrichtseinheiten zum Leben der Menschen in vergangenen Epochen. Mit dazu geh\u00f6rt immer auch das praktische Arbeiten. Nat\u00fcrlich alles abgestimmt auf das Alter der Kinder. Gerne gestalten wir auch Ihr KiTa- oder Schulfest im historischen Rahmen.<\/p>\n","protected":false},"excerpt":{"rendered":"<p>Bei Past Present Promotions macht Geschichte Spa\u00df. Bundesweit interpretieren wir Geschichte in Museen, KiTas und Schulen. Historiker und P\u00e4dagogen machen Geschichte lebendig Wir verbinden in einzigartiger Weise die Kompetenzen von Historikern und P\u00e4dagogen. Wir haben langj\u00e4hrige Erfahrung in der Durchf\u00fchrung von Geschichtsinterpretationen und Living History-Veranstaltungen. Die Gr\u00f6\u00dfe der Veranstaltung spielt dabei (beinahe) keine Rolle. Bei &hellip; <a href=\"https:\/\/www.3p-event.de\/\" class=\"more-link\"><span class=\"screen-reader-text\">Past Present Promotions<\/span> weiterlesen <span class=\"meta-nav\">&rarr;<\/span><\/a><\/p>\n","protected":false},"author":1,"featured_media":0,"parent":0,"menu_order":1,"comment_status":"closed","ping_status":"closed","template":"","meta":{"footnotes":""},"class_list":["post-18","page","type-page","status-publish","hentry"],"yoast_head":"<!-- This site is optimized with the Yoast SEO plugin v27.5 - https:\/\/yoast.com\/product\/yoast-seo-wordpress\/ -->\n<title>Past Present Promotions - Past Present Promotions<\/title>\n<meta name=\"robots\" content=\"index, follow, max-snippet:-1, max-image-preview:large, max-video-preview:-1\" \/>\n<link rel=\"canonical\" href=\"https:\/\/www.3p-event.de\/\" \/>\n<meta property=\"og:locale\" content=\"de_DE\" \/>\n<meta property=\"og:type\" content=\"article\" \/>\n<meta property=\"og:title\" content=\"Past Present Promotions - Past Present Promotions\" \/>\n<meta property=\"og:description\" content=\"Bei Past Present Promotions macht Geschichte Spa\u00df. Bundesweit interpretieren wir Geschichte in Museen, KiTas und Schulen. Historiker und P\u00e4dagogen machen Geschichte lebendig Wir verbinden in einzigartiger Weise die Kompetenzen von Historikern und P\u00e4dagogen. Wir haben langj\u00e4hrige Erfahrung in der Durchf\u00fchrung von Geschichtsinterpretationen und Living History-Veranstaltungen. Die Gr\u00f6\u00dfe der Veranstaltung spielt dabei (beinahe) keine Rolle. Bei &hellip; Past Present Promotions weiterlesen &rarr;\" \/>\n<meta property=\"og:url\" content=\"https:\/\/www.3p-event.de\/\" \/>\n<meta property=\"og:site_name\" content=\"Past Present Promotions\" \/>\n<meta property=\"article:publisher\" content=\"https:\/\/www.facebook.com\/PastPresentPromotions\" \/>\n<meta property=\"article:modified_time\" content=\"2016-11-25T20:04:00+00:00\" \/>\n<meta name=\"twitter:card\" content=\"summary_large_image\" \/>\n<meta name=\"twitter:label1\" content=\"Gesch\u00e4tzte Lesezeit\" \/>\n\t<meta name=\"twitter:data1\" content=\"1\u00a0Minute\" \/>\n<script type=\"application\/ld+json\" class=\"yoast-schema-graph\">{\"@context\":\"https:\\\/\\\/schema.org\",\"@graph\":[{\"@type\":\"WebPage\",\"@id\":\"https:\\\/\\\/www.3p-event.de\\\/\",\"url\":\"https:\\\/\\\/www.3p-event.de\\\/\",\"name\":\"Past Present Promotions - Past Present Promotions\",\"isPartOf\":{\"@id\":\"https:\\\/\\\/www.3p-event.de\\\/#website\"},\"datePublished\":\"2016-08-17T18:58:56+00:00\",\"dateModified\":\"2016-11-25T20:04:00+00:00\",\"breadcrumb\":{\"@id\":\"https:\\\/\\\/www.3p-event.de\\\/#breadcrumb\"},\"inLanguage\":\"de\",\"potentialAction\":[{\"@type\":\"ReadAction\",\"target\":[\"https:\\\/\\\/www.3p-event.de\\\/\"]}]},{\"@type\":\"BreadcrumbList\",\"@id\":\"https:\\\/\\\/www.3p-event.de\\\/#breadcrumb\",\"itemListElement\":[{\"@type\":\"ListItem\",\"position\":1,\"name\":\"Startseite\",\"item\":\"https:\\\/\\\/www.3p-event.de\\\/\"},{\"@type\":\"ListItem\",\"position\":2,\"name\":\"Past Present Promotions\"}]},{\"@type\":\"WebSite\",\"@id\":\"https:\\\/\\\/www.3p-event.de\\\/#website\",\"url\":\"https:\\\/\\\/www.3p-event.de\\\/\",\"name\":\"Past Present Promotions\",\"description\":\"Historische Interpretationen\",\"publisher\":{\"@id\":\"https:\\\/\\\/www.3p-event.de\\\/#organization\"},\"potentialAction\":[{\"@type\":\"SearchAction\",\"target\":{\"@type\":\"EntryPoint\",\"urlTemplate\":\"https:\\\/\\\/www.3p-event.de\\\/?s={search_term_string}\"},\"query-input\":{\"@type\":\"PropertyValueSpecification\",\"valueRequired\":true,\"valueName\":\"search_term_string\"}}],\"inLanguage\":\"de\"},{\"@type\":\"Organization\",\"@id\":\"https:\\\/\\\/www.3p-event.de\\\/#organization\",\"name\":\"Past Present Promotions GbR\",\"url\":\"https:\\\/\\\/www.3p-event.de\\\/\",\"logo\":{\"@type\":\"ImageObject\",\"inLanguage\":\"de\",\"@id\":\"https:\\\/\\\/www.3p-event.de\\\/#\\\/schema\\\/logo\\\/image\\\/\",\"url\":\"https:\\\/\\\/www.3p-event.de\\\/wp-content\\\/uploads\\\/2016\\\/08\\\/logo_wp_blau_gross.gif\",\"contentUrl\":\"https:\\\/\\\/www.3p-event.de\\\/wp-content\\\/uploads\\\/2016\\\/08\\\/logo_wp_blau_gross.gif\",\"width\":512,\"height\":511,\"caption\":\"Past Present Promotions GbR\"},\"image\":{\"@id\":\"https:\\\/\\\/www.3p-event.de\\\/#\\\/schema\\\/logo\\\/image\\\/\"},\"sameAs\":[\"https:\\\/\\\/www.facebook.com\\\/PastPresentPromotions\"]}]}<\/script>\n<!-- \/ Yoast SEO plugin. -->","yoast_head_json":{"title":"Past Present Promotions - Past Present Promotions","robots":{"index":"index","follow":"follow","max-snippet":"max-snippet:-1","max-image-preview":"max-image-preview:large","max-video-preview":"max-video-preview:-1"},"canonical":"https:\/\/www.3p-event.de\/","og_locale":"de_DE","og_type":"article","og_title":"Past Present Promotions - Past Present Promotions","og_description":"Bei Past Present Promotions macht Geschichte Spa\u00df. Bundesweit interpretieren wir Geschichte in Museen, KiTas und Schulen. Historiker und P\u00e4dagogen machen Geschichte lebendig Wir verbinden in einzigartiger Weise die Kompetenzen von Historikern und P\u00e4dagogen. Wir haben langj\u00e4hrige Erfahrung in der Durchf\u00fchrung von Geschichtsinterpretationen und Living History-Veranstaltungen. Die Gr\u00f6\u00dfe der Veranstaltung spielt dabei (beinahe) keine Rolle. Bei &hellip; Past Present Promotions weiterlesen &rarr;","og_url":"https:\/\/www.3p-event.de\/","og_site_name":"Past Present Promotions","article_publisher":"https:\/\/www.facebook.com\/PastPresentPromotions","article_modified_time":"2016-11-25T20:04:00+00:00","twitter_card":"summary_large_image","twitter_misc":{"Gesch\u00e4tzte Lesezeit":"1\u00a0Minute"},"schema":{"@context":"https:\/\/schema.org","@graph":[{"@type":"WebPage","@id":"https:\/\/www.3p-event.de\/","url":"https:\/\/www.3p-event.de\/","name":"Past Present Promotions - Past Present Promotions","isPartOf":{"@id":"https:\/\/www.3p-event.de\/#website"},"datePublished":"2016-08-17T18:58:56+00:00","dateModified":"2016-11-25T20:04:00+00:00","breadcrumb":{"@id":"https:\/\/www.3p-event.de\/#breadcrumb"},"inLanguage":"de","potentialAction":[{"@type":"ReadAction","target":["https:\/\/www.3p-event.de\/"]}]},{"@type":"BreadcrumbList","@id":"https:\/\/www.3p-event.de\/#breadcrumb","itemListElement":[{"@type":"ListItem","position":1,"name":"Startseite","item":"https:\/\/www.3p-event.de\/"},{"@type":"ListItem","position":2,"name":"Past Present Promotions"}]},{"@type":"WebSite","@id":"https:\/\/www.3p-event.de\/#website","url":"https:\/\/www.3p-event.de\/","name":"Past Present Promotions","description":"Historische Interpretationen","publisher":{"@id":"https:\/\/www.3p-event.de\/#organization"},"potentialAction":[{"@type":"SearchAction","target":{"@type":"EntryPoint","urlTemplate":"https:\/\/www.3p-event.de\/?s={search_term_string}"},"query-input":{"@type":"PropertyValueSpecification","valueRequired":true,"valueName":"search_term_string"}}],"inLanguage":"de"},{"@type":"Organization","@id":"https:\/\/www.3p-event.de\/#organization","name":"Past Present Promotions GbR","url":"https:\/\/www.3p-event.de\/","logo":{"@type":"ImageObject","inLanguage":"de","@id":"https:\/\/www.3p-event.de\/#\/schema\/logo\/image\/","url":"https:\/\/www.3p-event.de\/wp-content\/uploads\/2016\/08\/logo_wp_blau_gross.gif","contentUrl":"https:\/\/www.3p-event.de\/wp-content\/uploads\/2016\/08\/logo_wp_blau_gross.gif","width":512,"height":511,"caption":"Past Present Promotions GbR"},"image":{"@id":"https:\/\/www.3p-event.de\/#\/schema\/logo\/image\/"},"sameAs":["https:\/\/www.facebook.com\/PastPresentPromotions"]}]}},"_links":{"self":[{"href":"https:\/\/www.3p-event.de\/index.php?rest_route=\/wp\/v2\/pages\/18","targetHints":{"allow":["GET"]}}],"collection":[{"href":"https:\/\/www.3p-event.de\/index.php?rest_route=\/wp\/v2\/pages"}],"about":[{"href":"https:\/\/www.3p-event.de\/index.php?rest_route=\/wp\/v2\/types\/page"}],"author":[{"embeddable":true,"href":"https:\/\/www.3p-event.de\/index.php?rest_route=\/wp\/v2\/users\/1"}],"replies":[{"embeddable":true,"href":"https:\/\/www.3p-event.de\/index.php?rest_route=%2Fwp%2Fv2%2Fcomments&post=18"}],"version-history":[{"count":8,"href":"https:\/\/www.3p-event.de\/index.php?rest_route=\/wp\/v2\/pages\/18\/revisions"}],"predecessor-version":[{"id":230,"href":"https:\/\/www.3p-event.de\/index.php?rest_route=\/wp\/v2\/pages\/18\/revisions\/230"}],"wp:attachment":[{"href":"https:\/\/www.3p-event.de\/index.php?rest_route=%2Fwp%2Fv2%2Fmedia&parent=18"}],"curies":[{"name":"wp","href":"https:\/\/api.w.org\/{rel}","templated":true}]}}