{"id":112,"date":"2016-08-18T18:36:50","date_gmt":"2016-08-18T18:36:50","guid":{"rendered":"http:\/\/s137740124.online.de\/?page_id=112"},"modified":"2023-09-17T15:26:33","modified_gmt":"2023-09-17T15:26:33","slug":"neuzeit-in-der-schule","status":"publish","type":"page","link":"https:\/\/www.3p-event.de\/?page_id=112","title":{"rendered":"Neuzeit in der Schule"},"content":{"rendered":"<p>Folgende Angebote und Aktionen zur Neuzeit in der Schule haben wir auf Lager:<\/p>\n<h6>Die b\u00fcrgerliche Bewegung im Rheinland 1815 &#8211; 1848<\/h6>\n<figure id=\"attachment_159\" aria-describedby=\"caption-attachment-159\" style=\"width: 86px\" class=\"wp-caption alignleft\"><img loading=\"lazy\" decoding=\"async\" class=\"wp-image-159 size-full\" src=\"https:\/\/www.3p-event.de\/wp-content\/uploads\/2016\/08\/oliver_empire.png\" alt=\"B\u00fcrgerliche Freiheit in der fr\u00fchen Neuzeit\" width=\"86\" height=\"225\" \/><figcaption id=\"caption-attachment-159\" class=\"wp-caption-text\">B\u00fcrgerliche Freiheit in der fr\u00fchen Neuzeit<\/figcaption><\/figure>\n<p>Unser Mitarbeiter kommt zu Ihnen in der Kleidung des fr\u00fchen 19. Jahrhunderts. Er berichtet anhand literarischer und bildlicher Quellen von den Befreiungskriegen und dem aufkeimenden Nationalgef\u00fchl, vom Streben nach Freiheit von f\u00fcrstlicher Willk\u00fcr und nach deutscher Einheit und dem Ursprung dieser beiden Ideen. Nebenbei gibt er einen Einblick in das b\u00fcrgerliche Leben in der Zeit zwischen Restauration und Vorm\u00e4rz. Und auch die industrielle Revolution und ihre Folgen kommen nicht zu kurz.<\/p>\n<p>Dauer: 90 min, Kosten: 120,00 \u20ac<\/p>\n<h6>Soldatenr\u00e4te vs Freikorps &#8211; November 1918 &#8211; August 1919<\/h6>\n<p><img loading=\"lazy\" decoding=\"async\" class=\"wp-image-113 size-full alignright\" src=\"https:\/\/www.3p-event.de\/wp-content\/uploads\/2016\/08\/soldat_freigestellt.jpg\" alt=\"\" width=\"90\" height=\"225\" \/><\/p>\n<p>Ein Mitarbeiter besucht Sie in der Uniform eines Soldaten des kaiserlichen Heeres. Er berichtet vom Grauen der Sch\u00fctzengr\u00e4ben, dem Kieler Matrosenaufstand und den Wirren nach der Kapitulation, von den Zielen der Arbeiter- und<br \/>\nSoldatenr\u00e4te und ihren K\u00e4mpfen mit den Freikorps &#8211; und fast wie nebenbei wird klar, wie ein Gefreiter eines bayerischen Freiwilligen-Regiments zu seinen eigentlich unglaublichen Ideen kam.<\/p>\n<p>Dauer: 90 min, Kosten: 150,00 \u20ac<\/p>\n<p><strong>\u00a0Wir berechnen 0,30 Euro pro gefahrenem Kilometer.<\/strong><\/p>\n<p>Haben Sie noch weitere W\u00fcnsche: Fordern Sie uns heraus!<\/p>\n","protected":false},"excerpt":{"rendered":"<p>Folgende Angebote und Aktionen zur Neuzeit in der Schule haben wir auf Lager: Die b\u00fcrgerliche Bewegung im Rheinland 1815 &#8211; 1848 Unser Mitarbeiter kommt zu Ihnen in der Kleidung des fr\u00fchen 19. Jahrhunderts. Er berichtet anhand literarischer und bildlicher Quellen von den Befreiungskriegen und dem aufkeimenden Nationalgef\u00fchl, vom Streben nach Freiheit von f\u00fcrstlicher Willk\u00fcr und &hellip; <a href=\"https:\/\/www.3p-event.de\/?page_id=112\" class=\"more-link\"><span class=\"screen-reader-text\">Neuzeit in der Schule<\/span> weiterlesen <span class=\"meta-nav\">&rarr;<\/span><\/a><\/p>\n","protected":false},"author":1,"featured_media":0,"parent":79,"menu_order":3,"comment_status":"closed","ping_status":"closed","template":"","meta":{"footnotes":""},"class_list":["post-112","page","type-page","status-publish","hentry"],"yoast_head":"<!-- This site is optimized with the Yoast SEO plugin v27.5 - https:\/\/yoast.com\/product\/yoast-seo-wordpress\/ -->\n<title>Neuzeit in der Schule - Past Present Promotions<\/title>\n<meta name=\"robots\" content=\"index, follow, max-snippet:-1, max-image-preview:large, max-video-preview:-1\" \/>\n<link rel=\"canonical\" href=\"https:\/\/www.3p-event.de\/?page_id=112\" \/>\n<meta property=\"og:locale\" content=\"de_DE\" \/>\n<meta property=\"og:type\" content=\"article\" \/>\n<meta property=\"og:title\" content=\"Neuzeit in der Schule - Past Present Promotions\" \/>\n<meta property=\"og:description\" content=\"Folgende Angebote und Aktionen zur Neuzeit in der Schule haben wir auf Lager: Die b\u00fcrgerliche Bewegung im Rheinland 1815 &#8211; 1848 Unser Mitarbeiter kommt zu Ihnen in der Kleidung des fr\u00fchen 19. Jahrhunderts. Er berichtet anhand literarischer und bildlicher Quellen von den Befreiungskriegen und dem aufkeimenden Nationalgef\u00fchl, vom Streben nach Freiheit von f\u00fcrstlicher Willk\u00fcr und &hellip; Neuzeit in der Schule weiterlesen &rarr;\" \/>\n<meta property=\"og:url\" content=\"https:\/\/www.3p-event.de\/?page_id=112\" \/>\n<meta property=\"og:site_name\" content=\"Past Present Promotions\" \/>\n<meta property=\"article:publisher\" content=\"https:\/\/www.facebook.com\/PastPresentPromotions\" \/>\n<meta property=\"article:modified_time\" content=\"2023-09-17T15:26:33+00:00\" \/>\n<meta property=\"og:image\" content=\"https:\/\/www.3p-event.de\/wp-content\/uploads\/2016\/08\/oliver_empire.png\" \/>\n<meta name=\"twitter:card\" content=\"summary_large_image\" \/>\n<meta name=\"twitter:label1\" content=\"Gesch\u00e4tzte Lesezeit\" \/>\n\t<meta name=\"twitter:data1\" content=\"2\u00a0Minuten\" \/>\n<script type=\"application\/ld+json\" class=\"yoast-schema-graph\">{\"@context\":\"https:\\\/\\\/schema.org\",\"@graph\":[{\"@type\":\"WebPage\",\"@id\":\"https:\\\/\\\/www.3p-event.de\\\/?page_id=112\",\"url\":\"https:\\\/\\\/www.3p-event.de\\\/?page_id=112\",\"name\":\"Neuzeit in der Schule - Past Present Promotions\",\"isPartOf\":{\"@id\":\"https:\\\/\\\/www.3p-event.de\\\/#website\"},\"primaryImageOfPage\":{\"@id\":\"https:\\\/\\\/www.3p-event.de\\\/?page_id=112#primaryimage\"},\"image\":{\"@id\":\"https:\\\/\\\/www.3p-event.de\\\/?page_id=112#primaryimage\"},\"thumbnailUrl\":\"https:\\\/\\\/www.3p-event.de\\\/wp-content\\\/uploads\\\/2016\\\/08\\\/oliver_empire.png\",\"datePublished\":\"2016-08-18T18:36:50+00:00\",\"dateModified\":\"2023-09-17T15:26:33+00:00\",\"breadcrumb\":{\"@id\":\"https:\\\/\\\/www.3p-event.de\\\/?page_id=112#breadcrumb\"},\"inLanguage\":\"de\",\"potentialAction\":[{\"@type\":\"ReadAction\",\"target\":[\"https:\\\/\\\/www.3p-event.de\\\/?page_id=112\"]}]},{\"@type\":\"ImageObject\",\"inLanguage\":\"de\",\"@id\":\"https:\\\/\\\/www.3p-event.de\\\/?page_id=112#primaryimage\",\"url\":\"https:\\\/\\\/www.3p-event.de\\\/wp-content\\\/uploads\\\/2016\\\/08\\\/oliver_empire.png\",\"contentUrl\":\"https:\\\/\\\/www.3p-event.de\\\/wp-content\\\/uploads\\\/2016\\\/08\\\/oliver_empire.png\",\"width\":86,\"height\":225,\"caption\":\"B\u00fcrgerliche Freiheit in der fr\u00fchen Neuzeit\"},{\"@type\":\"BreadcrumbList\",\"@id\":\"https:\\\/\\\/www.3p-event.de\\\/?page_id=112#breadcrumb\",\"itemListElement\":[{\"@type\":\"ListItem\",\"position\":1,\"name\":\"Startseite\",\"item\":\"https:\\\/\\\/www.3p-event.de\\\/\"},{\"@type\":\"ListItem\",\"position\":2,\"name\":\"Lernen mit Spa\u00df\",\"item\":\"https:\\\/\\\/www.3p-event.de\\\/?page_id=71\"},{\"@type\":\"ListItem\",\"position\":3,\"name\":\"KiTa und Schule\",\"item\":\"https:\\\/\\\/www.3p-event.de\\\/?page_id=79\"},{\"@type\":\"ListItem\",\"position\":4,\"name\":\"Neuzeit in der Schule\"}]},{\"@type\":\"WebSite\",\"@id\":\"https:\\\/\\\/www.3p-event.de\\\/#website\",\"url\":\"https:\\\/\\\/www.3p-event.de\\\/\",\"name\":\"Past Present Promotions\",\"description\":\"Historische Interpretationen\",\"publisher\":{\"@id\":\"https:\\\/\\\/www.3p-event.de\\\/#organization\"},\"potentialAction\":[{\"@type\":\"SearchAction\",\"target\":{\"@type\":\"EntryPoint\",\"urlTemplate\":\"https:\\\/\\\/www.3p-event.de\\\/?s={search_term_string}\"},\"query-input\":{\"@type\":\"PropertyValueSpecification\",\"valueRequired\":true,\"valueName\":\"search_term_string\"}}],\"inLanguage\":\"de\"},{\"@type\":\"Organization\",\"@id\":\"https:\\\/\\\/www.3p-event.de\\\/#organization\",\"name\":\"Past Present Promotions GbR\",\"url\":\"https:\\\/\\\/www.3p-event.de\\\/\",\"logo\":{\"@type\":\"ImageObject\",\"inLanguage\":\"de\",\"@id\":\"https:\\\/\\\/www.3p-event.de\\\/#\\\/schema\\\/logo\\\/image\\\/\",\"url\":\"https:\\\/\\\/www.3p-event.de\\\/wp-content\\\/uploads\\\/2016\\\/08\\\/logo_wp_blau_gross.gif\",\"contentUrl\":\"https:\\\/\\\/www.3p-event.de\\\/wp-content\\\/uploads\\\/2016\\\/08\\\/logo_wp_blau_gross.gif\",\"width\":512,\"height\":511,\"caption\":\"Past Present Promotions GbR\"},\"image\":{\"@id\":\"https:\\\/\\\/www.3p-event.de\\\/#\\\/schema\\\/logo\\\/image\\\/\"},\"sameAs\":[\"https:\\\/\\\/www.facebook.com\\\/PastPresentPromotions\"]}]}<\/script>\n<!-- \/ Yoast SEO plugin. -->","yoast_head_json":{"title":"Neuzeit in der Schule - Past Present Promotions","robots":{"index":"index","follow":"follow","max-snippet":"max-snippet:-1","max-image-preview":"max-image-preview:large","max-video-preview":"max-video-preview:-1"},"canonical":"https:\/\/www.3p-event.de\/?page_id=112","og_locale":"de_DE","og_type":"article","og_title":"Neuzeit in der Schule - Past Present Promotions","og_description":"Folgende Angebote und Aktionen zur Neuzeit in der Schule haben wir auf Lager: Die b\u00fcrgerliche Bewegung im Rheinland 1815 &#8211; 1848 Unser Mitarbeiter kommt zu Ihnen in der Kleidung des fr\u00fchen 19. Jahrhunderts. Er berichtet anhand literarischer und bildlicher Quellen von den Befreiungskriegen und dem aufkeimenden Nationalgef\u00fchl, vom Streben nach Freiheit von f\u00fcrstlicher Willk\u00fcr und &hellip; Neuzeit in der Schule weiterlesen &rarr;","og_url":"https:\/\/www.3p-event.de\/?page_id=112","og_site_name":"Past Present Promotions","article_publisher":"https:\/\/www.facebook.com\/PastPresentPromotions","article_modified_time":"2023-09-17T15:26:33+00:00","og_image":[{"url":"https:\/\/www.3p-event.de\/wp-content\/uploads\/2016\/08\/oliver_empire.png","type":"","width":"","height":""}],"twitter_card":"summary_large_image","twitter_misc":{"Gesch\u00e4tzte Lesezeit":"2\u00a0Minuten"},"schema":{"@context":"https:\/\/schema.org","@graph":[{"@type":"WebPage","@id":"https:\/\/www.3p-event.de\/?page_id=112","url":"https:\/\/www.3p-event.de\/?page_id=112","name":"Neuzeit in der Schule - Past Present Promotions","isPartOf":{"@id":"https:\/\/www.3p-event.de\/#website"},"primaryImageOfPage":{"@id":"https:\/\/www.3p-event.de\/?page_id=112#primaryimage"},"image":{"@id":"https:\/\/www.3p-event.de\/?page_id=112#primaryimage"},"thumbnailUrl":"https:\/\/www.3p-event.de\/wp-content\/uploads\/2016\/08\/oliver_empire.png","datePublished":"2016-08-18T18:36:50+00:00","dateModified":"2023-09-17T15:26:33+00:00","breadcrumb":{"@id":"https:\/\/www.3p-event.de\/?page_id=112#breadcrumb"},"inLanguage":"de","potentialAction":[{"@type":"ReadAction","target":["https:\/\/www.3p-event.de\/?page_id=112"]}]},{"@type":"ImageObject","inLanguage":"de","@id":"https:\/\/www.3p-event.de\/?page_id=112#primaryimage","url":"https:\/\/www.3p-event.de\/wp-content\/uploads\/2016\/08\/oliver_empire.png","contentUrl":"https:\/\/www.3p-event.de\/wp-content\/uploads\/2016\/08\/oliver_empire.png","width":86,"height":225,"caption":"B\u00fcrgerliche Freiheit in der fr\u00fchen Neuzeit"},{"@type":"BreadcrumbList","@id":"https:\/\/www.3p-event.de\/?page_id=112#breadcrumb","itemListElement":[{"@type":"ListItem","position":1,"name":"Startseite","item":"https:\/\/www.3p-event.de\/"},{"@type":"ListItem","position":2,"name":"Lernen mit Spa\u00df","item":"https:\/\/www.3p-event.de\/?page_id=71"},{"@type":"ListItem","position":3,"name":"KiTa und Schule","item":"https:\/\/www.3p-event.de\/?page_id=79"},{"@type":"ListItem","position":4,"name":"Neuzeit in der Schule"}]},{"@type":"WebSite","@id":"https:\/\/www.3p-event.de\/#website","url":"https:\/\/www.3p-event.de\/","name":"Past Present Promotions","description":"Historische Interpretationen","publisher":{"@id":"https:\/\/www.3p-event.de\/#organization"},"potentialAction":[{"@type":"SearchAction","target":{"@type":"EntryPoint","urlTemplate":"https:\/\/www.3p-event.de\/?s={search_term_string}"},"query-input":{"@type":"PropertyValueSpecification","valueRequired":true,"valueName":"search_term_string"}}],"inLanguage":"de"},{"@type":"Organization","@id":"https:\/\/www.3p-event.de\/#organization","name":"Past Present Promotions GbR","url":"https:\/\/www.3p-event.de\/","logo":{"@type":"ImageObject","inLanguage":"de","@id":"https:\/\/www.3p-event.de\/#\/schema\/logo\/image\/","url":"https:\/\/www.3p-event.de\/wp-content\/uploads\/2016\/08\/logo_wp_blau_gross.gif","contentUrl":"https:\/\/www.3p-event.de\/wp-content\/uploads\/2016\/08\/logo_wp_blau_gross.gif","width":512,"height":511,"caption":"Past Present Promotions GbR"},"image":{"@id":"https:\/\/www.3p-event.de\/#\/schema\/logo\/image\/"},"sameAs":["https:\/\/www.facebook.com\/PastPresentPromotions"]}]}},"_links":{"self":[{"href":"https:\/\/www.3p-event.de\/index.php?rest_route=\/wp\/v2\/pages\/112","targetHints":{"allow":["GET"]}}],"collection":[{"href":"https:\/\/www.3p-event.de\/index.php?rest_route=\/wp\/v2\/pages"}],"about":[{"href":"https:\/\/www.3p-event.de\/index.php?rest_route=\/wp\/v2\/types\/page"}],"author":[{"embeddable":true,"href":"https:\/\/www.3p-event.de\/index.php?rest_route=\/wp\/v2\/users\/1"}],"replies":[{"embeddable":true,"href":"https:\/\/www.3p-event.de\/index.php?rest_route=%2Fwp%2Fv2%2Fcomments&post=112"}],"version-history":[{"count":9,"href":"https:\/\/www.3p-event.de\/index.php?rest_route=\/wp\/v2\/pages\/112\/revisions"}],"predecessor-version":[{"id":509,"href":"https:\/\/www.3p-event.de\/index.php?rest_route=\/wp\/v2\/pages\/112\/revisions\/509"}],"up":[{"embeddable":true,"href":"https:\/\/www.3p-event.de\/index.php?rest_route=\/wp\/v2\/pages\/79"}],"wp:attachment":[{"href":"https:\/\/www.3p-event.de\/index.php?rest_route=%2Fwp%2Fv2%2Fmedia&parent=112"}],"curies":[{"name":"wp","href":"https:\/\/api.w.org\/{rel}","templated":true}]}}