{"id":106,"date":"2016-08-18T18:23:38","date_gmt":"2016-08-18T18:23:38","guid":{"rendered":"http:\/\/s137740124.online.de\/?page_id=106"},"modified":"2023-09-17T15:25:27","modified_gmt":"2023-09-17T15:25:27","slug":"mittelalter-in-kita-und-schule","status":"publish","type":"page","link":"https:\/\/www.3p-event.de\/?page_id=106","title":{"rendered":"Mittelalter in KiTa und Schule"},"content":{"rendered":"<p>Folgende Angebote und Aktionen zum Mittelalter k\u00f6nnen wir in KiTa und Schule anbieten:<\/p>\n<h6>Der Ritter und sein Schild<\/h6>\n<figure id=\"attachment_107\" aria-describedby=\"caption-attachment-107\" style=\"width: 169px\" class=\"wp-caption alignright\"><img loading=\"lazy\" decoding=\"async\" class=\"wp-image-107 size-full\" src=\"https:\/\/www.3p-event.de\/wp-content\/uploads\/2016\/08\/oli_theoderich.jpg\" alt=\"Einer unserer Ritter: Theoderich II. von Rheinbach\" width=\"169\" height=\"225\" \/><figcaption id=\"caption-attachment-107\" class=\"wp-caption-text\">Einer unserer Ritter: Theoderich II. von Rheinbach<\/figcaption><\/figure>\n<p><strong>Modul 1:<\/strong> Ein Mitarbeiter kommt zu Ihnen in h\u00f6fischer Kleidung des sp\u00e4ten 13.<br \/>\nJahrhunderts, mit einer kompletten Ritterr\u00fcstung im Gep\u00e4ck &#8211; und die ziehen die Kinder dem Ritter St\u00fcck f\u00fcr St\u00fcck an. Dabei darf und muss nat\u00fcrlich auch alles angefasst und ausprobiert<br \/>\nwerden. Vorher schauen wir uns Reproduktionen mittelalterlicher Ritterbilder und kurze Texte an, um so dem Bild des Ritters in all seinen Facetten n\u00e4her zu kommen.<\/p>\n<p>Dauer: 90 min, Kosten: 120,00 \u20ac<\/p>\n<p><strong>Modul 2 (optional):<\/strong> Nach heraldischen Regeln fertigen die Kinder sich ihren eigenen Wappenschild.<\/p>\n<p>Dauer: 90 min, Kosten: 90,00 \u20ac plus 5,00 \u20ac pro Kind f\u00fcr Material<\/p>\n<h6>Du willst ein guter Kaufmann sein &#8230;<\/h6>\n<figure id=\"attachment_108\" aria-describedby=\"caption-attachment-108\" style=\"width: 150px\" class=\"wp-caption alignleft\"><img loading=\"lazy\" decoding=\"async\" class=\"wp-image-108 size-full\" src=\"https:\/\/www.3p-event.de\/wp-content\/uploads\/2016\/08\/auftritt_nideggen2.jpg\" alt=\"Unser Kaufmann aus dem Mittelalter\" width=\"150\" height=\"225\" \/><figcaption id=\"caption-attachment-108\" class=\"wp-caption-text\">Unser Kaufmann aus dem Mittelalter<\/figcaption><\/figure>\n<p><strong>Modul 1:<\/strong> Ein Mitarbeiter oder eine Mitarbeiterin kommt zu Ihnen in der Kleidung eines Kaufmanns oder seiner Ehefrau aus dem fr\u00fchen 14. Jahrhundert. Gemeinsam mit den Kindern betrachten sie Reproduktionen ausgew\u00e4hlter mittelalterlicher Bildquellen und M\u00fcnzen, um sich so dem st\u00e4dtischen Leben im Mittelalter zu n\u00e4hern. Auf einem Rechentisch rechnen die Kinder auf den Linien, Schreiben mit der G\u00e4nsefeder auf &#8222;Pergament&#8220; und mit dem Griffel auf Wachst\u00e4felchen.<\/p>\n<p>Dauer: 90 min, Kosten: 120,00 \u20ac<\/p>\n<p><strong>Modul 2 (optional):<\/strong> Unter unserer Anleitung stellen die Kinder ein eigenes Wachst\u00e4felchen mitsamt Schreibgriffel her.<\/p>\n<p>Dauer: 90 min, Kosten: 90,00 \u20ac plus 4,00 \u20ac pro Kind f\u00fcr Material<\/p>\n<p><strong>Modul 3 (optional):<\/strong> Unter unserer Anleitung fertigen die Kinder eigene Rechenbretter an.<\/p>\n<p>Dauer: 90 min, Kosten: 90,00 \u20ac plus 4,00 \u20ac pro Kind f\u00fcr Material<\/p>\n<h6>Alltag und Luxus im Mittelalter<\/h6>\n<figure id=\"attachment_109\" aria-describedby=\"caption-attachment-109\" style=\"width: 169px\" class=\"wp-caption alignright\"><img loading=\"lazy\" decoding=\"async\" class=\"wp-image-109 size-full\" src=\"https:\/\/www.3p-event.de\/wp-content\/uploads\/2016\/08\/mittelalterliche_baeuerin.jpg\" alt=\"Unsere B\u00e4uerin aus dem Mittelalter\" width=\"169\" height=\"225\" \/><figcaption id=\"caption-attachment-109\" class=\"wp-caption-text\">Unsere B\u00e4uerin aus dem Mittelalter<\/figcaption><\/figure>\n<p><strong>Modul 1:<\/strong> Unser Mitarbeiter oder unsere Mitarbeiterin kommt zu Ihnen in der Kleidung eines Bauern oder einer B\u00e4uerin aus dem fr\u00fchen 14. Jahrhundert. Gemeinsam mit ihm\/ihr betrachten die Kinder Reproduktionen ausgew\u00e4hlter Bildquellen von Bauern und Adeligen sowie Reproduktionen von mittelalterlichem Koch- und Tischgeschirr aus dem b\u00e4uerlichen und dem h\u00f6fischen Umfeld und von h\u00f6fischer Kleidung incl. Accessoires. So n\u00e4hern sich die Kinder aktiv der mittelalterlichen St\u00e4ndegesellschaft.<\/p>\n<p>Dauer: 90 min, Kosten: 120,00 \u20ac<\/p>\n<p><strong>Modul 2 (optional):<\/strong> Unter unserer Anleitung fertigen die Kinder eigene Scheibenfibeln.<\/p>\n<p>Dauer: 90 min, Kosten: 90,00 \u20ac plus 4,00 \u20ac pro Kind f\u00fcr Material<\/p>\n<p><strong>Wir berechnen 0,30 Euro pro gefahrenem Kilometer.<\/strong><\/p>\n<p>Keines der Angebote entspricht Ihren Vorstellungen? Macht nichts, denn bei uns geht auch noch mehr:<\/p>\n<h6>Mittelalterliche Spiele:<\/h6>\n<p>Brettspiele:<\/p>\n<ul>\n<li>Wurfzabel\/Tafelspiel<\/li>\n<li>Schach<\/li>\n<li>Hnefatafl<\/li>\n<li>Kreism\u00fchle<\/li>\n<\/ul>\n<p>Weitere Spiele:<\/p>\n<ul>\n<li>Bickelsteine (Geschicklichkeitsspiel mit den Fu\u00dfknochen von Schafen oder Ziegen)<\/li>\n<li>Wurfbude<\/li>\n<li>Armbrust-Schie\u00dfbude<\/li>\n<li>Bogenschie\u00dfbahn<\/li>\n<li>Hufeisenwerfen<\/li>\n<\/ul>\n<p>Alle Brettspiele bieten wir fertig zum Spielen oder als Bastelangebot an.<\/p>\n<h6>Mittelalterliche Modenschau:<\/h6>\n<ul>\n<li>Frauen- und M\u00e4nnerkleidung des Adels<\/li>\n<li>Frauen- und M\u00e4nnerkleidung des Volkes<\/li>\n<\/ul>\n<h6>Ritter und Fu\u00dfvolk:<\/h6>\n<ul>\n<li>gro\u00dfe Waffen- und R\u00fcstungsschau<\/li>\n<li>Schaukampfvorf\u00fchrung<\/li>\n<\/ul>\n<p><strong>Und als Kr\u00f6nung:<\/strong> das gro\u00dfe Ritterturnier f\u00fcr Kinder<\/p>\n<p>Haben Sie noch weitere W\u00fcnsche: Fordern Sie uns heraus!<\/p>\n","protected":false},"excerpt":{"rendered":"<p>Folgende Angebote und Aktionen zum Mittelalter k\u00f6nnen wir in KiTa und Schule anbieten: Der Ritter und sein Schild Modul 1: Ein Mitarbeiter kommt zu Ihnen in h\u00f6fischer Kleidung des sp\u00e4ten 13. Jahrhunderts, mit einer kompletten Ritterr\u00fcstung im Gep\u00e4ck &#8211; und die ziehen die Kinder dem Ritter St\u00fcck f\u00fcr St\u00fcck an. Dabei darf und muss nat\u00fcrlich &hellip; <a href=\"https:\/\/www.3p-event.de\/?page_id=106\" class=\"more-link\"><span class=\"screen-reader-text\">Mittelalter in KiTa und Schule<\/span> weiterlesen <span class=\"meta-nav\">&rarr;<\/span><\/a><\/p>\n","protected":false},"author":1,"featured_media":0,"parent":79,"menu_order":2,"comment_status":"closed","ping_status":"closed","template":"","meta":{"footnotes":""},"class_list":["post-106","page","type-page","status-publish","hentry"],"yoast_head":"<!-- This site is optimized with the Yoast SEO plugin v27.5 - https:\/\/yoast.com\/product\/yoast-seo-wordpress\/ -->\n<title>Mittelalter in KiTa und Schule - Past Present Promotions<\/title>\n<meta name=\"robots\" content=\"index, follow, max-snippet:-1, max-image-preview:large, max-video-preview:-1\" \/>\n<link rel=\"canonical\" href=\"https:\/\/www.3p-event.de\/?page_id=106\" \/>\n<meta property=\"og:locale\" content=\"de_DE\" \/>\n<meta property=\"og:type\" content=\"article\" \/>\n<meta property=\"og:title\" content=\"Mittelalter in KiTa und Schule - Past Present Promotions\" \/>\n<meta property=\"og:description\" content=\"Folgende Angebote und Aktionen zum Mittelalter k\u00f6nnen wir in KiTa und Schule anbieten: Der Ritter und sein Schild Modul 1: Ein Mitarbeiter kommt zu Ihnen in h\u00f6fischer Kleidung des sp\u00e4ten 13. Jahrhunderts, mit einer kompletten Ritterr\u00fcstung im Gep\u00e4ck &#8211; und die ziehen die Kinder dem Ritter St\u00fcck f\u00fcr St\u00fcck an. Dabei darf und muss nat\u00fcrlich &hellip; Mittelalter in KiTa und Schule weiterlesen &rarr;\" \/>\n<meta property=\"og:url\" content=\"https:\/\/www.3p-event.de\/?page_id=106\" \/>\n<meta property=\"og:site_name\" content=\"Past Present Promotions\" \/>\n<meta property=\"article:publisher\" content=\"https:\/\/www.facebook.com\/PastPresentPromotions\" \/>\n<meta property=\"article:modified_time\" content=\"2023-09-17T15:25:27+00:00\" \/>\n<meta property=\"og:image\" content=\"https:\/\/www.3p-event.de\/wp-content\/uploads\/2016\/08\/oli_theoderich.jpg\" \/>\n<meta name=\"twitter:card\" content=\"summary_large_image\" \/>\n<meta name=\"twitter:label1\" content=\"Gesch\u00e4tzte Lesezeit\" \/>\n\t<meta name=\"twitter:data1\" content=\"4\u00a0Minuten\" \/>\n<script type=\"application\/ld+json\" class=\"yoast-schema-graph\">{\"@context\":\"https:\\\/\\\/schema.org\",\"@graph\":[{\"@type\":\"WebPage\",\"@id\":\"https:\\\/\\\/www.3p-event.de\\\/?page_id=106\",\"url\":\"https:\\\/\\\/www.3p-event.de\\\/?page_id=106\",\"name\":\"Mittelalter in KiTa und Schule - Past Present Promotions\",\"isPartOf\":{\"@id\":\"https:\\\/\\\/www.3p-event.de\\\/#website\"},\"primaryImageOfPage\":{\"@id\":\"https:\\\/\\\/www.3p-event.de\\\/?page_id=106#primaryimage\"},\"image\":{\"@id\":\"https:\\\/\\\/www.3p-event.de\\\/?page_id=106#primaryimage\"},\"thumbnailUrl\":\"https:\\\/\\\/www.3p-event.de\\\/wp-content\\\/uploads\\\/2016\\\/08\\\/oli_theoderich.jpg\",\"datePublished\":\"2016-08-18T18:23:38+00:00\",\"dateModified\":\"2023-09-17T15:25:27+00:00\",\"breadcrumb\":{\"@id\":\"https:\\\/\\\/www.3p-event.de\\\/?page_id=106#breadcrumb\"},\"inLanguage\":\"de\",\"potentialAction\":[{\"@type\":\"ReadAction\",\"target\":[\"https:\\\/\\\/www.3p-event.de\\\/?page_id=106\"]}]},{\"@type\":\"ImageObject\",\"inLanguage\":\"de\",\"@id\":\"https:\\\/\\\/www.3p-event.de\\\/?page_id=106#primaryimage\",\"url\":\"https:\\\/\\\/www.3p-event.de\\\/wp-content\\\/uploads\\\/2016\\\/08\\\/oli_theoderich.jpg\",\"contentUrl\":\"https:\\\/\\\/www.3p-event.de\\\/wp-content\\\/uploads\\\/2016\\\/08\\\/oli_theoderich.jpg\",\"width\":169,\"height\":225,\"caption\":\"Einer unserer Ritter: Theoderich II. von Rheinbach\"},{\"@type\":\"BreadcrumbList\",\"@id\":\"https:\\\/\\\/www.3p-event.de\\\/?page_id=106#breadcrumb\",\"itemListElement\":[{\"@type\":\"ListItem\",\"position\":1,\"name\":\"Startseite\",\"item\":\"https:\\\/\\\/www.3p-event.de\\\/\"},{\"@type\":\"ListItem\",\"position\":2,\"name\":\"Lernen mit Spa\u00df\",\"item\":\"https:\\\/\\\/www.3p-event.de\\\/?page_id=71\"},{\"@type\":\"ListItem\",\"position\":3,\"name\":\"KiTa und Schule\",\"item\":\"https:\\\/\\\/www.3p-event.de\\\/?page_id=79\"},{\"@type\":\"ListItem\",\"position\":4,\"name\":\"Mittelalter in KiTa und Schule\"}]},{\"@type\":\"WebSite\",\"@id\":\"https:\\\/\\\/www.3p-event.de\\\/#website\",\"url\":\"https:\\\/\\\/www.3p-event.de\\\/\",\"name\":\"Past Present Promotions\",\"description\":\"Historische Interpretationen\",\"publisher\":{\"@id\":\"https:\\\/\\\/www.3p-event.de\\\/#organization\"},\"potentialAction\":[{\"@type\":\"SearchAction\",\"target\":{\"@type\":\"EntryPoint\",\"urlTemplate\":\"https:\\\/\\\/www.3p-event.de\\\/?s={search_term_string}\"},\"query-input\":{\"@type\":\"PropertyValueSpecification\",\"valueRequired\":true,\"valueName\":\"search_term_string\"}}],\"inLanguage\":\"de\"},{\"@type\":\"Organization\",\"@id\":\"https:\\\/\\\/www.3p-event.de\\\/#organization\",\"name\":\"Past Present Promotions GbR\",\"url\":\"https:\\\/\\\/www.3p-event.de\\\/\",\"logo\":{\"@type\":\"ImageObject\",\"inLanguage\":\"de\",\"@id\":\"https:\\\/\\\/www.3p-event.de\\\/#\\\/schema\\\/logo\\\/image\\\/\",\"url\":\"https:\\\/\\\/www.3p-event.de\\\/wp-content\\\/uploads\\\/2016\\\/08\\\/logo_wp_blau_gross.gif\",\"contentUrl\":\"https:\\\/\\\/www.3p-event.de\\\/wp-content\\\/uploads\\\/2016\\\/08\\\/logo_wp_blau_gross.gif\",\"width\":512,\"height\":511,\"caption\":\"Past Present Promotions GbR\"},\"image\":{\"@id\":\"https:\\\/\\\/www.3p-event.de\\\/#\\\/schema\\\/logo\\\/image\\\/\"},\"sameAs\":[\"https:\\\/\\\/www.facebook.com\\\/PastPresentPromotions\"]}]}<\/script>\n<!-- \/ Yoast SEO plugin. -->","yoast_head_json":{"title":"Mittelalter in KiTa und Schule - Past Present Promotions","robots":{"index":"index","follow":"follow","max-snippet":"max-snippet:-1","max-image-preview":"max-image-preview:large","max-video-preview":"max-video-preview:-1"},"canonical":"https:\/\/www.3p-event.de\/?page_id=106","og_locale":"de_DE","og_type":"article","og_title":"Mittelalter in KiTa und Schule - Past Present Promotions","og_description":"Folgende Angebote und Aktionen zum Mittelalter k\u00f6nnen wir in KiTa und Schule anbieten: Der Ritter und sein Schild Modul 1: Ein Mitarbeiter kommt zu Ihnen in h\u00f6fischer Kleidung des sp\u00e4ten 13. Jahrhunderts, mit einer kompletten Ritterr\u00fcstung im Gep\u00e4ck &#8211; und die ziehen die Kinder dem Ritter St\u00fcck f\u00fcr St\u00fcck an. Dabei darf und muss nat\u00fcrlich &hellip; Mittelalter in KiTa und Schule weiterlesen &rarr;","og_url":"https:\/\/www.3p-event.de\/?page_id=106","og_site_name":"Past Present Promotions","article_publisher":"https:\/\/www.facebook.com\/PastPresentPromotions","article_modified_time":"2023-09-17T15:25:27+00:00","og_image":[{"url":"https:\/\/www.3p-event.de\/wp-content\/uploads\/2016\/08\/oli_theoderich.jpg","type":"","width":"","height":""}],"twitter_card":"summary_large_image","twitter_misc":{"Gesch\u00e4tzte Lesezeit":"4\u00a0Minuten"},"schema":{"@context":"https:\/\/schema.org","@graph":[{"@type":"WebPage","@id":"https:\/\/www.3p-event.de\/?page_id=106","url":"https:\/\/www.3p-event.de\/?page_id=106","name":"Mittelalter in KiTa und Schule - Past Present Promotions","isPartOf":{"@id":"https:\/\/www.3p-event.de\/#website"},"primaryImageOfPage":{"@id":"https:\/\/www.3p-event.de\/?page_id=106#primaryimage"},"image":{"@id":"https:\/\/www.3p-event.de\/?page_id=106#primaryimage"},"thumbnailUrl":"https:\/\/www.3p-event.de\/wp-content\/uploads\/2016\/08\/oli_theoderich.jpg","datePublished":"2016-08-18T18:23:38+00:00","dateModified":"2023-09-17T15:25:27+00:00","breadcrumb":{"@id":"https:\/\/www.3p-event.de\/?page_id=106#breadcrumb"},"inLanguage":"de","potentialAction":[{"@type":"ReadAction","target":["https:\/\/www.3p-event.de\/?page_id=106"]}]},{"@type":"ImageObject","inLanguage":"de","@id":"https:\/\/www.3p-event.de\/?page_id=106#primaryimage","url":"https:\/\/www.3p-event.de\/wp-content\/uploads\/2016\/08\/oli_theoderich.jpg","contentUrl":"https:\/\/www.3p-event.de\/wp-content\/uploads\/2016\/08\/oli_theoderich.jpg","width":169,"height":225,"caption":"Einer unserer Ritter: Theoderich II. von Rheinbach"},{"@type":"BreadcrumbList","@id":"https:\/\/www.3p-event.de\/?page_id=106#breadcrumb","itemListElement":[{"@type":"ListItem","position":1,"name":"Startseite","item":"https:\/\/www.3p-event.de\/"},{"@type":"ListItem","position":2,"name":"Lernen mit Spa\u00df","item":"https:\/\/www.3p-event.de\/?page_id=71"},{"@type":"ListItem","position":3,"name":"KiTa und Schule","item":"https:\/\/www.3p-event.de\/?page_id=79"},{"@type":"ListItem","position":4,"name":"Mittelalter in KiTa und Schule"}]},{"@type":"WebSite","@id":"https:\/\/www.3p-event.de\/#website","url":"https:\/\/www.3p-event.de\/","name":"Past Present Promotions","description":"Historische Interpretationen","publisher":{"@id":"https:\/\/www.3p-event.de\/#organization"},"potentialAction":[{"@type":"SearchAction","target":{"@type":"EntryPoint","urlTemplate":"https:\/\/www.3p-event.de\/?s={search_term_string}"},"query-input":{"@type":"PropertyValueSpecification","valueRequired":true,"valueName":"search_term_string"}}],"inLanguage":"de"},{"@type":"Organization","@id":"https:\/\/www.3p-event.de\/#organization","name":"Past Present Promotions GbR","url":"https:\/\/www.3p-event.de\/","logo":{"@type":"ImageObject","inLanguage":"de","@id":"https:\/\/www.3p-event.de\/#\/schema\/logo\/image\/","url":"https:\/\/www.3p-event.de\/wp-content\/uploads\/2016\/08\/logo_wp_blau_gross.gif","contentUrl":"https:\/\/www.3p-event.de\/wp-content\/uploads\/2016\/08\/logo_wp_blau_gross.gif","width":512,"height":511,"caption":"Past Present Promotions GbR"},"image":{"@id":"https:\/\/www.3p-event.de\/#\/schema\/logo\/image\/"},"sameAs":["https:\/\/www.facebook.com\/PastPresentPromotions"]}]}},"_links":{"self":[{"href":"https:\/\/www.3p-event.de\/index.php?rest_route=\/wp\/v2\/pages\/106","targetHints":{"allow":["GET"]}}],"collection":[{"href":"https:\/\/www.3p-event.de\/index.php?rest_route=\/wp\/v2\/pages"}],"about":[{"href":"https:\/\/www.3p-event.de\/index.php?rest_route=\/wp\/v2\/types\/page"}],"author":[{"embeddable":true,"href":"https:\/\/www.3p-event.de\/index.php?rest_route=\/wp\/v2\/users\/1"}],"replies":[{"embeddable":true,"href":"https:\/\/www.3p-event.de\/index.php?rest_route=%2Fwp%2Fv2%2Fcomments&post=106"}],"version-history":[{"count":11,"href":"https:\/\/www.3p-event.de\/index.php?rest_route=\/wp\/v2\/pages\/106\/revisions"}],"predecessor-version":[{"id":507,"href":"https:\/\/www.3p-event.de\/index.php?rest_route=\/wp\/v2\/pages\/106\/revisions\/507"}],"up":[{"embeddable":true,"href":"https:\/\/www.3p-event.de\/index.php?rest_route=\/wp\/v2\/pages\/79"}],"wp:attachment":[{"href":"https:\/\/www.3p-event.de\/index.php?rest_route=%2Fwp%2Fv2%2Fmedia&parent=106"}],"curies":[{"name":"wp","href":"https:\/\/api.w.org\/{rel}","templated":true}]}}