{"id":102,"date":"2016-08-18T17:58:05","date_gmt":"2016-08-18T17:58:05","guid":{"rendered":"http:\/\/s137740124.online.de\/?page_id=102"},"modified":"2023-09-17T15:26:05","modified_gmt":"2023-09-17T15:26:05","slug":"roemer-in-kita-und-schule","status":"publish","type":"page","link":"https:\/\/www.3p-event.de\/?page_id=102","title":{"rendered":"R\u00f6mer in KiTa und Schule"},"content":{"rendered":"<p>Folgende Angebote und Aktionen zu den R\u00f6mern in KiTa, Schule und OGS k\u00f6nnen wir bieten:<\/p>\n<h6>Schreiben und rechnen bei den R\u00f6mern<\/h6>\n<p><strong>Modul 1:<\/strong> Ein Mitarbeiter kommt zu Ihnen in der Kleidung eines r\u00f6mischen Patriziers . Gemeinsam mit ihm\/ihr schauen sich die Kinder verschiedene r\u00f6mische Schriften und die r\u00f6mischen Zahlen an. Die Schrift probieren die Kinder anschlie\u00dfend auf Wachst\u00e4felchen aus. Mit den Zahlen rechnen die Kinder auf einem Abakus.<\/p>\n<p>Dauer: 90 min, Kosten: 120,00 \u20ac<\/p>\n<p><strong>Modul 2 (optional):<\/strong> Unter unserer Anleitung stellen die Kinder ein eigenes Wachst\u00e4felchen mitsamt Schreibgriffel her.<\/p>\n<p>Dauer: 90 min, Kosten: 90,00 \u20ac plus 4,00 \u20ac pro Kind f\u00fcr Material<\/p>\n<p><strong>Modul 3 (optional):<\/strong> Unter unserer Anleitung fertigt sich jedes Kind einen eigenen r\u00f6mischen Abakus.<\/p>\n<p>Dauer: 90 min, Kosten: 90,00 \u20ac plus 4,00 \u20ac pro Kind f\u00fcr Material<\/p>\n<h6>Der Legion\u00e4r und seine R\u00fcstung<\/h6>\n<figure id=\"attachment_104\" aria-describedby=\"caption-attachment-104\" style=\"width: 225px\" class=\"wp-caption alignleft\"><img loading=\"lazy\" decoding=\"async\" class=\"wp-image-104 size-full\" src=\"https:\/\/www.3p-event.de\/wp-content\/uploads\/2016\/08\/2roemer5.jpg\" alt=\"Lustig sind sie, unsere R\u00f6mer\" width=\"225\" height=\"169\" \/><figcaption id=\"caption-attachment-104\" class=\"wp-caption-text\">Lustig sind sie, unsere R\u00f6mer<\/figcaption><\/figure>\n<p><strong>Modul 1:<\/strong> Ein Mitarbeiter kommt zu Ihnen in der Alltagskleidung eines r\u00f6mischen<br \/>\nLegion\u00e4rs. Gemeinsam mit ihm betrachten die Kinder Fotos r\u00f6mischer Soldaten-Grabsteine und erarbeiten sich so ein Bild der r\u00f6mischen Soldaten. Anschlie\u00dfend helfen die Kinder dem Legion\u00e4r in seine R\u00fcstung &#8211; und wieder heraus.<\/p>\n<p>Dauer: 90 min, Kosten: 150,00 \u20ac<\/p>\n<p><strong>Modul 2 (optional):<\/strong> Unter unserer Anleitung basteln die Kinder eine r\u00f6mische Adlerstandarte.<\/p>\n<p>Dauer: 90 min, Kosten: 90,00 \u20ac plus 5,00 \u20ac pro Kind f\u00fcr Material<\/p>\n<p><strong>Wir berechnen 0,30 Euro\u00a0 pro gefahrenem Kilometer.<\/strong><\/p>\n<p>Keines der Angebote entspricht Ihren Vorstellungen? Macht nichts, denn bei uns geht auch noch mehr:<\/p>\n<h6>Provinzialr\u00f6mische Modenschau<\/h6>\n<ul>\n<li>Keltische Frauen- und M\u00e4nnerkleidung<\/li>\n<li>&#8222;germanische&#8220; Frauen- und M\u00e4nnerkleidung<\/li>\n<li>r\u00f6mische Frauen- und M\u00e4nnerkleidung<\/li>\n<\/ul>\n<h6>Die passenden Bastelangebote<\/h6>\n<ul>\n<li>Ein Beutelchen aus Leder<\/li>\n<li>Schuhe aus Filz<\/li>\n<li>Eine Kette aus Draht und Perlen<\/li>\n<\/ul>\n<p>Haben Sie noch weitere W\u00fcnsche: Fordern Sie uns heraus!<\/p>\n","protected":false},"excerpt":{"rendered":"<p>Folgende Angebote und Aktionen zu den R\u00f6mern in KiTa, Schule und OGS k\u00f6nnen wir bieten: Schreiben und rechnen bei den R\u00f6mern Modul 1: Ein Mitarbeiter kommt zu Ihnen in der Kleidung eines r\u00f6mischen Patriziers . Gemeinsam mit ihm\/ihr schauen sich die Kinder verschiedene r\u00f6mische Schriften und die r\u00f6mischen Zahlen an. Die Schrift probieren die Kinder &hellip; <a href=\"https:\/\/www.3p-event.de\/?page_id=102\" class=\"more-link\"><span class=\"screen-reader-text\">R\u00f6mer in KiTa und Schule<\/span> weiterlesen <span class=\"meta-nav\">&rarr;<\/span><\/a><\/p>\n","protected":false},"author":1,"featured_media":0,"parent":79,"menu_order":1,"comment_status":"closed","ping_status":"closed","template":"","meta":{"footnotes":""},"class_list":["post-102","page","type-page","status-publish","hentry"],"yoast_head":"<!-- This site is optimized with the Yoast SEO plugin v27.5 - https:\/\/yoast.com\/product\/yoast-seo-wordpress\/ -->\n<title>R\u00f6mer in KiTa und Schule - Past Present Promotions<\/title>\n<meta name=\"robots\" content=\"index, follow, max-snippet:-1, max-image-preview:large, max-video-preview:-1\" \/>\n<link rel=\"canonical\" href=\"https:\/\/www.3p-event.de\/?page_id=102\" \/>\n<meta property=\"og:locale\" content=\"de_DE\" \/>\n<meta property=\"og:type\" content=\"article\" \/>\n<meta property=\"og:title\" content=\"R\u00f6mer in KiTa und Schule - Past Present Promotions\" \/>\n<meta property=\"og:description\" content=\"Folgende Angebote und Aktionen zu den R\u00f6mern in KiTa, Schule und OGS k\u00f6nnen wir bieten: Schreiben und rechnen bei den R\u00f6mern Modul 1: Ein Mitarbeiter kommt zu Ihnen in der Kleidung eines r\u00f6mischen Patriziers . Gemeinsam mit ihm\/ihr schauen sich die Kinder verschiedene r\u00f6mische Schriften und die r\u00f6mischen Zahlen an. Die Schrift probieren die Kinder &hellip; R\u00f6mer in KiTa und Schule weiterlesen &rarr;\" \/>\n<meta property=\"og:url\" content=\"https:\/\/www.3p-event.de\/?page_id=102\" \/>\n<meta property=\"og:site_name\" content=\"Past Present Promotions\" \/>\n<meta property=\"article:publisher\" content=\"https:\/\/www.facebook.com\/PastPresentPromotions\" \/>\n<meta property=\"article:modified_time\" content=\"2023-09-17T15:26:05+00:00\" \/>\n<meta property=\"og:image\" content=\"https:\/\/www.3p-event.de\/wp-content\/uploads\/2016\/08\/2roemer5.jpg\" \/>\n<meta name=\"twitter:card\" content=\"summary_large_image\" \/>\n<meta name=\"twitter:label1\" content=\"Gesch\u00e4tzte Lesezeit\" \/>\n\t<meta name=\"twitter:data1\" content=\"2\u00a0Minuten\" \/>\n<script type=\"application\/ld+json\" class=\"yoast-schema-graph\">{\"@context\":\"https:\\\/\\\/schema.org\",\"@graph\":[{\"@type\":\"WebPage\",\"@id\":\"https:\\\/\\\/www.3p-event.de\\\/?page_id=102\",\"url\":\"https:\\\/\\\/www.3p-event.de\\\/?page_id=102\",\"name\":\"R\u00f6mer in KiTa und Schule - Past Present Promotions\",\"isPartOf\":{\"@id\":\"https:\\\/\\\/www.3p-event.de\\\/#website\"},\"primaryImageOfPage\":{\"@id\":\"https:\\\/\\\/www.3p-event.de\\\/?page_id=102#primaryimage\"},\"image\":{\"@id\":\"https:\\\/\\\/www.3p-event.de\\\/?page_id=102#primaryimage\"},\"thumbnailUrl\":\"https:\\\/\\\/www.3p-event.de\\\/wp-content\\\/uploads\\\/2016\\\/08\\\/2roemer5.jpg\",\"datePublished\":\"2016-08-18T17:58:05+00:00\",\"dateModified\":\"2023-09-17T15:26:05+00:00\",\"breadcrumb\":{\"@id\":\"https:\\\/\\\/www.3p-event.de\\\/?page_id=102#breadcrumb\"},\"inLanguage\":\"de\",\"potentialAction\":[{\"@type\":\"ReadAction\",\"target\":[\"https:\\\/\\\/www.3p-event.de\\\/?page_id=102\"]}]},{\"@type\":\"ImageObject\",\"inLanguage\":\"de\",\"@id\":\"https:\\\/\\\/www.3p-event.de\\\/?page_id=102#primaryimage\",\"url\":\"https:\\\/\\\/www.3p-event.de\\\/wp-content\\\/uploads\\\/2016\\\/08\\\/2roemer5.jpg\",\"contentUrl\":\"https:\\\/\\\/www.3p-event.de\\\/wp-content\\\/uploads\\\/2016\\\/08\\\/2roemer5.jpg\",\"width\":225,\"height\":169,\"caption\":\"Lustig sind sie, unsere R\u00f6mer\"},{\"@type\":\"BreadcrumbList\",\"@id\":\"https:\\\/\\\/www.3p-event.de\\\/?page_id=102#breadcrumb\",\"itemListElement\":[{\"@type\":\"ListItem\",\"position\":1,\"name\":\"Startseite\",\"item\":\"https:\\\/\\\/www.3p-event.de\\\/\"},{\"@type\":\"ListItem\",\"position\":2,\"name\":\"Lernen mit Spa\u00df\",\"item\":\"https:\\\/\\\/www.3p-event.de\\\/?page_id=71\"},{\"@type\":\"ListItem\",\"position\":3,\"name\":\"KiTa und Schule\",\"item\":\"https:\\\/\\\/www.3p-event.de\\\/?page_id=79\"},{\"@type\":\"ListItem\",\"position\":4,\"name\":\"R\u00f6mer in KiTa und Schule\"}]},{\"@type\":\"WebSite\",\"@id\":\"https:\\\/\\\/www.3p-event.de\\\/#website\",\"url\":\"https:\\\/\\\/www.3p-event.de\\\/\",\"name\":\"Past Present Promotions\",\"description\":\"Historische Interpretationen\",\"publisher\":{\"@id\":\"https:\\\/\\\/www.3p-event.de\\\/#organization\"},\"potentialAction\":[{\"@type\":\"SearchAction\",\"target\":{\"@type\":\"EntryPoint\",\"urlTemplate\":\"https:\\\/\\\/www.3p-event.de\\\/?s={search_term_string}\"},\"query-input\":{\"@type\":\"PropertyValueSpecification\",\"valueRequired\":true,\"valueName\":\"search_term_string\"}}],\"inLanguage\":\"de\"},{\"@type\":\"Organization\",\"@id\":\"https:\\\/\\\/www.3p-event.de\\\/#organization\",\"name\":\"Past Present Promotions GbR\",\"url\":\"https:\\\/\\\/www.3p-event.de\\\/\",\"logo\":{\"@type\":\"ImageObject\",\"inLanguage\":\"de\",\"@id\":\"https:\\\/\\\/www.3p-event.de\\\/#\\\/schema\\\/logo\\\/image\\\/\",\"url\":\"https:\\\/\\\/www.3p-event.de\\\/wp-content\\\/uploads\\\/2016\\\/08\\\/logo_wp_blau_gross.gif\",\"contentUrl\":\"https:\\\/\\\/www.3p-event.de\\\/wp-content\\\/uploads\\\/2016\\\/08\\\/logo_wp_blau_gross.gif\",\"width\":512,\"height\":511,\"caption\":\"Past Present Promotions GbR\"},\"image\":{\"@id\":\"https:\\\/\\\/www.3p-event.de\\\/#\\\/schema\\\/logo\\\/image\\\/\"},\"sameAs\":[\"https:\\\/\\\/www.facebook.com\\\/PastPresentPromotions\"]}]}<\/script>\n<!-- \/ Yoast SEO plugin. -->","yoast_head_json":{"title":"R\u00f6mer in KiTa und Schule - Past Present Promotions","robots":{"index":"index","follow":"follow","max-snippet":"max-snippet:-1","max-image-preview":"max-image-preview:large","max-video-preview":"max-video-preview:-1"},"canonical":"https:\/\/www.3p-event.de\/?page_id=102","og_locale":"de_DE","og_type":"article","og_title":"R\u00f6mer in KiTa und Schule - Past Present Promotions","og_description":"Folgende Angebote und Aktionen zu den R\u00f6mern in KiTa, Schule und OGS k\u00f6nnen wir bieten: Schreiben und rechnen bei den R\u00f6mern Modul 1: Ein Mitarbeiter kommt zu Ihnen in der Kleidung eines r\u00f6mischen Patriziers . Gemeinsam mit ihm\/ihr schauen sich die Kinder verschiedene r\u00f6mische Schriften und die r\u00f6mischen Zahlen an. Die Schrift probieren die Kinder &hellip; R\u00f6mer in KiTa und Schule weiterlesen &rarr;","og_url":"https:\/\/www.3p-event.de\/?page_id=102","og_site_name":"Past Present Promotions","article_publisher":"https:\/\/www.facebook.com\/PastPresentPromotions","article_modified_time":"2023-09-17T15:26:05+00:00","og_image":[{"url":"https:\/\/www.3p-event.de\/wp-content\/uploads\/2016\/08\/2roemer5.jpg","type":"","width":"","height":""}],"twitter_card":"summary_large_image","twitter_misc":{"Gesch\u00e4tzte Lesezeit":"2\u00a0Minuten"},"schema":{"@context":"https:\/\/schema.org","@graph":[{"@type":"WebPage","@id":"https:\/\/www.3p-event.de\/?page_id=102","url":"https:\/\/www.3p-event.de\/?page_id=102","name":"R\u00f6mer in KiTa und Schule - Past Present Promotions","isPartOf":{"@id":"https:\/\/www.3p-event.de\/#website"},"primaryImageOfPage":{"@id":"https:\/\/www.3p-event.de\/?page_id=102#primaryimage"},"image":{"@id":"https:\/\/www.3p-event.de\/?page_id=102#primaryimage"},"thumbnailUrl":"https:\/\/www.3p-event.de\/wp-content\/uploads\/2016\/08\/2roemer5.jpg","datePublished":"2016-08-18T17:58:05+00:00","dateModified":"2023-09-17T15:26:05+00:00","breadcrumb":{"@id":"https:\/\/www.3p-event.de\/?page_id=102#breadcrumb"},"inLanguage":"de","potentialAction":[{"@type":"ReadAction","target":["https:\/\/www.3p-event.de\/?page_id=102"]}]},{"@type":"ImageObject","inLanguage":"de","@id":"https:\/\/www.3p-event.de\/?page_id=102#primaryimage","url":"https:\/\/www.3p-event.de\/wp-content\/uploads\/2016\/08\/2roemer5.jpg","contentUrl":"https:\/\/www.3p-event.de\/wp-content\/uploads\/2016\/08\/2roemer5.jpg","width":225,"height":169,"caption":"Lustig sind sie, unsere R\u00f6mer"},{"@type":"BreadcrumbList","@id":"https:\/\/www.3p-event.de\/?page_id=102#breadcrumb","itemListElement":[{"@type":"ListItem","position":1,"name":"Startseite","item":"https:\/\/www.3p-event.de\/"},{"@type":"ListItem","position":2,"name":"Lernen mit Spa\u00df","item":"https:\/\/www.3p-event.de\/?page_id=71"},{"@type":"ListItem","position":3,"name":"KiTa und Schule","item":"https:\/\/www.3p-event.de\/?page_id=79"},{"@type":"ListItem","position":4,"name":"R\u00f6mer in KiTa und Schule"}]},{"@type":"WebSite","@id":"https:\/\/www.3p-event.de\/#website","url":"https:\/\/www.3p-event.de\/","name":"Past Present Promotions","description":"Historische Interpretationen","publisher":{"@id":"https:\/\/www.3p-event.de\/#organization"},"potentialAction":[{"@type":"SearchAction","target":{"@type":"EntryPoint","urlTemplate":"https:\/\/www.3p-event.de\/?s={search_term_string}"},"query-input":{"@type":"PropertyValueSpecification","valueRequired":true,"valueName":"search_term_string"}}],"inLanguage":"de"},{"@type":"Organization","@id":"https:\/\/www.3p-event.de\/#organization","name":"Past Present Promotions GbR","url":"https:\/\/www.3p-event.de\/","logo":{"@type":"ImageObject","inLanguage":"de","@id":"https:\/\/www.3p-event.de\/#\/schema\/logo\/image\/","url":"https:\/\/www.3p-event.de\/wp-content\/uploads\/2016\/08\/logo_wp_blau_gross.gif","contentUrl":"https:\/\/www.3p-event.de\/wp-content\/uploads\/2016\/08\/logo_wp_blau_gross.gif","width":512,"height":511,"caption":"Past Present Promotions GbR"},"image":{"@id":"https:\/\/www.3p-event.de\/#\/schema\/logo\/image\/"},"sameAs":["https:\/\/www.facebook.com\/PastPresentPromotions"]}]}},"_links":{"self":[{"href":"https:\/\/www.3p-event.de\/index.php?rest_route=\/wp\/v2\/pages\/102","targetHints":{"allow":["GET"]}}],"collection":[{"href":"https:\/\/www.3p-event.de\/index.php?rest_route=\/wp\/v2\/pages"}],"about":[{"href":"https:\/\/www.3p-event.de\/index.php?rest_route=\/wp\/v2\/types\/page"}],"author":[{"embeddable":true,"href":"https:\/\/www.3p-event.de\/index.php?rest_route=\/wp\/v2\/users\/1"}],"replies":[{"embeddable":true,"href":"https:\/\/www.3p-event.de\/index.php?rest_route=%2Fwp%2Fv2%2Fcomments&post=102"}],"version-history":[{"count":11,"href":"https:\/\/www.3p-event.de\/index.php?rest_route=\/wp\/v2\/pages\/102\/revisions"}],"predecessor-version":[{"id":508,"href":"https:\/\/www.3p-event.de\/index.php?rest_route=\/wp\/v2\/pages\/102\/revisions\/508"}],"up":[{"embeddable":true,"href":"https:\/\/www.3p-event.de\/index.php?rest_route=\/wp\/v2\/pages\/79"}],"wp:attachment":[{"href":"https:\/\/www.3p-event.de\/index.php?rest_route=%2Fwp%2Fv2%2Fmedia&parent=102"}],"curies":[{"name":"wp","href":"https:\/\/api.w.org\/{rel}","templated":true}]}}